{"id":58493,"date":"2022-03-15T11:06:24","date_gmt":"2022-03-17T16:17:03","guid":{"rendered":"https:\/\/clinicadeansiedad.com\/producto\/primera-visita-de-psicologia-o-psiquiatria\/"},"modified":"2022-04-18T07:57:34","modified_gmt":"2022-04-18T07:57:34","slug":"primera-visita-de-psicologia-o-psiquiatria","status":"publish","type":"product","link":"https:\/\/clinicadeansiedad.com\/ca\/producto\/primera-visita-de-psicologia-o-psiquiatria\/","title":{"rendered":"Primera visita de psicologia o psiquiatria"},"content":{"rendered":"&#13;\n<p><strong>Descripci\u00f3<\/strong>: La primera entrevista normalment t\u00e9 dues parts: una primera, on s&#8217;inicia el proc\u00e9s d&#8217;exploraci\u00f3 amb l&#8217;objectiu de con\u00e8ixer m\u00ednimament el pacient, la seva circumst\u00e0ncia i assolir una impressi\u00f3 diagn\u00f2stica inicial; i una segona, on l&#8217;especialista fa una primera valoraci\u00f3 del cas: hip\u00f2tesi diagn\u00f2stica, diagn\u00f2stic diferencial, exploracions complement\u00e0ries, emplenament de l&#8217;expedient cl\u00ednic, necessitats terap\u00e8utiques, objectius, recursos terap\u00e8utics, temps, etc.<\/p>&#13;\n&#13;\n<p><strong>Duraci\u00f3<\/strong>: Psicologia: 60 minuts. Psiquiatria: 30 minuts<\/p>&#13;\n&#13;\n<p><strong>No contracti ni aboni els nostres serveis sense abans haver-se posat en contacte amb nosaltres per concertar-los i planificar-los.<\/strong><\/p>&#13;\n","protected":false},"excerpt":{"rendered":"<p>&#13; Descripci\u00f3: La primera entrevista normalment t\u00e9 dues parts: una primera, on s&#8217;inicia el proc\u00e9s d&#8217;exploraci\u00f3 amb l&#8217;objectiu de con\u00e8ixer m\u00ednimament el pacient, la seva circumst\u00e0ncia i assolir una impressi\u00f3 diagn\u00f2stica inicial; i una segona, on l&#8217;especialista fa una primera valoraci\u00f3 del cas: hip\u00f2tesi diagn\u00f2stica, diagn\u00f2stic diferencial, exploracions complement\u00e0ries, emplenament de l&#8217;expedient cl\u00ednic, necessitats terap\u00e8utiques, [&hellip;]<\/p>\n","protected":false},"featured_media":60313,"comment_status":"open","ping_status":"closed","template":"","meta":{"_bbp_topic_count":0,"_bbp_reply_count":0,"_bbp_total_topic_count":0,"_bbp_total_reply_count":0,"_bbp_voice_count":0,"_bbp_anonymous_reply_count":0,"_bbp_topic_count_hidden":0,"_bbp_reply_count_hidden":0,"_bbp_forum_subforum_count":0,"_joinchat":[]},"product_brand":[],"product_cat":[145],"product_tag":[],"class_list":{"0":"post-58493","1":"product","2":"type-product","3":"status-publish","4":"has-post-thumbnail","6":"product_cat-sense-categoria","8":"first","9":"instock","10":"shipping-taxable","11":"purchasable","12":"product-type-simple"},"yoast_head":"<!-- This site is optimized with the Yoast SEO plugin v27.5 - https:\/\/yoast.com\/product\/yoast-seo-wordpress\/ -->\n<title>Primera visita de psicologia o psiquiatria - Cl\u00ednica de la Ansiedad<\/title>\n<meta name=\"robots\" content=\"index, follow, max-snippet:-1, max-image-preview:large, max-video-preview:-1\" \/>\n<link rel=\"canonical\" href=\"https:\/\/clinicadeansiedad.com\/ca\/producto\/primera-visita-de-psicologia-o-psiquiatria\/\" \/>\n<meta property=\"og:locale\" content=\"ca_ES\" \/>\n<meta property=\"og:type\" content=\"article\" \/>\n<meta property=\"og:title\" content=\"Primera visita de psicologia o psiquiatria - Cl\u00ednica de la Ansiedad\" \/>\n<meta property=\"og:description\" content=\"&#013; Descripci\u00f3: La primera entrevista normalment t\u00e9 dues parts: una primera, on s&#8217;inicia el proc\u00e9s d&#8217;exploraci\u00f3 amb l&#8217;objectiu de con\u00e8ixer m\u00ednimament el pacient, la seva circumst\u00e0ncia i assolir una impressi\u00f3 diagn\u00f2stica inicial; i una segona, on l&#8217;especialista fa una primera valoraci\u00f3 del cas: hip\u00f2tesi diagn\u00f2stica, diagn\u00f2stic diferencial, exploracions complement\u00e0ries, emplenament de l&#8217;expedient cl\u00ednic, necessitats terap\u00e8utiques, [&hellip;]\" \/>\n<meta property=\"og:url\" content=\"https:\/\/clinicadeansiedad.com\/ca\/producto\/primera-visita-de-psicologia-o-psiquiatria\/\" \/>\n<meta property=\"og:site_name\" content=\"Cl\u00ednica de la Ansiedad\" \/>\n<meta property=\"article:modified_time\" content=\"2022-04-18T07:57:34+00:00\" \/>\n<meta property=\"og:image\" content=\"https:\/\/clinicadeansiedad.com\/wp-content\/uploads\/2022\/03\/ayuda-medica-4-scaled.jpg\" \/>\n\t<meta property=\"og:image:width\" content=\"2560\" \/>\n\t<meta property=\"og:image:height\" content=\"1584\" \/>\n\t<meta property=\"og:image:type\" content=\"image\/jpeg\" \/>\n<meta name=\"twitter:card\" content=\"summary_large_image\" \/>\n<script type=\"application\/ld+json\" class=\"yoast-schema-graph\">{\"@context\":\"https:\\\/\\\/schema.org\",\"@graph\":[{\"@type\":\"WebPage\",\"@id\":\"https:\\\/\\\/clinicadeansiedad.com\\\/ca\\\/producto\\\/primera-visita-de-psicologia-o-psiquiatria\\\/\",\"url\":\"https:\\\/\\\/clinicadeansiedad.com\\\/ca\\\/producto\\\/primera-visita-de-psicologia-o-psiquiatria\\\/\",\"name\":\"Primera visita de psicologia o psiquiatria - Cl\u00ednica de la Ansiedad\",\"isPartOf\":{\"@id\":\"https:\\\/\\\/clinicadeansiedad.com\\\/ca\\\/#website\"},\"primaryImageOfPage\":{\"@id\":\"https:\\\/\\\/clinicadeansiedad.com\\\/ca\\\/producto\\\/primera-visita-de-psicologia-o-psiquiatria\\\/#primaryimage\"},\"image\":{\"@id\":\"https:\\\/\\\/clinicadeansiedad.com\\\/ca\\\/producto\\\/primera-visita-de-psicologia-o-psiquiatria\\\/#primaryimage\"},\"thumbnailUrl\":\"https:\\\/\\\/clinicadeansiedad.com\\\/wp-content\\\/uploads\\\/2022\\\/03\\\/ayuda-medica-4-scaled.jpg\",\"datePublished\":\"2022-03-17T16:17:03+00:00\",\"dateModified\":\"2022-04-18T07:57:34+00:00\",\"breadcrumb\":{\"@id\":\"https:\\\/\\\/clinicadeansiedad.com\\\/ca\\\/producto\\\/primera-visita-de-psicologia-o-psiquiatria\\\/#breadcrumb\"},\"inLanguage\":\"ca\",\"potentialAction\":[{\"@type\":\"ReadAction\",\"target\":[\"https:\\\/\\\/clinicadeansiedad.com\\\/ca\\\/producto\\\/primera-visita-de-psicologia-o-psiquiatria\\\/\"]}]},{\"@type\":\"ImageObject\",\"inLanguage\":\"ca\",\"@id\":\"https:\\\/\\\/clinicadeansiedad.com\\\/ca\\\/producto\\\/primera-visita-de-psicologia-o-psiquiatria\\\/#primaryimage\",\"url\":\"https:\\\/\\\/clinicadeansiedad.com\\\/wp-content\\\/uploads\\\/2022\\\/03\\\/ayuda-medica-4-scaled.jpg\",\"contentUrl\":\"https:\\\/\\\/clinicadeansiedad.com\\\/wp-content\\\/uploads\\\/2022\\\/03\\\/ayuda-medica-4-scaled.jpg\",\"width\":2560,\"height\":1584},{\"@type\":\"BreadcrumbList\",\"@id\":\"https:\\\/\\\/clinicadeansiedad.com\\\/ca\\\/producto\\\/primera-visita-de-psicologia-o-psiquiatria\\\/#breadcrumb\",\"itemListElement\":[{\"@type\":\"ListItem\",\"position\":1,\"name\":\"Portada\",\"item\":\"https:\\\/\\\/clinicadeansiedad.com\\\/ca\\\/\"},{\"@type\":\"ListItem\",\"position\":2,\"name\":\"Tienda\",\"item\":\"https:\\\/\\\/clinicadeansiedad.com\\\/tienda\\\/\"},{\"@type\":\"ListItem\",\"position\":3,\"name\":\"Primera visita de psicologia o psiquiatria\"}]},{\"@type\":\"WebSite\",\"@id\":\"https:\\\/\\\/clinicadeansiedad.com\\\/ca\\\/#website\",\"url\":\"https:\\\/\\\/clinicadeansiedad.com\\\/ca\\\/\",\"name\":\"Cl\u00ednica de la Ansiedad\",\"description\":\"\",\"publisher\":{\"@id\":\"https:\\\/\\\/clinicadeansiedad.com\\\/ca\\\/#organization\"},\"potentialAction\":[{\"@type\":\"SearchAction\",\"target\":{\"@type\":\"EntryPoint\",\"urlTemplate\":\"https:\\\/\\\/clinicadeansiedad.com\\\/ca\\\/?s={search_term_string}\"},\"query-input\":{\"@type\":\"PropertyValueSpecification\",\"valueRequired\":true,\"valueName\":\"search_term_string\"}}],\"inLanguage\":\"ca\"},{\"@type\":\"Organization\",\"@id\":\"https:\\\/\\\/clinicadeansiedad.com\\\/ca\\\/#organization\",\"name\":\"Cl\u00ednica de la Ansiedad\",\"url\":\"https:\\\/\\\/clinicadeansiedad.com\\\/ca\\\/\",\"logo\":{\"@type\":\"ImageObject\",\"inLanguage\":\"ca\",\"@id\":\"https:\\\/\\\/clinicadeansiedad.com\\\/ca\\\/#\\\/schema\\\/logo\\\/image\\\/\",\"url\":\"https:\\\/\\\/clinicadeansiedad.com\\\/wp-content\\\/uploads\\\/2020\\\/12\\\/cropped-logo_app-1-scaled-1.jpg\",\"contentUrl\":\"https:\\\/\\\/clinicadeansiedad.com\\\/wp-content\\\/uploads\\\/2020\\\/12\\\/cropped-logo_app-1-scaled-1.jpg\",\"width\":2555,\"height\":1923,\"caption\":\"Cl\u00ednica de la Ansiedad\"},\"image\":{\"@id\":\"https:\\\/\\\/clinicadeansiedad.com\\\/ca\\\/#\\\/schema\\\/logo\\\/image\\\/\"}}]}<\/script>\n<!-- \/ Yoast SEO plugin. -->","yoast_head_json":{"title":"Primera visita de psicologia o psiquiatria - Cl\u00ednica de la Ansiedad","robots":{"index":"index","follow":"follow","max-snippet":"max-snippet:-1","max-image-preview":"max-image-preview:large","max-video-preview":"max-video-preview:-1"},"canonical":"https:\/\/clinicadeansiedad.com\/ca\/producto\/primera-visita-de-psicologia-o-psiquiatria\/","og_locale":"ca_ES","og_type":"article","og_title":"Primera visita de psicologia o psiquiatria - Cl\u00ednica de la Ansiedad","og_description":"&#13; Descripci\u00f3: La primera entrevista normalment t\u00e9 dues parts: una primera, on s&#8217;inicia el proc\u00e9s d&#8217;exploraci\u00f3 amb l&#8217;objectiu de con\u00e8ixer m\u00ednimament el pacient, la seva circumst\u00e0ncia i assolir una impressi\u00f3 diagn\u00f2stica inicial; i una segona, on l&#8217;especialista fa una primera valoraci\u00f3 del cas: hip\u00f2tesi diagn\u00f2stica, diagn\u00f2stic diferencial, exploracions complement\u00e0ries, emplenament de l&#8217;expedient cl\u00ednic, necessitats terap\u00e8utiques, [&hellip;]","og_url":"https:\/\/clinicadeansiedad.com\/ca\/producto\/primera-visita-de-psicologia-o-psiquiatria\/","og_site_name":"Cl\u00ednica de la Ansiedad","article_modified_time":"2022-04-18T07:57:34+00:00","og_image":[{"width":2560,"height":1584,"url":"https:\/\/clinicadeansiedad.com\/wp-content\/uploads\/2022\/03\/ayuda-medica-4-scaled.jpg","type":"image\/jpeg"}],"twitter_card":"summary_large_image","schema":{"@context":"https:\/\/schema.org","@graph":[{"@type":"WebPage","@id":"https:\/\/clinicadeansiedad.com\/ca\/producto\/primera-visita-de-psicologia-o-psiquiatria\/","url":"https:\/\/clinicadeansiedad.com\/ca\/producto\/primera-visita-de-psicologia-o-psiquiatria\/","name":"Primera visita de psicologia o psiquiatria - Cl\u00ednica de la Ansiedad","isPartOf":{"@id":"https:\/\/clinicadeansiedad.com\/ca\/#website"},"primaryImageOfPage":{"@id":"https:\/\/clinicadeansiedad.com\/ca\/producto\/primera-visita-de-psicologia-o-psiquiatria\/#primaryimage"},"image":{"@id":"https:\/\/clinicadeansiedad.com\/ca\/producto\/primera-visita-de-psicologia-o-psiquiatria\/#primaryimage"},"thumbnailUrl":"https:\/\/clinicadeansiedad.com\/wp-content\/uploads\/2022\/03\/ayuda-medica-4-scaled.jpg","datePublished":"2022-03-17T16:17:03+00:00","dateModified":"2022-04-18T07:57:34+00:00","breadcrumb":{"@id":"https:\/\/clinicadeansiedad.com\/ca\/producto\/primera-visita-de-psicologia-o-psiquiatria\/#breadcrumb"},"inLanguage":"ca","potentialAction":[{"@type":"ReadAction","target":["https:\/\/clinicadeansiedad.com\/ca\/producto\/primera-visita-de-psicologia-o-psiquiatria\/"]}]},{"@type":"ImageObject","inLanguage":"ca","@id":"https:\/\/clinicadeansiedad.com\/ca\/producto\/primera-visita-de-psicologia-o-psiquiatria\/#primaryimage","url":"https:\/\/clinicadeansiedad.com\/wp-content\/uploads\/2022\/03\/ayuda-medica-4-scaled.jpg","contentUrl":"https:\/\/clinicadeansiedad.com\/wp-content\/uploads\/2022\/03\/ayuda-medica-4-scaled.jpg","width":2560,"height":1584},{"@type":"BreadcrumbList","@id":"https:\/\/clinicadeansiedad.com\/ca\/producto\/primera-visita-de-psicologia-o-psiquiatria\/#breadcrumb","itemListElement":[{"@type":"ListItem","position":1,"name":"Portada","item":"https:\/\/clinicadeansiedad.com\/ca\/"},{"@type":"ListItem","position":2,"name":"Tienda","item":"https:\/\/clinicadeansiedad.com\/tienda\/"},{"@type":"ListItem","position":3,"name":"Primera visita de psicologia o psiquiatria"}]},{"@type":"WebSite","@id":"https:\/\/clinicadeansiedad.com\/ca\/#website","url":"https:\/\/clinicadeansiedad.com\/ca\/","name":"Cl\u00ednica de la Ansiedad","description":"","publisher":{"@id":"https:\/\/clinicadeansiedad.com\/ca\/#organization"},"potentialAction":[{"@type":"SearchAction","target":{"@type":"EntryPoint","urlTemplate":"https:\/\/clinicadeansiedad.com\/ca\/?s={search_term_string}"},"query-input":{"@type":"PropertyValueSpecification","valueRequired":true,"valueName":"search_term_string"}}],"inLanguage":"ca"},{"@type":"Organization","@id":"https:\/\/clinicadeansiedad.com\/ca\/#organization","name":"Cl\u00ednica de la Ansiedad","url":"https:\/\/clinicadeansiedad.com\/ca\/","logo":{"@type":"ImageObject","inLanguage":"ca","@id":"https:\/\/clinicadeansiedad.com\/ca\/#\/schema\/logo\/image\/","url":"https:\/\/clinicadeansiedad.com\/wp-content\/uploads\/2020\/12\/cropped-logo_app-1-scaled-1.jpg","contentUrl":"https:\/\/clinicadeansiedad.com\/wp-content\/uploads\/2020\/12\/cropped-logo_app-1-scaled-1.jpg","width":2555,"height":1923,"caption":"Cl\u00ednica de la Ansiedad"},"image":{"@id":"https:\/\/clinicadeansiedad.com\/ca\/#\/schema\/logo\/image\/"}}]}},"_links":{"self":[{"href":"https:\/\/clinicadeansiedad.com\/ca\/wp-json\/wp\/v2\/product\/58493","targetHints":{"allow":["GET"]}}],"collection":[{"href":"https:\/\/clinicadeansiedad.com\/ca\/wp-json\/wp\/v2\/product"}],"about":[{"href":"https:\/\/clinicadeansiedad.com\/ca\/wp-json\/wp\/v2\/types\/product"}],"replies":[{"embeddable":true,"href":"https:\/\/clinicadeansiedad.com\/ca\/wp-json\/wp\/v2\/comments?post=58493"}],"wp:featuredmedia":[{"embeddable":true,"href":"https:\/\/clinicadeansiedad.com\/ca\/wp-json\/wp\/v2\/media\/60313"}],"wp:attachment":[{"href":"https:\/\/clinicadeansiedad.com\/ca\/wp-json\/wp\/v2\/media?parent=58493"}],"wp:term":[{"taxonomy":"product_brand","embeddable":true,"href":"https:\/\/clinicadeansiedad.com\/ca\/wp-json\/wp\/v2\/product_brand?post=58493"},{"taxonomy":"product_cat","embeddable":true,"href":"https:\/\/clinicadeansiedad.com\/ca\/wp-json\/wp\/v2\/product_cat?post=58493"},{"taxonomy":"product_tag","embeddable":true,"href":"https:\/\/clinicadeansiedad.com\/ca\/wp-json\/wp\/v2\/product_tag?post=58493"}],"curies":[{"name":"wp","href":"https:\/\/api.w.org\/{rel}","templated":true}]}}