{"id":66976,"date":"2025-04-02T23:27:30","date_gmt":"2025-04-02T21:27:30","guid":{"rendered":"https:\/\/clinicadeansiedad.com\/qui-som\/sendoa-quijada-martin\/"},"modified":"2025-04-04T09:46:16","modified_gmt":"2025-04-04T07:46:16","slug":"sendoa-quijada-martin","status":"publish","type":"page","link":"https:\/\/clinicadeansiedad.com\/ca\/qui-som\/sendoa-quijada-martin\/","title":{"rendered":"Sendoa Quijada Mart\u00edn"},"content":{"rendered":"\t\t<div data-elementor-type=\"wp-page\" data-elementor-id=\"66976\" class=\"elementor elementor-66976 elementor-66971\" data-elementor-post-type=\"page\">\n\t\t\t\t\t\t<section class=\"elementor-section elementor-top-section elementor-element elementor-element-41dd297 elementor-section-boxed elementor-section-height-default elementor-section-height-default\" data-id=\"41dd297\" data-element_type=\"section\" data-e-type=\"section\">\n\t\t\t\t\t\t<div class=\"elementor-container elementor-column-gap-default\">\n\t\t\t\t\t<div class=\"elementor-column elementor-col-100 elementor-top-column elementor-element elementor-element-e466f0b\" data-id=\"e466f0b\" data-element_type=\"column\" data-e-type=\"column\">\n\t\t\t<div class=\"elementor-widget-wrap elementor-element-populated\">\n\t\t\t\t\t\t<div class=\"elementor-element elementor-element-dbe4d2a elementor-widget elementor-widget-heading\" data-id=\"dbe4d2a\" data-element_type=\"widget\" data-e-type=\"widget\" data-widget_type=\"heading.default\">\n\t\t\t\t<div class=\"elementor-widget-container\">\n\t\t\t\t\t<h2 class=\"elementor-heading-title elementor-size-default\">Qui Som<\/h2>\t\t\t\t<\/div>\n\t\t\t\t<\/div>\n\t\t\t\t<div class=\"elementor-element elementor-element-57c5b79 elementor-widget elementor-widget-heading\" data-id=\"57c5b79\" data-element_type=\"widget\" data-e-type=\"widget\" data-widget_type=\"heading.default\">\n\t\t\t\t<div class=\"elementor-widget-container\">\n\t\t\t\t\t<h2 class=\"elementor-heading-title elementor-size-default\">Sendoa Quijada Mart\u00edn<\/h2>\t\t\t\t<\/div>\n\t\t\t\t<\/div>\n\t\t\t\t<section class=\"elementor-section elementor-inner-section elementor-element elementor-element-0697b01 elementor-section-boxed elementor-section-height-default elementor-section-height-default\" data-id=\"0697b01\" data-element_type=\"section\" data-e-type=\"section\">\n\t\t\t\t\t\t<div class=\"elementor-container elementor-column-gap-default\">\n\t\t\t\t\t<div class=\"elementor-column elementor-col-50 elementor-inner-column elementor-element elementor-element-f1ce465\" data-id=\"f1ce465\" data-element_type=\"column\" data-e-type=\"column\">\n\t\t\t<div class=\"elementor-widget-wrap elementor-element-populated\">\n\t\t\t\t\t\t<div class=\"elementor-element elementor-element-fa5c2b0 elementor-widget elementor-widget-image\" data-id=\"fa5c2b0\" data-element_type=\"widget\" data-e-type=\"widget\" data-widget_type=\"image.default\">\n\t\t\t\t<div class=\"elementor-widget-container\">\n\t\t\t\t\t\t\t\t\t\t\t\t\t\t\t<img fetchpriority=\"high\" decoding=\"async\" width=\"580\" height=\"642\" src=\"https:\/\/clinicadeansiedad.com\/wp-content\/uploads\/2025\/04\/dr-sendoa-quijada-clinica-de-la-ansiedad.jpg\" class=\"attachment-large size-large wp-image-66967\" alt=\"Dr. Sendoa Quijada\" srcset=\"https:\/\/clinicadeansiedad.com\/wp-content\/uploads\/2025\/04\/dr-sendoa-quijada-clinica-de-la-ansiedad.jpg 715w, https:\/\/clinicadeansiedad.com\/wp-content\/uploads\/2025\/04\/dr-sendoa-quijada-clinica-de-la-ansiedad-271x300.jpg 271w, https:\/\/clinicadeansiedad.com\/wp-content\/uploads\/2025\/04\/dr-sendoa-quijada-clinica-de-la-ansiedad-600x664.jpg 600w\" sizes=\"(max-width: 580px) 100vw, 580px\" \/>\t\t\t\t\t\t\t\t\t\t\t\t\t\t\t<\/div>\n\t\t\t\t<\/div>\n\t\t\t\t\t<\/div>\n\t\t<\/div>\n\t\t\t\t<div class=\"elementor-column elementor-col-50 elementor-inner-column elementor-element elementor-element-0b8240c\" data-id=\"0b8240c\" data-element_type=\"column\" data-e-type=\"column\">\n\t\t\t<div class=\"elementor-widget-wrap elementor-element-populated\">\n\t\t\t\t\t\t<div class=\"elementor-element elementor-element-a5a78da elementor-widget elementor-widget-text-editor\" data-id=\"a5a78da\" data-element_type=\"widget\" data-e-type=\"widget\" data-widget_type=\"text-editor.default\">\n\t\t\t\t<div class=\"elementor-widget-container\">\n\t\t\t\t\t\t\t\t\t<ul>\n \t<li>Llicenciat en Medicina i Cirurgia per la Universitat del Pa\u00eds Basc.<\/li>\n \t<li>Especialista en Psiquiatria. Hospital Universitari de Burgos.<\/li>\n \t<li>Membre del Col\u00b7legi Oficial de Metges de Barcelona. Col\u00b7legiat n\u00fam. 54364.<\/li>\n \t<li>\u00c0mplia experi\u00e8ncia en centres d\u2019assist\u00e8ncia ambulat\u00f2ria i hospital\u00e0ria, tant p\u00fablics com privats.<\/li>\n \t<li>Autor de diferents comunicacions i p\u00f2sters en congressos de psiquiatria.<\/li>\n<\/ul>\t\t\t\t\t\t\t\t<\/div>\n\t\t\t\t<\/div>\n\t\t\t\t\t<\/div>\n\t\t<\/div>\n\t\t\t\t\t<\/div>\n\t\t<\/section>\n\t\t\t\t\t<\/div>\n\t\t<\/div>\n\t\t\t\t\t<\/div>\n\t\t<\/section>\n\t\t\t\t<\/div>\n\t\t","protected":false},"excerpt":{"rendered":"<p>Qui Som Sendoa Quijada Mart\u00edn Llicenciat en Medicina i Cirurgia per la Universitat del Pa\u00eds Basc. Especialista en Psiquiatria. Hospital Universitari de Burgos. Membre del Col\u00b7legi Oficial de Metges de Barcelona. Col\u00b7legiat n\u00fam. 54364. \u00c0mplia experi\u00e8ncia en centres d\u2019assist\u00e8ncia ambulat\u00f2ria i hospital\u00e0ria, tant p\u00fablics com privats. Autor de diferents comunicacions i p\u00f2sters en congressos de [&hellip;]<\/p>\n","protected":false},"author":32070,"featured_media":0,"parent":55761,"menu_order":0,"comment_status":"closed","ping_status":"closed","template":"elementor_header_footer","meta":{"_bbp_topic_count":0,"_bbp_reply_count":0,"_bbp_total_topic_count":0,"_bbp_total_reply_count":0,"_bbp_voice_count":0,"_bbp_anonymous_reply_count":0,"_bbp_topic_count_hidden":0,"_bbp_reply_count_hidden":0,"_bbp_forum_subforum_count":0,"_joinchat":[],"footnotes":""},"class_list":["post-66976","page","type-page","status-publish","hentry"],"yoast_head":"<!-- This site is optimized with the Yoast SEO plugin v27.5 - https:\/\/yoast.com\/product\/yoast-seo-wordpress\/ -->\n<title>Sendoa Quijada Mart\u00edn - Cl\u00ednica de la Ansiedad<\/title>\n<meta name=\"robots\" content=\"index, follow, max-snippet:-1, max-image-preview:large, max-video-preview:-1\" \/>\n<link rel=\"canonical\" href=\"https:\/\/clinicadeansiedad.com\/ca\/qui-som\/sendoa-quijada-martin\/\" \/>\n<meta property=\"og:locale\" content=\"ca_ES\" \/>\n<meta property=\"og:type\" content=\"article\" \/>\n<meta property=\"og:title\" content=\"Sendoa Quijada Mart\u00edn - Cl\u00ednica de la Ansiedad\" \/>\n<meta property=\"og:description\" content=\"Qui Som Sendoa Quijada Mart\u00edn Llicenciat en Medicina i Cirurgia per la Universitat del Pa\u00eds Basc. Especialista en Psiquiatria. Hospital Universitari de Burgos. Membre del Col\u00b7legi Oficial de Metges de Barcelona. Col\u00b7legiat n\u00fam. 54364. \u00c0mplia experi\u00e8ncia en centres d\u2019assist\u00e8ncia ambulat\u00f2ria i hospital\u00e0ria, tant p\u00fablics com privats. Autor de diferents comunicacions i p\u00f2sters en congressos de [&hellip;]\" \/>\n<meta property=\"og:url\" content=\"https:\/\/clinicadeansiedad.com\/ca\/qui-som\/sendoa-quijada-martin\/\" \/>\n<meta property=\"og:site_name\" content=\"Cl\u00ednica de la Ansiedad\" \/>\n<meta property=\"article:modified_time\" content=\"2025-04-04T07:46:16+00:00\" \/>\n<meta property=\"og:image\" content=\"https:\/\/clinicadeansiedad.com\/wp-content\/uploads\/2025\/04\/dr-sendoa-quijada-clinica-de-la-ansiedad.jpg\" \/>\n\t<meta property=\"og:image:width\" content=\"715\" \/>\n\t<meta property=\"og:image:height\" content=\"791\" \/>\n\t<meta property=\"og:image:type\" content=\"image\/jpeg\" \/>\n<meta name=\"twitter:card\" content=\"summary_large_image\" \/>\n<meta name=\"twitter:label1\" content=\"Temps estimat de lectura\" \/>\n\t<meta name=\"twitter:data1\" content=\"1 minut\" \/>\n<script type=\"application\/ld+json\" class=\"yoast-schema-graph\">{\"@context\":\"https:\\\/\\\/schema.org\",\"@graph\":[{\"@type\":\"WebPage\",\"@id\":\"https:\\\/\\\/clinicadeansiedad.com\\\/ca\\\/qui-som\\\/sendoa-quijada-martin\\\/\",\"url\":\"https:\\\/\\\/clinicadeansiedad.com\\\/ca\\\/qui-som\\\/sendoa-quijada-martin\\\/\",\"name\":\"Sendoa Quijada Mart\u00edn - Cl\u00ednica de la Ansiedad\",\"isPartOf\":{\"@id\":\"https:\\\/\\\/clinicadeansiedad.com\\\/ca\\\/#website\"},\"primaryImageOfPage\":{\"@id\":\"https:\\\/\\\/clinicadeansiedad.com\\\/ca\\\/qui-som\\\/sendoa-quijada-martin\\\/#primaryimage\"},\"image\":{\"@id\":\"https:\\\/\\\/clinicadeansiedad.com\\\/ca\\\/qui-som\\\/sendoa-quijada-martin\\\/#primaryimage\"},\"thumbnailUrl\":\"https:\\\/\\\/clinicadeansiedad.com\\\/wp-content\\\/uploads\\\/2025\\\/04\\\/dr-sendoa-quijada-clinica-de-la-ansiedad.jpg\",\"datePublished\":\"2025-04-02T21:27:30+00:00\",\"dateModified\":\"2025-04-04T07:46:16+00:00\",\"breadcrumb\":{\"@id\":\"https:\\\/\\\/clinicadeansiedad.com\\\/ca\\\/qui-som\\\/sendoa-quijada-martin\\\/#breadcrumb\"},\"inLanguage\":\"ca\",\"potentialAction\":[{\"@type\":\"ReadAction\",\"target\":[\"https:\\\/\\\/clinicadeansiedad.com\\\/ca\\\/qui-som\\\/sendoa-quijada-martin\\\/\"]}]},{\"@type\":\"ImageObject\",\"inLanguage\":\"ca\",\"@id\":\"https:\\\/\\\/clinicadeansiedad.com\\\/ca\\\/qui-som\\\/sendoa-quijada-martin\\\/#primaryimage\",\"url\":\"https:\\\/\\\/clinicadeansiedad.com\\\/wp-content\\\/uploads\\\/2025\\\/04\\\/dr-sendoa-quijada-clinica-de-la-ansiedad.jpg\",\"contentUrl\":\"https:\\\/\\\/clinicadeansiedad.com\\\/wp-content\\\/uploads\\\/2025\\\/04\\\/dr-sendoa-quijada-clinica-de-la-ansiedad.jpg\"},{\"@type\":\"BreadcrumbList\",\"@id\":\"https:\\\/\\\/clinicadeansiedad.com\\\/ca\\\/qui-som\\\/sendoa-quijada-martin\\\/#breadcrumb\",\"itemListElement\":[{\"@type\":\"ListItem\",\"position\":1,\"name\":\"Portada\",\"item\":\"https:\\\/\\\/clinicadeansiedad.com\\\/ca\\\/\"},{\"@type\":\"ListItem\",\"position\":2,\"name\":\"Qui Som\",\"item\":\"https:\\\/\\\/clinicadeansiedad.com\\\/ca\\\/qui-som\\\/\"},{\"@type\":\"ListItem\",\"position\":3,\"name\":\"Sendoa Quijada Mart\u00edn\"}]},{\"@type\":\"WebSite\",\"@id\":\"https:\\\/\\\/clinicadeansiedad.com\\\/ca\\\/#website\",\"url\":\"https:\\\/\\\/clinicadeansiedad.com\\\/ca\\\/\",\"name\":\"Cl\u00ednica de la Ansiedad\",\"description\":\"\",\"publisher\":{\"@id\":\"https:\\\/\\\/clinicadeansiedad.com\\\/ca\\\/#organization\"},\"potentialAction\":[{\"@type\":\"SearchAction\",\"target\":{\"@type\":\"EntryPoint\",\"urlTemplate\":\"https:\\\/\\\/clinicadeansiedad.com\\\/ca\\\/?s={search_term_string}\"},\"query-input\":{\"@type\":\"PropertyValueSpecification\",\"valueRequired\":true,\"valueName\":\"search_term_string\"}}],\"inLanguage\":\"ca\"},{\"@type\":\"Organization\",\"@id\":\"https:\\\/\\\/clinicadeansiedad.com\\\/ca\\\/#organization\",\"name\":\"Cl\u00ednica de la Ansiedad\",\"url\":\"https:\\\/\\\/clinicadeansiedad.com\\\/ca\\\/\",\"logo\":{\"@type\":\"ImageObject\",\"inLanguage\":\"ca\",\"@id\":\"https:\\\/\\\/clinicadeansiedad.com\\\/ca\\\/#\\\/schema\\\/logo\\\/image\\\/\",\"url\":\"https:\\\/\\\/clinicadeansiedad.com\\\/wp-content\\\/uploads\\\/2020\\\/12\\\/cropped-logo_app-1-scaled-1.jpg\",\"contentUrl\":\"https:\\\/\\\/clinicadeansiedad.com\\\/wp-content\\\/uploads\\\/2020\\\/12\\\/cropped-logo_app-1-scaled-1.jpg\",\"width\":2555,\"height\":1923,\"caption\":\"Cl\u00ednica de la Ansiedad\"},\"image\":{\"@id\":\"https:\\\/\\\/clinicadeansiedad.com\\\/ca\\\/#\\\/schema\\\/logo\\\/image\\\/\"}}]}<\/script>\n<!-- \/ Yoast SEO plugin. -->","yoast_head_json":{"title":"Sendoa Quijada Mart\u00edn - Cl\u00ednica de la Ansiedad","robots":{"index":"index","follow":"follow","max-snippet":"max-snippet:-1","max-image-preview":"max-image-preview:large","max-video-preview":"max-video-preview:-1"},"canonical":"https:\/\/clinicadeansiedad.com\/ca\/qui-som\/sendoa-quijada-martin\/","og_locale":"ca_ES","og_type":"article","og_title":"Sendoa Quijada Mart\u00edn - Cl\u00ednica de la Ansiedad","og_description":"Qui Som Sendoa Quijada Mart\u00edn Llicenciat en Medicina i Cirurgia per la Universitat del Pa\u00eds Basc. Especialista en Psiquiatria. Hospital Universitari de Burgos. Membre del Col\u00b7legi Oficial de Metges de Barcelona. Col\u00b7legiat n\u00fam. 54364. \u00c0mplia experi\u00e8ncia en centres d\u2019assist\u00e8ncia ambulat\u00f2ria i hospital\u00e0ria, tant p\u00fablics com privats. Autor de diferents comunicacions i p\u00f2sters en congressos de [&hellip;]","og_url":"https:\/\/clinicadeansiedad.com\/ca\/qui-som\/sendoa-quijada-martin\/","og_site_name":"Cl\u00ednica de la Ansiedad","article_modified_time":"2025-04-04T07:46:16+00:00","og_image":[{"width":715,"height":791,"url":"https:\/\/clinicadeansiedad.com\/wp-content\/uploads\/2025\/04\/dr-sendoa-quijada-clinica-de-la-ansiedad.jpg","type":"image\/jpeg"}],"twitter_card":"summary_large_image","twitter_misc":{"Temps estimat de lectura":"1 minut"},"schema":{"@context":"https:\/\/schema.org","@graph":[{"@type":"WebPage","@id":"https:\/\/clinicadeansiedad.com\/ca\/qui-som\/sendoa-quijada-martin\/","url":"https:\/\/clinicadeansiedad.com\/ca\/qui-som\/sendoa-quijada-martin\/","name":"Sendoa Quijada Mart\u00edn - Cl\u00ednica de la Ansiedad","isPartOf":{"@id":"https:\/\/clinicadeansiedad.com\/ca\/#website"},"primaryImageOfPage":{"@id":"https:\/\/clinicadeansiedad.com\/ca\/qui-som\/sendoa-quijada-martin\/#primaryimage"},"image":{"@id":"https:\/\/clinicadeansiedad.com\/ca\/qui-som\/sendoa-quijada-martin\/#primaryimage"},"thumbnailUrl":"https:\/\/clinicadeansiedad.com\/wp-content\/uploads\/2025\/04\/dr-sendoa-quijada-clinica-de-la-ansiedad.jpg","datePublished":"2025-04-02T21:27:30+00:00","dateModified":"2025-04-04T07:46:16+00:00","breadcrumb":{"@id":"https:\/\/clinicadeansiedad.com\/ca\/qui-som\/sendoa-quijada-martin\/#breadcrumb"},"inLanguage":"ca","potentialAction":[{"@type":"ReadAction","target":["https:\/\/clinicadeansiedad.com\/ca\/qui-som\/sendoa-quijada-martin\/"]}]},{"@type":"ImageObject","inLanguage":"ca","@id":"https:\/\/clinicadeansiedad.com\/ca\/qui-som\/sendoa-quijada-martin\/#primaryimage","url":"https:\/\/clinicadeansiedad.com\/wp-content\/uploads\/2025\/04\/dr-sendoa-quijada-clinica-de-la-ansiedad.jpg","contentUrl":"https:\/\/clinicadeansiedad.com\/wp-content\/uploads\/2025\/04\/dr-sendoa-quijada-clinica-de-la-ansiedad.jpg"},{"@type":"BreadcrumbList","@id":"https:\/\/clinicadeansiedad.com\/ca\/qui-som\/sendoa-quijada-martin\/#breadcrumb","itemListElement":[{"@type":"ListItem","position":1,"name":"Portada","item":"https:\/\/clinicadeansiedad.com\/ca\/"},{"@type":"ListItem","position":2,"name":"Qui Som","item":"https:\/\/clinicadeansiedad.com\/ca\/qui-som\/"},{"@type":"ListItem","position":3,"name":"Sendoa Quijada Mart\u00edn"}]},{"@type":"WebSite","@id":"https:\/\/clinicadeansiedad.com\/ca\/#website","url":"https:\/\/clinicadeansiedad.com\/ca\/","name":"Cl\u00ednica de la Ansiedad","description":"","publisher":{"@id":"https:\/\/clinicadeansiedad.com\/ca\/#organization"},"potentialAction":[{"@type":"SearchAction","target":{"@type":"EntryPoint","urlTemplate":"https:\/\/clinicadeansiedad.com\/ca\/?s={search_term_string}"},"query-input":{"@type":"PropertyValueSpecification","valueRequired":true,"valueName":"search_term_string"}}],"inLanguage":"ca"},{"@type":"Organization","@id":"https:\/\/clinicadeansiedad.com\/ca\/#organization","name":"Cl\u00ednica de la Ansiedad","url":"https:\/\/clinicadeansiedad.com\/ca\/","logo":{"@type":"ImageObject","inLanguage":"ca","@id":"https:\/\/clinicadeansiedad.com\/ca\/#\/schema\/logo\/image\/","url":"https:\/\/clinicadeansiedad.com\/wp-content\/uploads\/2020\/12\/cropped-logo_app-1-scaled-1.jpg","contentUrl":"https:\/\/clinicadeansiedad.com\/wp-content\/uploads\/2020\/12\/cropped-logo_app-1-scaled-1.jpg","width":2555,"height":1923,"caption":"Cl\u00ednica de la Ansiedad"},"image":{"@id":"https:\/\/clinicadeansiedad.com\/ca\/#\/schema\/logo\/image\/"}}]}},"_links":{"self":[{"href":"https:\/\/clinicadeansiedad.com\/ca\/wp-json\/wp\/v2\/pages\/66976","targetHints":{"allow":["GET"]}}],"collection":[{"href":"https:\/\/clinicadeansiedad.com\/ca\/wp-json\/wp\/v2\/pages"}],"about":[{"href":"https:\/\/clinicadeansiedad.com\/ca\/wp-json\/wp\/v2\/types\/page"}],"author":[{"embeddable":true,"href":"https:\/\/clinicadeansiedad.com\/ca\/wp-json\/wp\/v2\/users\/32070"}],"replies":[{"embeddable":true,"href":"https:\/\/clinicadeansiedad.com\/ca\/wp-json\/wp\/v2\/comments?post=66976"}],"version-history":[{"count":8,"href":"https:\/\/clinicadeansiedad.com\/ca\/wp-json\/wp\/v2\/pages\/66976\/revisions"}],"predecessor-version":[{"id":67066,"href":"https:\/\/clinicadeansiedad.com\/ca\/wp-json\/wp\/v2\/pages\/66976\/revisions\/67066"}],"up":[{"embeddable":true,"href":"https:\/\/clinicadeansiedad.com\/ca\/wp-json\/wp\/v2\/pages\/55761"}],"wp:attachment":[{"href":"https:\/\/clinicadeansiedad.com\/ca\/wp-json\/wp\/v2\/media?parent=66976"}],"curies":[{"name":"wp","href":"https:\/\/api.w.org\/{rel}","templated":true}]}}