{"id":66716,"date":"2025-01-15T00:47:13","date_gmt":"2025-01-14T22:47:13","guid":{"rendered":"https:\/\/clinicadeansiedad.com\/?page_id=66716"},"modified":"2025-01-15T00:52:41","modified_gmt":"2025-01-14T22:52:41","slug":"condicions-generals","status":"publish","type":"page","link":"https:\/\/clinicadeansiedad.com\/ca\/condicions-generals\/","title":{"rendered":"Condicions generals de pagament on-line"},"content":{"rendered":"\t\t<div data-elementor-type=\"wp-page\" data-elementor-id=\"66716\" class=\"elementor elementor-66716 elementor-66715\" data-elementor-post-type=\"page\">\n\t\t\t\t\t\t<section class=\"elementor-section elementor-top-section elementor-element elementor-element-d77a541 elementor-section-boxed elementor-section-height-default elementor-section-height-default\" data-id=\"d77a541\" data-element_type=\"section\" data-e-type=\"section\">\n\t\t\t\t\t\t<div class=\"elementor-container elementor-column-gap-default\">\n\t\t\t\t\t<div class=\"elementor-column elementor-col-100 elementor-top-column elementor-element elementor-element-072b635\" data-id=\"072b635\" data-element_type=\"column\" data-e-type=\"column\">\n\t\t\t<div class=\"elementor-widget-wrap elementor-element-populated\">\n\t\t\t\t\t\t<div class=\"elementor-element elementor-element-733568a elementor-widget elementor-widget-text-editor\" data-id=\"733568a\" data-element_type=\"widget\" data-e-type=\"widget\" data-widget_type=\"text-editor.default\">\n\t\t\t\t<div class=\"elementor-widget-container\">\n\t\t\t\t\t\t\t\t\t<p style=\"font-weight: 400;\">A la URL <a href=\"https:\/\/clinicadeansiedad.com\/ca\/tarifes-i-pagament-online\/\">https:\/\/clinicadeansiedad.com\/ca\/tarifes-i-pagament-online\/<\/a>\u00a0trobareu una plataforma de pagament per abonar mitjan\u00e7ant TPV virtual els serveis <strong>pr\u00e8viament concertats amb els nostres professionals<\/strong> a trav\u00e9s del taulell de recepci\u00f3 de les nostres cl\u00edniques, per tel\u00e8fon o correu electr\u00f2nic.<\/p><p style=\"font-weight: 400;\">No \u00e9s una plataforma de compra directa i immediata de serveis, sin\u00f3 de pagament dels ja concertats. Abans de procedir al pagament dels serveis, heu de posar-vos en contacte amb nosaltres per concertar-los i planificar-los: poseu-vos en contacte amb nosaltres per indicar-nos qu\u00e8 necessiteu, acordar horaris i especialistes, i concretar els procediments. A partir d&#8217;aqu\u00ed, seleccioneu els serveis concertats i procediu a abonar-los.<\/p><p style=\"font-weight: 400;\"><strong>No contracteu ni realitzeu el pagament en l\u00ednia dels nostres serveis sense abans contactar amb nosaltres.<\/strong><\/p><ul><li>Tel\u00e8fons de contacte:<ul><li>932261412<\/li><li>607507097<\/li><li>918299392<\/li><\/ul><\/li><li>Correu electr\u00f2nic: <a href=\"mailto:info@clinicadeansiedad.com\">info@clinicadeansiedad.com<\/a><\/li><\/ul><p style=\"font-weight: 400;\">Les presents Condicions Generals de Pagament Online regulen la relaci\u00f3 jur\u00eddica derivada dels processos de pagament a trav\u00e9s de TPV virtual, podent ser utilitzades per qualsevol usuari sempre que compleixi amb tots els termes establerts en les presents Condicions.<\/p><p style=\"font-weight: 400;\">Aquest document est\u00e0 disponible en tot moment per a la seva lectura i impressi\u00f3 en aquest lloc web, tal com estableix la Llei General per a la Defensa dels Consumidors i Usuaris.<\/p><p>\u00a0<\/p><ol><li style=\"font-weight: 400;\"><strong> Identificaci\u00f3 de les parts i acceptaci\u00f3 de les Condicions de Pagament Online:<\/strong><\/li><\/ol><p style=\"font-weight: 400;\">D\u2019una part, el prove\u00efdor dels serveis prestats a trav\u00e9s d\u2019aquesta p\u00e0gina web:<\/p><p style=\"font-weight: 400;\">Jos\u00e9 Carlos Baeza Villarroel (d&#8217;ara endavant el Prestador), amb N.I.F.: 12716484-Z i domicili professional a: C\/ Val\u00e8ncia 5-b, entlo. 3\u00aa, 08015 Barcelona (Espanya), e-mail de contacte: <a href=\"mailto:info@clinicadeansiedad.com\">info@clinicadeansiedad.com<\/a><\/p><p style=\"font-weight: 400;\">I de l&#8217;altra, l&#8217;Usuari, que un cop concertats els serveis a contractar a trav\u00e9s dels canals assenyalats, procedir\u00e0 a realitzar el pagament en l\u00ednia, essent responsable de la veracitat de les dades personals facilitades al prestador.<\/p><p style=\"font-weight: 400;\">Ambdues parts accepten el present document. L&#8217;usuari, per la seva part, expressa:<\/p><ol><li style=\"font-weight: 400;\">Que ha llegit, ent\u00e9n i compr\u00e8n el que aqu\u00ed s&#8217;exposa i que accepta les presents condicions generals de pagament online des del moment que procedeix a pagar un servei pr\u00e8viament concertat amb els nostres professionals.<\/li><li style=\"font-weight: 400;\">Que \u00e9s una persona major d\u2019edat segons la legislaci\u00f3 espanyola (18 anys) i amb capacitat suficient per contractar.<\/li><li style=\"font-weight: 400;\">Que assumeix totes les obligacions aqu\u00ed disposades.<\/li><\/ol><p style=\"font-weight: 400;\">El prestador posa a disposici\u00f3 dels usuaris l\u2019adre\u00e7a de correu electr\u00f2nic info@clinicadeansiedad.com perqu\u00e8 plantegin qualsevol dubte sobre aquestes condicions.<\/p><p style=\"font-weight: 400;\">Les presents condicions tindran un per\u00edode de validesa indefinit i seran aplicables a tots els pagaments online realitzats a trav\u00e9s del lloc web del prestador.<\/p><p style=\"font-weight: 400;\">El prestador es reserva el dret de modificar unilateralment aquestes condicions, sense que aix\u00f2 pugui afectar els serveis que van ser adquirits pr\u00e8viament a la modificaci\u00f3. En tot cas, abans de procedir al pagament i contractaci\u00f3 dels serveis pr\u00e8viament concertats, s&#8217;haur\u00e0 de llegir atentament les presents condicions.<\/p><p>\u00a0<\/p><ol start=\"2\"><li style=\"font-weight: 400;\"><strong> Objecte del contracte:<\/strong><\/li><\/ol><p style=\"font-weight: 400;\"><strong>\u00c0mbit d&#8217;aplicaci\u00f3: <\/strong>El present contracte t\u00e9 per objecte regular el pagament en l\u00ednia dels serveis pr\u00e8viament concertats per l&#8217;usuari i els professionals de la Cl\u00ednica de l&#8217;Ansietat.<\/p><p style=\"font-weight: 400;\"><strong>Territori d&#8217;aplicaci\u00f3: <\/strong>Els serveis professionals de consulta online s&#8217;ofereixen a tota Espanya. Tamb\u00e9 s\u2019at\u00e9n a persones de parla hispana que resideixen en altres pa\u00efsos.<\/p><p style=\"font-weight: 400;\"><strong>Capacitat per contractar: <\/strong>Per poder realitzar una comanda, l&#8217;usuari haur\u00e0 de ser major d\u2019edat (18 anys) i tenir capacitat per contractar segons la legislaci\u00f3 espanyola.<\/p><p style=\"font-weight: 400;\"><strong>Acceptaci\u00f3 del client: <\/strong>La contractaci\u00f3 i el pagament del servei de consulta online implica l&#8217;acceptaci\u00f3 autom\u00e0tica d\u2019aquestes Condicions Generals.<\/p><p style=\"font-weight: 400;\"><strong>Modificaci\u00f3 de les Condicions Generals de Contractaci\u00f3<\/strong>: com s&#8217;ha exposat anteriorment, ens reservem el dret de fer canvis i\/o modificacions a aquestes condicions. Aconsellem als nostres pacients que les revisin regularment. En cas que aquests canvis o modificacions es fessin despr\u00e9s d&#8217;un pagament, s\u2019aplicaran les condicions vigents en la data en qu\u00e8 es va realitzar el pagament.<\/p><p>\u00a0<\/p><ol start=\"3\"><li style=\"font-weight: 400;\"><strong> La informaci\u00f3 que proporcionem a la nostra p\u00e0gina web:<\/strong><\/li><\/ol><p style=\"font-weight: 400;\"><strong>Publicaci\u00f3 de preus: <\/strong>Els preus dels serveis oferts s\u00f3n els que es mostren a la nostra web. Els serveis de psicologia cl\u00ednica i psiquiatria estan exempts d&#8217;IVA. Informaci\u00f3 dels serveis de consulta en l\u00ednia:<\/p><p><strong><u>Primera visita de psicologia o psiquiatria: <\/u><\/strong><u><\/u><\/p><p style=\"font-weight: 400;\"><strong>Descripci\u00f3:<\/strong> La primera entrevista t\u00e9 normalment dues parts: una primera, on s&#8217;inicia el proc\u00e9s d&#8217;exploraci\u00f3 amb l&#8217;objectiu de con\u00e8ixer m\u00ednimament al pacient, la seva circumst\u00e0ncia i obtenir una impressi\u00f3 diagn\u00f2stica inicial; i una segona, on l&#8217;especialista fa una primera valoraci\u00f3 del cas: hip\u00f2tesi diagn\u00f2stica, diagn\u00f2stic diferencial, exploracions complement\u00e0ries, compliment del expedient cl\u00ednic, necessitats terap\u00e8utiques, objectius, recursos terap\u00e8utics, temps, etc.<br \/>Durada: Psicologia: 60 minuts. Psiquiatria: 30 minuts.<\/p><p><strong><u>Visita successiva de psicologia o psiquiatria:<\/u><\/strong><\/p><p style=\"font-weight: 400;\"><strong>Descripci\u00f3:<\/strong> Les entrevistes successives s\u00f3n totes les que es realitzen posteriorment a la primera. B\u00e0sicament s&#8217;utilitzen en l&#8217;aplicaci\u00f3, desenvolupament i control del tractament establert, obert a revisi\u00f3 en funci\u00f3 de l&#8217;evoluci\u00f3, nous dades, incid\u00e8ncies, etc.<\/p><p style=\"font-weight: 400;\"><strong>Duraci\u00f3:<\/strong> Per a l\u2019atenci\u00f3 a l\u2019usuari es reserva una hora en les visites de Psicologia i 30 minuts en les visites de Psiquiatria. Aquest temps inclou l&#8217;entrevista pr\u00f2piament dita, aix\u00ed com la seva preparaci\u00f3 i registre.<\/p><p style=\"font-weight: 400;\"><strong>Frau:<\/strong> Si tenim sospites o detectem alguna anomalia en el proc\u00e9s de pagament online, ens reservem el dret d&#8217;anul\u00b7lar la transacci\u00f3 per motius de seguretat.<\/p><p>\u00a0<\/p><ol start=\"4\"><li style=\"font-weight: 400;\"><strong> Proc\u00e9s de pagament en l\u00ednia:<\/strong><\/li><\/ol><p style=\"font-weight: 400;\">L&#8217;usuari, un cop hagi contactat amb nosaltres per concertar i planificar el tractament adequat, podr\u00e0 procedir al pagament online de la consulta en l\u00ednia a trav\u00e9s de les URLs:<\/p><p style=\"font-weight: 400;\"><a href=\"https:\/\/clinicadeansiedad.com\/ca\/producto\/visita-successiva-de-psicologia-o-psiquiatria\/\">https:\/\/clinicadeansiedad.com\/ca\/producto\/visita-successiva-de-psicologia-o-psiquiatria\/<\/a><\/p><p style=\"font-weight: 400;\">Haur\u00e0 d\u2019&#8221;Afegir a la cistella&#8221; el servei que desitja contractar. La quantitat total a pagar apareixer\u00e0 a &#8220;Totals de la cistella&#8221;, haur\u00e0 de fer clic al bot\u00f3 &#8220;Realitzar Pagament&#8221;.<\/p><p style=\"font-weight: 400;\">A la pestanya \u201cFinalitzar Compra\u201d se li demanaran les dades per a la facturaci\u00f3: Nom i cognoms, nom d&#8217;empresa (opcional), Pa\u00eds, Adre\u00e7a i Codi Postal, Poblaci\u00f3 i prov\u00edncia, tel\u00e8fon i correu electr\u00f2nic.<\/p><p style=\"font-weight: 400;\">Haur\u00e0 d&#8217;elegir una forma de pagament entre: Bizum, pagament amb targeta de cr\u00e8dit o d\u00e8bit i Paypal.<br \/>L&#8217;usuari rebr\u00e0 la confirmaci\u00f3 del pagament realitzat juntament amb la factura a trav\u00e9s del correu electr\u00f2nic que va facilitar al formulari de pagament.<\/p><p style=\"font-weight: 400;\">Proporcionem un Servei d&#8217;Atenci\u00f3 al Client de manera GRATU\u00cfTA a trav\u00e9s del nostre correu electr\u00f2nic de contacte info@clinicadeansiedad.com. Si tria un altre mitj\u00e0 de comunicaci\u00f3 alternatiu, l&#8217;usuari ser\u00e0 qui haur\u00e0 d\u2019assumir el cost particular del mateix.<\/p><p style=\"font-weight: 400;\">\u00a0<\/p><ol start=\"5\"><li style=\"font-weight: 400;\"><strong> Formes de pagament:<\/strong><\/li><\/ol><p style=\"font-weight: 400;\">A continuaci\u00f3, es detallen les diferents opcions de pagament disponibles:<\/p><ul><li><strong><em>Pagament mitjan\u00e7ant Bizum.<\/em><\/strong><em> Pot veure les condicions del servei a: <\/em><a href=\"https:\/\/bizum.com\/es\/compra-online\/\"><em>https:\/\/bizum.com\/es\/compra-online\/<\/em><\/a><\/li><li><strong><em>Pagament mitjan\u00e7ant targeta de cr\u00e8dit o d\u00e8bit a trav\u00e9s de la passarel\u00b7la de pagament segura de Redsys. <\/em><\/strong><em>Pot veure les condicions del servei a <\/em><em><a href=\"https:\/\/redsys.es\/politica-privacidad.html\">https:\/\/redsys.es\/politica-privacidad.html<\/a><\/em><\/li><\/ul><ul><li><strong><em>Pagament mitjan\u00e7ant PayPal. <\/em><\/strong><em>Pot veure les condicions del servei a: <\/em><a href=\"https:\/\/www.paypal.com\/es\/legalhub\/paypal\/useragreement-full\"><em>https:\/\/www.paypal.com\/es\/legalhub\/paypal\/useragreement-full<\/em><\/a><\/li><\/ul><p style=\"font-weight: 400;\">\u00a0<\/p><ol start=\"6\"><li style=\"font-weight: 400;\"><strong> Cancel\u00b7laci\u00f3 de la consulta i devoluci\u00f3 de l&#8217;import abonat:<\/strong><\/li><\/ol><p style=\"font-weight: 400;\">Qualsevol cancel\u00b7laci\u00f3 dels serveis pr\u00e8viament concertats i abonats online, haur\u00e0 de realitzar-se per escrit enviant un correu a <a href=\"mailto:info@clinicadeansiedad.com\">info@clinicadeansiedad.com<\/a>.<\/p><p style=\"font-weight: 400;\">Si l&#8217;anul\u00b7laci\u00f3 es fa amb una <u>antelaci\u00f3 m\u00ednima de 24 hores abans de l&#8217;hora fixada per a la prestaci\u00f3 del servei<\/u>, l&#8217;usuari tindr\u00e0 dret a la devoluci\u00f3 de l&#8217;import \u00edntegre de la compra corresponent a aquell servei.<\/p><p style=\"font-weight: 400;\">Si la cancel\u00b7laci\u00f3 es produeix amb una <u>antelaci\u00f3 inferior a 24 hores<\/u>, l&#8217;usuari nom\u00e9s tindr\u00e0 dret a la devoluci\u00f3 del 50% del preu de compra d&#8217;aquell servei.<\/p><p style=\"font-weight: 400;\">Si l&#8217;usuari no acudeix a la visita (presencial o per videoconfer\u00e8ncia) en la data i hora concertades pr\u00e8viament, no tindr\u00e0 dret a la devoluci\u00f3 de l&#8217;import corresponent a aquell servei.<\/p><p style=\"font-weight: 400;\">Si la consulta es fa per videoconfer\u00e8ncia, Cl\u00ednica de l&#8217;Ansietat no es fa responsable de les condicions generals de funcionament d&#8217;Internet en el moment de la consulta ni, per tant, de la qualitat de v\u00eddeo i \u00e0udio durant la mateixa. L&#8217;usuari podr\u00e0 sol\u00b7licitar una nova consulta gratu\u00efta exclusivament en el cas que les condicions de la xarxa no permetin establir una comunicaci\u00f3 m\u00ednimament eficient, ni tan sols per escrit.<\/p><p>\u00a0<\/p><ol start=\"7\"><li style=\"font-weight: 400;\"><strong> Modificaci\u00f3 de les presents Condicions Generals de Contractaci\u00f3: <\/strong><\/li><\/ol><p style=\"font-weight: 400;\">El Prestador es reserva el dret de modificar, en qualsevol moment, la presentaci\u00f3 i configuraci\u00f3 del lloc web, aix\u00ed com les presents Condicions Generals. Per aix\u00f2, es recomana a tots els usuaris llegir-les atentament cada vegada que accedeixin al lloc web. Els contractants de qualsevol dels serveis oferts en aquest web sempre disposaran d\u2019aquestes Condicions Generals en un lloc visible, lliurement accessible per a les consultes que vulguin realitzar.<\/p><p style=\"font-weight: 400;\">El Prestador podr\u00e0 no exercir algun dels drets i facultats atorgats en aquest document, cosa que no implicar\u00e0 en cap cas la ren\u00fancia als mateixos, excepte reconeixement express per part del Prestador o prescripci\u00f3 de l\u2019acci\u00f3 que correspongui.<\/p><p>\u00a0<\/p><ol start=\"8\"><li style=\"font-weight: 400;\"><strong> Tractament de Dades Personals:<\/strong><\/li><\/ol><p style=\"font-weight: 400;\">Garantir els drets sobre la protecci\u00f3 de les dades personals dels usuaris \u00e9s una prioritat per al Prestador com a responsable d\u2019aquesta p\u00e0gina web. L&#8217;usuari podr\u00e0 obtenir informaci\u00f3 completa sobre els drets que li assisteixen i sobre la pol\u00edtica de protecci\u00f3 de dades consultant l\u2019enlla\u00e7 seg\u00fcent <a href=\"\/politica-de-privacitat\"><strong>Pol\u00edtica de Privacitat<\/strong><\/a>.<\/p><p style=\"font-weight: 400;\">\u00a0<\/p><ol start=\"9\"><li style=\"font-weight: 400;\"><strong> Mecanisme de resoluci\u00f3 de litigis en l\u00ednia:<\/strong><\/li><\/ol><p style=\"font-weight: 400;\">D\u2019acord amb l&#8217;Art. 14.1 del Reglament (UE) 524\/2013, la Comissi\u00f3 Europea facilita una plataforma d&#8217;acc\u00e9s gratu\u00eft per a la resoluci\u00f3 de conflictes en l\u00ednia entre l&#8217;USUARI i el PRESTADOR, sense necessitat de rec\u00f3rrer als tribunals de just\u00edcia, mitjan\u00e7ant la intervenci\u00f3 d\u2019un tercer, anomenat Organisme de resoluci\u00f3 de litigis, que actua com a intermediari entre ambdues parts. Aquest organisme \u00e9s neutral i dialogar\u00e0 amb ambdues parts per aconseguir un acord, podent finalment suggerir i\/o imposar una soluci\u00f3 al conflicte. Enlla\u00e7 a la plataforma ODR: <a href=\"http:\/\/ec.europa.eu\/consumers\/odr\/\" target=\"_blank\" rel=\"noopener\">http:\/\/ec.europa.eu\/consumers\/odr\/<\/a>.<\/p><p style=\"font-weight: 400;\">\u00a0<\/p><ol start=\"10\"><li style=\"font-weight: 400;\"><strong> Nul\u00b7litat o efic\u00e0cia sobrevinguda de qualsevol de les presents cl\u00e0usules:<\/strong><\/li><\/ol><p style=\"font-weight: 400;\">Si qualsevol cl\u00e0usula inclosa en aquestes Condicions Generals fos declarada, total o parcialment, nul\u00b7la o inefica\u00e7, tal nul\u00b7litat o inefic\u00e0cia afectar\u00e0 \u00fanicament a aquesta disposici\u00f3 o a la part d\u2019aquesta que resulti nul\u00b7la o inefica\u00e7, subsistint les Condicions Generals en tot el dem\u00e9s, considerant-se tal disposici\u00f3 o la part d\u2019aquesta que resulti afectada, com no posada.<\/p><p>\u00a0<\/p><ol start=\"11\"><li style=\"font-weight: 400;\"><strong> Llei aplicable i jurisdicci\u00f3 competent:<\/strong><\/li><\/ol><p style=\"font-weight: 400;\">Aquestes Condicions Generals es regeixen per la llei espanyola. Les presents Condicions estan subjectes a all\u00f2 disposat a la Llei 7\/1998, sobre Condicions Generals de Contractaci\u00f3, al Reial decret legislatiu 1\/2007, de Consumidors i Usuaris, i a la Llei 34\/2002, de Serveis de la Societat de la Informaci\u00f3 i de Comer\u00e7 Electr\u00f2nic.<\/p><p style=\"font-weight: 400;\">En cas de qualsevol conflicte o discrep\u00e0ncia, el f\u00f2rum aplicable ser\u00e0 el dels Jutjats o Tribunals de la ciutat de Barcelona (Barcelona), Espanya.<\/p><p>\u00a0<\/p>\t\t\t\t\t\t\t\t<\/div>\n\t\t\t\t<\/div>\n\t\t\t\t\t<\/div>\n\t\t<\/div>\n\t\t\t\t\t<\/div>\n\t\t<\/section>\n\t\t\t\t<\/div>\n\t\t","protected":false},"excerpt":{"rendered":"<p>A la URL https:\/\/clinicadeansiedad.com\/ca\/tarifes-i-pagament-online\/\u00a0trobareu una plataforma de pagament per abonar mitjan\u00e7ant TPV virtual els serveis pr\u00e8viament concertats amb els nostres professionals a trav\u00e9s del taulell de recepci\u00f3 de les nostres cl\u00edniques, per tel\u00e8fon o correu electr\u00f2nic. No \u00e9s una plataforma de compra directa i immediata de serveis, sin\u00f3 de pagament dels ja concertats. Abans de [&hellip;]<\/p>\n","protected":false},"author":32070,"featured_media":0,"parent":0,"menu_order":77,"comment_status":"closed","ping_status":"closed","template":"elementor_header_footer","meta":{"_bbp_topic_count":0,"_bbp_reply_count":0,"_bbp_total_topic_count":0,"_bbp_total_reply_count":0,"_bbp_voice_count":0,"_bbp_anonymous_reply_count":0,"_bbp_topic_count_hidden":0,"_bbp_reply_count_hidden":0,"_bbp_forum_subforum_count":0,"_joinchat":[],"footnotes":""},"class_list":["post-66716","page","type-page","status-publish","hentry"],"yoast_head":"<!-- This site is optimized with the Yoast SEO plugin v27.5 - https:\/\/yoast.com\/product\/yoast-seo-wordpress\/ -->\n<title>Condicions generals de pagament on-line - Cl\u00ednica de la Ansiedad<\/title>\n<meta name=\"robots\" content=\"noindex, nofollow\" \/>\n<meta property=\"og:locale\" content=\"ca_ES\" \/>\n<meta property=\"og:type\" content=\"article\" \/>\n<meta property=\"og:title\" content=\"Condicions generals de pagament on-line - Cl\u00ednica de la Ansiedad\" \/>\n<meta property=\"og:description\" content=\"A la URL https:\/\/clinicadeansiedad.com\/ca\/tarifes-i-pagament-online\/\u00a0trobareu una plataforma de pagament per abonar mitjan\u00e7ant TPV virtual els serveis pr\u00e8viament concertats amb els nostres professionals a trav\u00e9s del taulell de recepci\u00f3 de les nostres cl\u00edniques, per tel\u00e8fon o correu electr\u00f2nic. No \u00e9s una plataforma de compra directa i immediata de serveis, sin\u00f3 de pagament dels ja concertats. Abans de [&hellip;]\" \/>\n<meta property=\"og:url\" content=\"https:\/\/clinicadeansiedad.com\/ca\/condicions-generals\/\" \/>\n<meta property=\"og:site_name\" content=\"Cl\u00ednica de la Ansiedad\" \/>\n<meta property=\"article:modified_time\" content=\"2025-01-14T22:52:41+00:00\" \/>\n<meta name=\"twitter:card\" content=\"summary_large_image\" \/>\n<meta name=\"twitter:label1\" content=\"Temps estimat de lectura\" \/>\n\t<meta name=\"twitter:data1\" content=\"10 minuts\" \/>\n<script type=\"application\/ld+json\" class=\"yoast-schema-graph\">{\"@context\":\"https:\\\/\\\/schema.org\",\"@graph\":[{\"@type\":\"WebPage\",\"@id\":\"https:\\\/\\\/clinicadeansiedad.com\\\/ca\\\/condicions-generals\\\/\",\"url\":\"https:\\\/\\\/clinicadeansiedad.com\\\/ca\\\/condicions-generals\\\/\",\"name\":\"Condicions generals de pagament on-line - Cl\u00ednica de la Ansiedad\",\"isPartOf\":{\"@id\":\"https:\\\/\\\/clinicadeansiedad.com\\\/ca\\\/#website\"},\"datePublished\":\"2025-01-14T22:47:13+00:00\",\"dateModified\":\"2025-01-14T22:52:41+00:00\",\"breadcrumb\":{\"@id\":\"https:\\\/\\\/clinicadeansiedad.com\\\/ca\\\/condicions-generals\\\/#breadcrumb\"},\"inLanguage\":\"ca\",\"potentialAction\":[{\"@type\":\"ReadAction\",\"target\":[\"https:\\\/\\\/clinicadeansiedad.com\\\/ca\\\/condicions-generals\\\/\"]}]},{\"@type\":\"BreadcrumbList\",\"@id\":\"https:\\\/\\\/clinicadeansiedad.com\\\/ca\\\/condicions-generals\\\/#breadcrumb\",\"itemListElement\":[{\"@type\":\"ListItem\",\"position\":1,\"name\":\"Portada\",\"item\":\"https:\\\/\\\/clinicadeansiedad.com\\\/ca\\\/\"},{\"@type\":\"ListItem\",\"position\":2,\"name\":\"Condicions generals de pagament on-line\"}]},{\"@type\":\"WebSite\",\"@id\":\"https:\\\/\\\/clinicadeansiedad.com\\\/ca\\\/#website\",\"url\":\"https:\\\/\\\/clinicadeansiedad.com\\\/ca\\\/\",\"name\":\"Cl\u00ednica de la Ansiedad\",\"description\":\"\",\"publisher\":{\"@id\":\"https:\\\/\\\/clinicadeansiedad.com\\\/ca\\\/#organization\"},\"potentialAction\":[{\"@type\":\"SearchAction\",\"target\":{\"@type\":\"EntryPoint\",\"urlTemplate\":\"https:\\\/\\\/clinicadeansiedad.com\\\/ca\\\/?s={search_term_string}\"},\"query-input\":{\"@type\":\"PropertyValueSpecification\",\"valueRequired\":true,\"valueName\":\"search_term_string\"}}],\"inLanguage\":\"ca\"},{\"@type\":\"Organization\",\"@id\":\"https:\\\/\\\/clinicadeansiedad.com\\\/ca\\\/#organization\",\"name\":\"Cl\u00ednica de la Ansiedad\",\"url\":\"https:\\\/\\\/clinicadeansiedad.com\\\/ca\\\/\",\"logo\":{\"@type\":\"ImageObject\",\"inLanguage\":\"ca\",\"@id\":\"https:\\\/\\\/clinicadeansiedad.com\\\/ca\\\/#\\\/schema\\\/logo\\\/image\\\/\",\"url\":\"https:\\\/\\\/clinicadeansiedad.com\\\/wp-content\\\/uploads\\\/2020\\\/12\\\/cropped-logo_app-1-scaled-1.jpg\",\"contentUrl\":\"https:\\\/\\\/clinicadeansiedad.com\\\/wp-content\\\/uploads\\\/2020\\\/12\\\/cropped-logo_app-1-scaled-1.jpg\",\"width\":2555,\"height\":1923,\"caption\":\"Cl\u00ednica de la Ansiedad\"},\"image\":{\"@id\":\"https:\\\/\\\/clinicadeansiedad.com\\\/ca\\\/#\\\/schema\\\/logo\\\/image\\\/\"}}]}<\/script>\n<!-- \/ Yoast SEO plugin. -->","yoast_head_json":{"title":"Condicions generals de pagament on-line - Cl\u00ednica de la Ansiedad","robots":{"index":"noindex","follow":"nofollow"},"og_locale":"ca_ES","og_type":"article","og_title":"Condicions generals de pagament on-line - Cl\u00ednica de la Ansiedad","og_description":"A la URL https:\/\/clinicadeansiedad.com\/ca\/tarifes-i-pagament-online\/\u00a0trobareu una plataforma de pagament per abonar mitjan\u00e7ant TPV virtual els serveis pr\u00e8viament concertats amb els nostres professionals a trav\u00e9s del taulell de recepci\u00f3 de les nostres cl\u00edniques, per tel\u00e8fon o correu electr\u00f2nic. No \u00e9s una plataforma de compra directa i immediata de serveis, sin\u00f3 de pagament dels ja concertats. Abans de [&hellip;]","og_url":"https:\/\/clinicadeansiedad.com\/ca\/condicions-generals\/","og_site_name":"Cl\u00ednica de la Ansiedad","article_modified_time":"2025-01-14T22:52:41+00:00","twitter_card":"summary_large_image","twitter_misc":{"Temps estimat de lectura":"10 minuts"},"schema":{"@context":"https:\/\/schema.org","@graph":[{"@type":"WebPage","@id":"https:\/\/clinicadeansiedad.com\/ca\/condicions-generals\/","url":"https:\/\/clinicadeansiedad.com\/ca\/condicions-generals\/","name":"Condicions generals de pagament on-line - Cl\u00ednica de la Ansiedad","isPartOf":{"@id":"https:\/\/clinicadeansiedad.com\/ca\/#website"},"datePublished":"2025-01-14T22:47:13+00:00","dateModified":"2025-01-14T22:52:41+00:00","breadcrumb":{"@id":"https:\/\/clinicadeansiedad.com\/ca\/condicions-generals\/#breadcrumb"},"inLanguage":"ca","potentialAction":[{"@type":"ReadAction","target":["https:\/\/clinicadeansiedad.com\/ca\/condicions-generals\/"]}]},{"@type":"BreadcrumbList","@id":"https:\/\/clinicadeansiedad.com\/ca\/condicions-generals\/#breadcrumb","itemListElement":[{"@type":"ListItem","position":1,"name":"Portada","item":"https:\/\/clinicadeansiedad.com\/ca\/"},{"@type":"ListItem","position":2,"name":"Condicions generals de pagament on-line"}]},{"@type":"WebSite","@id":"https:\/\/clinicadeansiedad.com\/ca\/#website","url":"https:\/\/clinicadeansiedad.com\/ca\/","name":"Cl\u00ednica de la Ansiedad","description":"","publisher":{"@id":"https:\/\/clinicadeansiedad.com\/ca\/#organization"},"potentialAction":[{"@type":"SearchAction","target":{"@type":"EntryPoint","urlTemplate":"https:\/\/clinicadeansiedad.com\/ca\/?s={search_term_string}"},"query-input":{"@type":"PropertyValueSpecification","valueRequired":true,"valueName":"search_term_string"}}],"inLanguage":"ca"},{"@type":"Organization","@id":"https:\/\/clinicadeansiedad.com\/ca\/#organization","name":"Cl\u00ednica de la Ansiedad","url":"https:\/\/clinicadeansiedad.com\/ca\/","logo":{"@type":"ImageObject","inLanguage":"ca","@id":"https:\/\/clinicadeansiedad.com\/ca\/#\/schema\/logo\/image\/","url":"https:\/\/clinicadeansiedad.com\/wp-content\/uploads\/2020\/12\/cropped-logo_app-1-scaled-1.jpg","contentUrl":"https:\/\/clinicadeansiedad.com\/wp-content\/uploads\/2020\/12\/cropped-logo_app-1-scaled-1.jpg","width":2555,"height":1923,"caption":"Cl\u00ednica de la Ansiedad"},"image":{"@id":"https:\/\/clinicadeansiedad.com\/ca\/#\/schema\/logo\/image\/"}}]}},"_links":{"self":[{"href":"https:\/\/clinicadeansiedad.com\/ca\/wp-json\/wp\/v2\/pages\/66716","targetHints":{"allow":["GET"]}}],"collection":[{"href":"https:\/\/clinicadeansiedad.com\/ca\/wp-json\/wp\/v2\/pages"}],"about":[{"href":"https:\/\/clinicadeansiedad.com\/ca\/wp-json\/wp\/v2\/types\/page"}],"author":[{"embeddable":true,"href":"https:\/\/clinicadeansiedad.com\/ca\/wp-json\/wp\/v2\/users\/32070"}],"replies":[{"embeddable":true,"href":"https:\/\/clinicadeansiedad.com\/ca\/wp-json\/wp\/v2\/comments?post=66716"}],"version-history":[{"count":5,"href":"https:\/\/clinicadeansiedad.com\/ca\/wp-json\/wp\/v2\/pages\/66716\/revisions"}],"predecessor-version":[{"id":66759,"href":"https:\/\/clinicadeansiedad.com\/ca\/wp-json\/wp\/v2\/pages\/66716\/revisions\/66759"}],"wp:attachment":[{"href":"https:\/\/clinicadeansiedad.com\/ca\/wp-json\/wp\/v2\/media?parent=66716"}],"curies":[{"name":"wp","href":"https:\/\/api.w.org\/{rel}","templated":true}]}}