{"id":66706,"date":"2025-01-15T00:44:03","date_gmt":"2025-01-14T22:44:03","guid":{"rendered":"https:\/\/clinicadeansiedad.com\/?page_id=66706"},"modified":"2025-01-15T00:46:00","modified_gmt":"2025-01-14T22:46:00","slug":"politica-de-cookies","status":"publish","type":"page","link":"https:\/\/clinicadeansiedad.com\/ca\/politica-de-cookies\/","title":{"rendered":"Pol\u00edtica de Cookies"},"content":{"rendered":"\t\t<div data-elementor-type=\"wp-page\" data-elementor-id=\"66706\" class=\"elementor elementor-66706 elementor-66705\" data-elementor-post-type=\"page\">\n\t\t\t\t\t\t<section class=\"elementor-section elementor-top-section elementor-element elementor-element-d77a541 elementor-section-boxed elementor-section-height-default elementor-section-height-default\" data-id=\"d77a541\" data-element_type=\"section\" data-e-type=\"section\">\n\t\t\t\t\t\t<div class=\"elementor-container elementor-column-gap-default\">\n\t\t\t\t\t<div class=\"elementor-column elementor-col-100 elementor-top-column elementor-element elementor-element-072b635\" data-id=\"072b635\" data-element_type=\"column\" data-e-type=\"column\">\n\t\t\t<div class=\"elementor-widget-wrap elementor-element-populated\">\n\t\t\t\t\t\t<div class=\"elementor-element elementor-element-733568a elementor-widget elementor-widget-text-editor\" data-id=\"733568a\" data-element_type=\"widget\" data-e-type=\"widget\" data-widget_type=\"text-editor.default\">\n\t\t\t\t<div class=\"elementor-widget-container\">\n\t\t\t\t\t\t\t\t\t<p style=\"font-weight: 400;\">Li informem que aquesta p\u00e0gina web, com la majoria a Internet, utilitza cookies. Aquests objectes tamb\u00e9 reben el nom de DARDs (Dispositius d\u2019Emmagatzematge i Recuperaci\u00f3 de Dades).<\/p><p style=\"font-weight: 400;\">Potser es pregunta per qu\u00e8 es denominen cookies a aquestes tecnologies de seguiment. Recorda el conte dels germans Grimm <em>Hansel i Gretel<\/em>? Els dos germans deixaven engrunes de galetes per recordar el cam\u00ed de tornada a casa. Aquesta tecnologia fa una cosa semblant al seu dispositiu: deixa petits arxius de text, com engrunes, perqu\u00e8 la p\u00e0gina web pugui recon\u00e8ixer, per exemple, l\u2019idioma que utilitza habitualment.<\/p><p style=\"font-weight: 400;\">Les cookies s\u00f3n una petita quantitat d\u2019informaci\u00f3 que s\u2019emmagatzema a l\u2019equip de l\u2019usuari. S\u2019utilitzen perqu\u00e8 les p\u00e0gines web no tenen mem\u00f2ria. Un usuari que navega de p\u00e0gina en p\u00e0gina dins d\u2019un mateix lloc web no \u00e9s reconegut com el mateix usuari. Les cookies permeten que la p\u00e0gina web reconegui el navegador de l\u2019usuari. Per tant, s\u2019utilitzen habitualment per recordar les opcions que l\u2019usuari ha escollit (per exemple, l\u2019idioma preferit) o per recon\u00e8ixer usuaris que freq\u00fcenten la p\u00e0gina web.<\/p><p style=\"font-weight: 400;\">Les cookies poden ser \u00abde sessi\u00f3\u00bb o permanents. Les cookies de sessi\u00f3 permeten identificar l\u2019usuari durant la sessi\u00f3 en directe, cosa que significa que aquestes cookies s\u00f3n memoritzades i nom\u00e9s tenen validesa mentre dura la sessi\u00f3 activa, \u00e9s a dir, durant la visita al lloc web. Aquestes cookies no enregistren de forma permanent cap informaci\u00f3 al disc dur del seu ordinador i expiren al final de la sessi\u00f3.<\/p><p style=\"font-weight: 400;\">La nostra p\u00e0gina web utilitza 3 tipus de cookies:<\/p><p style=\"font-weight: 400;\"><strong>Cookies t\u00e8cniques:<\/strong> Utilitzem cookies t\u00e8cniques per mostrar la nostra p\u00e0gina web i fer que funcioni correctament. Aquestes cookies s\u00f3n imprescindibles per al correcte funcionament de la p\u00e0gina web.<\/p><p style=\"font-weight: 400;\"><strong>Cookies funcionals: <\/strong>Tamb\u00e9 utilitzem cookies funcionals per recordar les seves prefer\u00e8ncies i ajudar-lo a utilitzar la nostra p\u00e0gina de manera eficient i efectiva, com recordar els idiomes preferits. Aquestes cookies no s\u00f3n necess\u00e0ries per al funcionament del lloc web, per\u00f2 milloren l\u2019experi\u00e8ncia de l\u2019usuari.<\/p><p style=\"font-weight: 400;\"><strong>Cookies anal\u00edtiques: <\/strong>Utilitzem Google Analytics, un servei d\u2019an\u00e0lisi web de Google Inc. (1600 Amphitheatre Parkway, Mountain View, CA 94043, Estats Units; d\u2019ara endavant, \u201cGoogle\u201d). Google Analytics utilitza cookies o dispositius d\u2019emmagatzematge i recuperaci\u00f3 de dades, descrits a la taula adjunta a aquesta pol\u00edtica de cookies. Aquests arxius de text s\u2019emmagatzemen al seu dispositiu i permeten analitzar com utilitza els nostres llocs web. La informaci\u00f3 sobre l\u2019\u00fas que fa dels nostres llocs web generada mitjan\u00e7ant les cookies normalment es transfereix a un servidor de Google als Estats Units, on queda emmagatzemada.<\/p><p style=\"font-weight: 400;\">Si no vol que recopilem i analitzem informaci\u00f3 sobre la seva visita, pot utilitzar la plataforma de gesti\u00f3 de consentiments (CMP) habilitada al lloc web o donar-se de baixa en qualsevol moment. Tamb\u00e9 pot impedir que les cookies de Google es desin configurant el seu navegador.<\/p><p style=\"font-weight: 400;\">Concretament, a la nostra web utilitzem els seg\u00fcents tipus de cookies:<\/p><table width=\"633\"><tbody><tr><td width=\"143\"><p>Nombre<\/p><\/td><td width=\"113\"><p>Tipo<\/p><\/td><td width=\"116\"><p>Caducidad<\/p><\/td><td width=\"260\"><p>Finalidad<\/p><\/td><\/tr><tr><td width=\"143\"><p><strong>cookielawinfo-checkbox-necessary<\/strong><\/p><p><strong>cookielawinfo-checkbox-non-necessary<\/strong><\/p><\/td><td width=\"113\"><p>Propia -T\u00e8cnica<\/p><\/td><td width=\"116\"><p>1 any<\/p><\/td><td width=\"260\"><p>Establerta pel Plugin GDPR Cookie Consent. S\u2019utilitza per recordar el consentiment de l\u2019usuari sobre les cookies categoritzades com a &#8220;No necess\u00e0ries&#8221; i &#8220;Necess\u00e0ries&#8221;<\/p><\/td><\/tr><tr><td width=\"143\"><p><strong>moove_gdpr_popup<\/strong><\/p><\/td><td width=\"113\"><p>Propia -T\u00e8cnica<\/p><\/td><td width=\"116\"><p>11 mesos<\/p><\/td><td width=\"260\"><p>Controla l\u2019acceptaci\u00f3 o el bloqueig dels scripts de les cookies no funcionals de tercers.<\/p><\/td><\/tr><tr><td width=\"143\"><p><strong>wp-wpml-current-language<\/strong><\/p><\/td><td width=\"113\"><p>Propia -T\u00e8cnica<\/p><\/td><td width=\"116\"><p>1 any<\/p><\/td><td width=\"260\"><p>Emmagatzema la configuraci\u00f3 de l&#8217;idioma de l&#8217;usuari.<\/p><\/td><\/tr><tr><td width=\"143\"><p><strong>woocommerce_cart_hash<\/strong><\/p><p><strong>\u00a0<\/strong><\/p><p><strong>woocommerce_items_in_cart<\/strong><\/p><p><strong>\u00a0<\/strong><\/p><p><strong>\u00a0<\/strong><\/p><p><strong>\u00a0<\/strong><\/p><\/td><td width=\"113\"><p>Propia -T\u00e8cnica<\/p><\/td><td width=\"116\"><p>Sessi\u00f3<\/p><\/td><td width=\"260\"><p>Ajuda WooCommerce a determinar quan canvia el contingut o les dades del carret\u00f3.<br \/>Necess\u00e0ria per gestionar el pagament de sessions en l\u00ednia.<\/p><p>\u00a0<\/p><\/td><\/tr><tr><td width=\"143\"><p><strong>_gcl_au<\/strong><\/p><p><strong>\u00a0<\/strong><\/p><\/td><td width=\"113\"><p>Anal\u00edtica \u2013 De tercers: Google Analytics<\/p><p>\u00a0<\/p><\/td><td width=\"116\"><p>3 mesos<\/p><\/td><td width=\"260\"><p>Utilitzada per Google AdSense per experimentar amb l\u2019efici\u00e8ncia publicit\u00e0ria als llocs web que utilitzen els seus serveis. \u00c9s la cookie d\u2019origen per a la funcionalitat de \u201cConversion Linker\u201d: captura informaci\u00f3 sobre clics en anuncis i l\u2019emmagatzema en una cookie d\u2019origen perqu\u00e8 les conversions es puguin atribuir fora de la p\u00e0gina de destinaci\u00f3.<\/p><\/td><\/tr><\/tbody><\/table><p style=\"font-weight: 400;\"><strong>\u00a0<\/strong><\/p><p style=\"font-weight: 400;\"><strong>Puc navegar sense cookies?<\/strong><\/p><p style=\"font-weight: 400;\">Per descomptat, per aix\u00f2 t\u00e9 diverses opcions:<\/p><p style=\"font-weight: 400;\">A trav\u00e9s del CMP instal\u00b7lat a aquesta web:<\/p><p style=\"font-weight: 400;\">Mitjan\u00e7ant la configuraci\u00f3 de les seves prefer\u00e8ncies al panell de configuraci\u00f3 del CMP que hem instal\u00b7lat. Pot accedir-hi des del banner de consentiment de cookies.<\/p><p style=\"font-weight: 400;\">A trav\u00e9s de la configuraci\u00f3 del seu navegador:<\/p><p style=\"font-weight: 400;\">Si no desitja que els llocs web col\u00b7loquin cap cookie al seu dispositiu, pot adaptar la configuraci\u00f3 del navegador perqu\u00e8 es notifiqui abans de col\u00b7locar cap cookie. Tamb\u00e9 pot configurar el navegador perqu\u00e8 rebutgi totes les cookies, o nom\u00e9s les cookies de tercers. A m\u00e9s, pot eliminar qualsevol cookie ja emmagatzemada al seu dispositiu. Tingui en compte que haur\u00e0 d\u2019adaptar la configuraci\u00f3 per separat per a cada navegador i dispositiu que utilitzi.<\/p><p style=\"font-weight: 400;\">Si accedeix a la configuraci\u00f3 del seu navegador (per exemple, Internet Explorer, Safari, Firefox, Chrome), podr\u00e0 configurar quines cookies vol acceptar o rebutjar. Segons el navegador, la configuraci\u00f3 de les cookies es trobar\u00e0 en llocs diferents. Podr\u00e0 localitzar-la utilitzant la funci\u00f3 &#8220;Ajuda&#8221; del seu navegador.<\/p><p style=\"font-weight: 400;\">En tot moment podr\u00e0 accedir a la configuraci\u00f3 del seu navegador acceptant o rebutjant totes les cookies, o b\u00e9 seleccionant aquelles de les quals accepta la instal\u00b7laci\u00f3 i quines no, seguint un dels seg\u00fcents procediments, segons el navegador que utilitzi:<\/p><p style=\"font-weight: 400;\"><strong>Google Chrome (al Men\u00fa Eines):<\/strong><\/p><p style=\"font-weight: 400;\">Configuraci\u00f3 &gt; Mostrar opcions avan\u00e7ades &gt; Privacitat (Configuraci\u00f3 de contingut) &gt; Cookies:<\/p><p style=\"font-weight: 400;\">https:\/\/support.google.com\/chrome\/answer\/95647?co=GENIE.Platform%3DDesktopandhl=es<\/p><p style=\"font-weight: 400;\"><strong>Microsoft Internet Explorer (al Men\u00fa Eines):<\/strong><\/p><p style=\"font-weight: 400;\">Opcions d\u2019Internet &gt; Privacitat &gt; Avan\u00e7ada: https:\/\/support.microsoft.com\/es-es\/help\/17442\/windows-internet-explorer-delete-manage-cookies<\/p><p style=\"font-weight: 400;\"><strong>Firefox:<\/strong><\/p><p style=\"font-weight: 400;\">Opcions &gt; Privacitat &gt; Cookies: https:\/\/support.mozilla.org\/es\/kb\/habilitar-y-deshabilitar-cookies-sitios-web-rastrear-preferencias<\/p><p style=\"font-weight: 400;\"><strong>Safari, iPad y iPhone:<\/strong><\/p><p style=\"font-weight: 400;\">Prefer\u00e8ncies &gt; Privacitat: https:\/\/support.apple.com<\/p><p style=\"font-weight: 400;\"><strong>Opera:<\/strong><\/p><p style=\"font-weight: 400;\">Configuraci\u00f3 &gt; Opcions &gt; Avan\u00e7at &gt; Cookies: http:\/\/help.opera.com\/Windows\/12.00\/es-ES\/cookies.html<\/p><p style=\"font-weight: 400;\">Aquests navegadors estan subjectes a actualitzacions cont\u00ednues o modificacions, per la qual cosa no podem garantir que les instruccions siguin completament exactes per a la versi\u00f3 del seu navegador. Tamb\u00e9 pot ser que utilitzi un altre navegador no contemplat en aquests enlla\u00e7os com Konqueror, Arora, Flock, etc. Per evitar aquests desajustos, pot accedir directament a les opcions del seu navegador, generalment al men\u00fa de &#8220;Opcions&#8221; a la secci\u00f3 &#8220;Privacitat&#8221;. En tot moment podr\u00e0 accedir a la configuraci\u00f3 del seu navegador acceptant o rebutjant totes les cookies, o b\u00e9 seleccionant aquelles de les quals accepta la instal\u00b7laci\u00f3 i quines no, seguint un dels seg\u00fcents procediments, segons el navegador que utilitzi:<\/p><p style=\"font-weight: 400;\">Per desactivar les cookies al seu tel\u00e8fon m\u00f2bil, consulti el manual del dispositiu per obtenir m\u00e9s informaci\u00f3.<\/p><p style=\"font-weight: 400;\">Pot obtenir m\u00e9s informaci\u00f3 i consells de ciberseguretat a Internet: <a href=\"https:\/\/www.incibe.es\/protege-tu-empresa\/blog\/navegacion-segura-y-privada-ti-y-tu-empresa-parte-i\" target=\"_blank\" rel=\"noopener\">https:\/\/www.incibe.es\/protege-tu-empresa\/blog\/navegacion-segura-y-privada-ti-y-tu-empresa-parte-i<\/a><\/p><p style=\"font-weight: 400;\">Tenint en compte com funciona Internet i els llocs web, no sempre tenim informaci\u00f3 de les cookies que col\u00b7loquen terceres parts a trav\u00e9s del nostre lloc web. Aix\u00f2 s\u2019aplica especialment en casos on la nostra p\u00e0gina web cont\u00e9 el que es denominen elements integrats: textos, documents, imatges o petits v\u00eddeos que s\u2019emmagatzemen a altres llocs, per\u00f2 es mostren al nostre lloc web o a trav\u00e9s d\u2019ell.<\/p><p style=\"font-weight: 400;\">Per tant, si troba aquest tipus de cookies al nostre lloc web i no estan enumerades a la llista anterior, li preguem que ens ho comuniqui. O b\u00e9, posi\u2019s en contacte directament amb la tercera part per sol\u00b7licitar-li informaci\u00f3 sobre les cookies que col\u00b7loca, la finalitat, la durada de la cookie i com garanteix la seva privacitat.<\/p>\t\t\t\t\t\t\t\t<\/div>\n\t\t\t\t<\/div>\n\t\t\t\t\t<\/div>\n\t\t<\/div>\n\t\t\t\t\t<\/div>\n\t\t<\/section>\n\t\t\t\t<\/div>\n\t\t","protected":false},"excerpt":{"rendered":"<p>Li informem que aquesta p\u00e0gina web, com la majoria a Internet, utilitza cookies. Aquests objectes tamb\u00e9 reben el nom de DARDs (Dispositius d\u2019Emmagatzematge i Recuperaci\u00f3 de Dades). Potser es pregunta per qu\u00e8 es denominen cookies a aquestes tecnologies de seguiment. Recorda el conte dels germans Grimm Hansel i Gretel? Els dos germans deixaven engrunes de [&hellip;]<\/p>\n","protected":false},"author":32070,"featured_media":0,"parent":0,"menu_order":77,"comment_status":"closed","ping_status":"closed","template":"elementor_header_footer","meta":{"_bbp_topic_count":0,"_bbp_reply_count":0,"_bbp_total_topic_count":0,"_bbp_total_reply_count":0,"_bbp_voice_count":0,"_bbp_anonymous_reply_count":0,"_bbp_topic_count_hidden":0,"_bbp_reply_count_hidden":0,"_bbp_forum_subforum_count":0,"_joinchat":[],"footnotes":""},"class_list":["post-66706","page","type-page","status-publish","hentry"],"yoast_head":"<!-- This site is optimized with the Yoast SEO plugin v27.2 - https:\/\/yoast.com\/product\/yoast-seo-wordpress\/ -->\n<title>Pol\u00edtica de Cookies - Cl\u00ednica de la Ansiedad<\/title>\n<meta name=\"robots\" content=\"noindex, nofollow\" \/>\n<meta property=\"og:locale\" content=\"ca_ES\" \/>\n<meta property=\"og:type\" content=\"article\" \/>\n<meta property=\"og:title\" content=\"Pol\u00edtica de Cookies - Cl\u00ednica de la Ansiedad\" \/>\n<meta property=\"og:description\" content=\"Li informem que aquesta p\u00e0gina web, com la majoria a Internet, utilitza cookies. Aquests objectes tamb\u00e9 reben el nom de DARDs (Dispositius d\u2019Emmagatzematge i Recuperaci\u00f3 de Dades). Potser es pregunta per qu\u00e8 es denominen cookies a aquestes tecnologies de seguiment. Recorda el conte dels germans Grimm Hansel i Gretel? Els dos germans deixaven engrunes de [&hellip;]\" \/>\n<meta property=\"og:url\" content=\"https:\/\/clinicadeansiedad.com\/ca\/politica-de-cookies\/\" \/>\n<meta property=\"og:site_name\" content=\"Cl\u00ednica de la Ansiedad\" \/>\n<meta property=\"article:modified_time\" content=\"2025-01-14T22:46:00+00:00\" \/>\n<meta name=\"twitter:card\" content=\"summary_large_image\" \/>\n<meta name=\"twitter:label1\" content=\"Temps estimat de lectura\" \/>\n\t<meta name=\"twitter:data1\" content=\"7 minuts\" \/>\n<script type=\"application\/ld+json\" class=\"yoast-schema-graph\">{\"@context\":\"https:\/\/schema.org\",\"@graph\":[{\"@type\":\"WebPage\",\"@id\":\"https:\/\/clinicadeansiedad.com\/ca\/politica-de-cookies\/\",\"url\":\"https:\/\/clinicadeansiedad.com\/ca\/politica-de-cookies\/\",\"name\":\"Pol\u00edtica de Cookies - Cl\u00ednica de la Ansiedad\",\"isPartOf\":{\"@id\":\"https:\/\/clinicadeansiedad.com\/ca\/#website\"},\"datePublished\":\"2025-01-14T22:44:03+00:00\",\"dateModified\":\"2025-01-14T22:46:00+00:00\",\"breadcrumb\":{\"@id\":\"https:\/\/clinicadeansiedad.com\/ca\/politica-de-cookies\/#breadcrumb\"},\"inLanguage\":\"ca\",\"potentialAction\":[{\"@type\":\"ReadAction\",\"target\":[\"https:\/\/clinicadeansiedad.com\/ca\/politica-de-cookies\/\"]}]},{\"@type\":\"BreadcrumbList\",\"@id\":\"https:\/\/clinicadeansiedad.com\/ca\/politica-de-cookies\/#breadcrumb\",\"itemListElement\":[{\"@type\":\"ListItem\",\"position\":1,\"name\":\"Portada\",\"item\":\"https:\/\/clinicadeansiedad.com\/ca\/\"},{\"@type\":\"ListItem\",\"position\":2,\"name\":\"Pol\u00edtica de Cookies\"}]},{\"@type\":\"WebSite\",\"@id\":\"https:\/\/clinicadeansiedad.com\/ca\/#website\",\"url\":\"https:\/\/clinicadeansiedad.com\/ca\/\",\"name\":\"Cl\u00ednica de la Ansiedad\",\"description\":\"\",\"publisher\":{\"@id\":\"https:\/\/clinicadeansiedad.com\/ca\/#organization\"},\"potentialAction\":[{\"@type\":\"SearchAction\",\"target\":{\"@type\":\"EntryPoint\",\"urlTemplate\":\"https:\/\/clinicadeansiedad.com\/ca\/?s={search_term_string}\"},\"query-input\":{\"@type\":\"PropertyValueSpecification\",\"valueRequired\":true,\"valueName\":\"search_term_string\"}}],\"inLanguage\":\"ca\"},{\"@type\":\"Organization\",\"@id\":\"https:\/\/clinicadeansiedad.com\/ca\/#organization\",\"name\":\"Cl\u00ednica de la Ansiedad\",\"url\":\"https:\/\/clinicadeansiedad.com\/ca\/\",\"logo\":{\"@type\":\"ImageObject\",\"inLanguage\":\"ca\",\"@id\":\"https:\/\/clinicadeansiedad.com\/ca\/#\/schema\/logo\/image\/\",\"url\":\"https:\/\/clinicadeansiedad.com\/wp-content\/uploads\/2020\/12\/cropped-logo_app-1-scaled-1.jpg\",\"contentUrl\":\"https:\/\/clinicadeansiedad.com\/wp-content\/uploads\/2020\/12\/cropped-logo_app-1-scaled-1.jpg\",\"width\":2555,\"height\":1923,\"caption\":\"Cl\u00ednica de la Ansiedad\"},\"image\":{\"@id\":\"https:\/\/clinicadeansiedad.com\/ca\/#\/schema\/logo\/image\/\"}}]}<\/script>\n<!-- \/ Yoast SEO plugin. -->","yoast_head_json":{"title":"Pol\u00edtica de Cookies - Cl\u00ednica de la Ansiedad","robots":{"index":"noindex","follow":"nofollow"},"og_locale":"ca_ES","og_type":"article","og_title":"Pol\u00edtica de Cookies - Cl\u00ednica de la Ansiedad","og_description":"Li informem que aquesta p\u00e0gina web, com la majoria a Internet, utilitza cookies. Aquests objectes tamb\u00e9 reben el nom de DARDs (Dispositius d\u2019Emmagatzematge i Recuperaci\u00f3 de Dades). Potser es pregunta per qu\u00e8 es denominen cookies a aquestes tecnologies de seguiment. Recorda el conte dels germans Grimm Hansel i Gretel? Els dos germans deixaven engrunes de [&hellip;]","og_url":"https:\/\/clinicadeansiedad.com\/ca\/politica-de-cookies\/","og_site_name":"Cl\u00ednica de la Ansiedad","article_modified_time":"2025-01-14T22:46:00+00:00","twitter_card":"summary_large_image","twitter_misc":{"Temps estimat de lectura":"7 minuts"},"schema":{"@context":"https:\/\/schema.org","@graph":[{"@type":"WebPage","@id":"https:\/\/clinicadeansiedad.com\/ca\/politica-de-cookies\/","url":"https:\/\/clinicadeansiedad.com\/ca\/politica-de-cookies\/","name":"Pol\u00edtica de Cookies - Cl\u00ednica de la Ansiedad","isPartOf":{"@id":"https:\/\/clinicadeansiedad.com\/ca\/#website"},"datePublished":"2025-01-14T22:44:03+00:00","dateModified":"2025-01-14T22:46:00+00:00","breadcrumb":{"@id":"https:\/\/clinicadeansiedad.com\/ca\/politica-de-cookies\/#breadcrumb"},"inLanguage":"ca","potentialAction":[{"@type":"ReadAction","target":["https:\/\/clinicadeansiedad.com\/ca\/politica-de-cookies\/"]}]},{"@type":"BreadcrumbList","@id":"https:\/\/clinicadeansiedad.com\/ca\/politica-de-cookies\/#breadcrumb","itemListElement":[{"@type":"ListItem","position":1,"name":"Portada","item":"https:\/\/clinicadeansiedad.com\/ca\/"},{"@type":"ListItem","position":2,"name":"Pol\u00edtica de Cookies"}]},{"@type":"WebSite","@id":"https:\/\/clinicadeansiedad.com\/ca\/#website","url":"https:\/\/clinicadeansiedad.com\/ca\/","name":"Cl\u00ednica de la Ansiedad","description":"","publisher":{"@id":"https:\/\/clinicadeansiedad.com\/ca\/#organization"},"potentialAction":[{"@type":"SearchAction","target":{"@type":"EntryPoint","urlTemplate":"https:\/\/clinicadeansiedad.com\/ca\/?s={search_term_string}"},"query-input":{"@type":"PropertyValueSpecification","valueRequired":true,"valueName":"search_term_string"}}],"inLanguage":"ca"},{"@type":"Organization","@id":"https:\/\/clinicadeansiedad.com\/ca\/#organization","name":"Cl\u00ednica de la Ansiedad","url":"https:\/\/clinicadeansiedad.com\/ca\/","logo":{"@type":"ImageObject","inLanguage":"ca","@id":"https:\/\/clinicadeansiedad.com\/ca\/#\/schema\/logo\/image\/","url":"https:\/\/clinicadeansiedad.com\/wp-content\/uploads\/2020\/12\/cropped-logo_app-1-scaled-1.jpg","contentUrl":"https:\/\/clinicadeansiedad.com\/wp-content\/uploads\/2020\/12\/cropped-logo_app-1-scaled-1.jpg","width":2555,"height":1923,"caption":"Cl\u00ednica de la Ansiedad"},"image":{"@id":"https:\/\/clinicadeansiedad.com\/ca\/#\/schema\/logo\/image\/"}}]}},"_links":{"self":[{"href":"https:\/\/clinicadeansiedad.com\/ca\/wp-json\/wp\/v2\/pages\/66706","targetHints":{"allow":["GET"]}}],"collection":[{"href":"https:\/\/clinicadeansiedad.com\/ca\/wp-json\/wp\/v2\/pages"}],"about":[{"href":"https:\/\/clinicadeansiedad.com\/ca\/wp-json\/wp\/v2\/types\/page"}],"author":[{"embeddable":true,"href":"https:\/\/clinicadeansiedad.com\/ca\/wp-json\/wp\/v2\/users\/32070"}],"replies":[{"embeddable":true,"href":"https:\/\/clinicadeansiedad.com\/ca\/wp-json\/wp\/v2\/comments?post=66706"}],"version-history":[{"count":5,"href":"https:\/\/clinicadeansiedad.com\/ca\/wp-json\/wp\/v2\/pages\/66706\/revisions"}],"predecessor-version":[{"id":66753,"href":"https:\/\/clinicadeansiedad.com\/ca\/wp-json\/wp\/v2\/pages\/66706\/revisions\/66753"}],"wp:attachment":[{"href":"https:\/\/clinicadeansiedad.com\/ca\/wp-json\/wp\/v2\/media?parent=66706"}],"curies":[{"name":"wp","href":"https:\/\/api.w.org\/{rel}","templated":true}]}}