{"id":58754,"date":"2022-03-22T16:24:08","date_gmt":"2022-03-22T16:24:08","guid":{"rendered":"https:\/\/clinicadeansiedad.com\/serveis\/tractament-farmacologic\/"},"modified":"2024-10-29T00:15:14","modified_gmt":"2024-10-28T22:15:14","slug":"tractament-farmacologic","status":"publish","type":"page","link":"https:\/\/clinicadeansiedad.com\/ca\/tractaments-psicologics\/tractament-farmacologic\/","title":{"rendered":"Tractament farmacol\u00f2gic"},"content":{"rendered":"\t\t<div data-elementor-type=\"wp-page\" data-elementor-id=\"58754\" class=\"elementor elementor-58754 elementor-55705\" data-elementor-post-type=\"page\">\n\t\t\t\t\t\t<section class=\"elementor-section elementor-top-section elementor-element elementor-element-650dc0b elementor-section-boxed elementor-section-height-default elementor-section-height-default\" data-id=\"650dc0b\" data-element_type=\"section\" data-e-type=\"section\">\n\t\t\t\t\t\t<div class=\"elementor-container elementor-column-gap-default\">\n\t\t\t\t\t<div class=\"elementor-column elementor-col-100 elementor-top-column elementor-element elementor-element-30b9c66\" data-id=\"30b9c66\" data-element_type=\"column\" data-e-type=\"column\">\n\t\t\t<div class=\"elementor-widget-wrap elementor-element-populated\">\n\t\t\t\t\t\t<div class=\"elementor-element elementor-element-f841e62 elementor-widget elementor-widget-heading\" data-id=\"f841e62\" data-element_type=\"widget\" data-e-type=\"widget\" data-widget_type=\"heading.default\">\n\t\t\t\t<div class=\"elementor-widget-container\">\n\t\t\t\t\t<h2 class=\"elementor-heading-title elementor-size-default\">Tractament farmacol\u00f2gic<\/h2>\t\t\t\t<\/div>\n\t\t\t\t<\/div>\n\t\t\t\t<section class=\"elementor-section elementor-inner-section elementor-element elementor-element-6d2bb29 elementor-section-boxed elementor-section-height-default elementor-section-height-default\" data-id=\"6d2bb29\" data-element_type=\"section\" data-e-type=\"section\">\n\t\t\t\t\t\t<div class=\"elementor-container elementor-column-gap-default\">\n\t\t\t\t\t<div class=\"elementor-column elementor-col-50 elementor-inner-column elementor-element elementor-element-5b7b3d9\" data-id=\"5b7b3d9\" data-element_type=\"column\" data-e-type=\"column\">\n\t\t\t<div class=\"elementor-widget-wrap elementor-element-populated\">\n\t\t\t\t\t\t<div class=\"elementor-element elementor-element-095cdef elementor-widget elementor-widget-image\" data-id=\"095cdef\" data-element_type=\"widget\" data-e-type=\"widget\" data-widget_type=\"image.default\">\n\t\t\t\t<div class=\"elementor-widget-container\">\n\t\t\t\t\t\t\t\t\t\t\t\t\t\t\t\t<a href=\"https:\/\/clinicadeansiedad.com\/tratamientos-psicologicos\/farmacologicos\/\">\n\t\t\t\t\t\t\t<img fetchpriority=\"high\" decoding=\"async\" width=\"579\" height=\"640\" src=\"https:\/\/clinicadeansiedad.com\/wp-content\/uploads\/2022\/01\/Trat.-Farmacologicos.png\" class=\"attachment-large size-large wp-image-55567\" alt=\"\" srcset=\"https:\/\/clinicadeansiedad.com\/wp-content\/uploads\/2022\/01\/Trat.-Farmacologicos.png 579w, https:\/\/clinicadeansiedad.com\/wp-content\/uploads\/2022\/01\/Trat.-Farmacologicos-271x300.png 271w\" sizes=\"(max-width: 579px) 100vw, 579px\" \/>\t\t\t\t\t\t\t\t<\/a>\n\t\t\t\t\t\t\t\t\t\t\t\t\t\t\t<\/div>\n\t\t\t\t<\/div>\n\t\t\t\t\t<\/div>\n\t\t<\/div>\n\t\t\t\t<div class=\"elementor-column elementor-col-50 elementor-inner-column elementor-element elementor-element-7e4674a\" data-id=\"7e4674a\" data-element_type=\"column\" data-e-type=\"column\">\n\t\t\t<div class=\"elementor-widget-wrap elementor-element-populated\">\n\t\t\t\t\t\t<div class=\"elementor-element elementor-element-185e5fe elementor-widget elementor-widget-text-editor\" data-id=\"185e5fe\" data-element_type=\"widget\" data-e-type=\"widget\" data-widget_type=\"text-editor.default\">\n\t\t\t\t<div class=\"elementor-widget-container\">\n\t\t\t\t\t\t\t\t\t<p>Encara que el tractament b\u00e0sic pels problemes d\u2019ansietat \u00e9s el psicol\u00f2gic, en alguns casos, o fases del tractament, pot ser necessari, o aconsellable, un recolzament farmacol\u00f2gic. <br><br>En el tractament de l\u2019ansietat, es fan servir habitualment dos tipus de f\u00e0rmacs: els ansiol\u00edtics, i els antidepressius. <br><br>Els ansiol\u00edtics m\u00e9s emprats pertanyen al grup de les benzodiazepines. Actuen reduint els s\u00edmptomes de l\u2019ansietat, minvant tant la intensitat com la freq\u00fc\u00e8ncia dels episodis d\u2019angoixa. Estan indicats, sempre sota prescripci\u00f3 i supervisi\u00f3 m\u00e8dica, per curts per\u00edodes de temps, donat que el seu consum continuat pot generar efectes de depend\u00e8ncia (addicci\u00f3) i toler\u00e0ncia (p\u00e8rdua progressiva de l\u2019efectivitat) i, tamb\u00e9, repercutir negativament en el desenvolupament d\u2019algunes t\u00e8cniques psicol\u00f2giques. <br><br>Els antidepressius ISRS (Inhibidors Selectius de la Recaptaci\u00f3 de la Serotonina) constitueix el tractament farmacol\u00f2gic d\u2019elecci\u00f3. Diversos estudis apunten a la implicaci\u00f3 de la serotonina, un neurotransmissor, com a principal neurotransmissor implicat en els trastorns d\u2019ansietat &#8211; tamb\u00e9 en vies relacionades amb l\u2019estat d\u2019\u00e0nim- encara que n\u2019hi ha d\u2019altres. Triguen 2-3 setmanes en fer efecte i poden ocasionar alguna mol\u00e8stia, inicial i normalment lleu, fins que l\u2019organisme s\u2019adapta al seu consum. En algunes ocasions, al principi del tractament, es combinen amb un ansiol\u00edtic.<\/p><p>La majoria dels tractaments psicofarmacol\u00f2gics emprats actualment per la psiquiatria actuen qu\u00edmicament sobre els sistemes de neurotransmissi\u00f3 del sistema nervi\u00f3s, tractant de regular-lo. En els trastorns d&#8217;ansietat, els f\u00e0rmacs m\u00e9s utilitzats s\u00f3n ansiol\u00edtics i antidepressius.<\/p><p><strong>Tarifes<\/strong>: Primera visita a 80 euros. Visites successives: 65 euros<\/p><p><strong>M\u00e9s informaci\u00f3<\/strong><\/p><p>Per a m\u00e9s informaci\u00f3 sobre tractaments i condicions d&#8217;assist\u00e8ncia podeu comunicar-vos amb nosaltres a trav\u00e9s del <span style=\"color: #2025d8;\"><a style=\"color: #2025d8;\" href=\"https:\/\/clinicadeansiedad.com\/ca\/contactar\/\">formulari de sol\u00b7licitud d&#8217;informaci\u00f3<\/a><\/span> o trucant als tel\u00e8fons<span style=\"color: #2025d8;\"><a style=\"color: #2025d8;\" href=\"tel:932261412\">93 226 14 12<\/a> \u2013 <a style=\"color: #2025d8;\" href=\"tel:607507097\">607 50 70 97<\/a><\/span> (Barcelona) o <span style=\"color: #2025d8;\"><a style=\"color: #2025d8;\" href=\"tel:918299392\">91 829 93 92<\/a> \u2013 <a style=\"color: #2025d8;\" href=\"tel:607507097\">607 507 097<\/a><\/span> (Madrid).<\/p>\t\t\t\t\t\t\t\t<\/div>\n\t\t\t\t<\/div>\n\t\t\t\t<div class=\"elementor-element elementor-element-bf5aab6 elementor-button-info elementor-align-left elementor-widget elementor-widget-button\" data-id=\"bf5aab6\" data-element_type=\"widget\" data-e-type=\"widget\" data-widget_type=\"button.default\">\n\t\t\t\t<div class=\"elementor-widget-container\">\n\t\t\t\t\t\t\t\t\t<div class=\"elementor-button-wrapper\">\n\t\t\t\t\t<a class=\"elementor-button elementor-button-link elementor-size-sm elementor-animation-grow\" href=\"https:\/\/clinicadeansiedad.com\/ca\/contactar\/\">\n\t\t\t\t\t\t<span class=\"elementor-button-content-wrapper\">\n\t\t\t\t\t\t\t\t\t<span class=\"elementor-button-text\">Contactar<\/span>\n\t\t\t\t\t<\/span>\n\t\t\t\t\t<\/a>\n\t\t\t\t<\/div>\n\t\t\t\t\t\t\t\t<\/div>\n\t\t\t\t<\/div>\n\t\t\t\t\t<\/div>\n\t\t<\/div>\n\t\t\t\t\t<\/div>\n\t\t<\/section>\n\t\t\t\t\t<\/div>\n\t\t<\/div>\n\t\t\t\t\t<\/div>\n\t\t<\/section>\n\t\t\t\t<\/div>\n\t\t","protected":false},"excerpt":{"rendered":"<p>Tractament farmacol\u00f2gic Encara que el tractament b\u00e0sic pels problemes d\u2019ansietat \u00e9s el psicol\u00f2gic, en alguns casos, o fases del tractament, pot ser necessari, o aconsellable, un recolzament farmacol\u00f2gic. En el tractament de l\u2019ansietat, es fan servir habitualment dos tipus de f\u00e0rmacs: els ansiol\u00edtics, i els antidepressius. Els ansiol\u00edtics m\u00e9s emprats pertanyen al grup de les [&hellip;]<\/p>\n","protected":false},"author":3439,"featured_media":0,"parent":55765,"menu_order":86,"comment_status":"closed","ping_status":"closed","template":"elementor_header_footer","meta":{"_bbp_topic_count":0,"_bbp_reply_count":0,"_bbp_total_topic_count":0,"_bbp_total_reply_count":0,"_bbp_voice_count":0,"_bbp_anonymous_reply_count":0,"_bbp_topic_count_hidden":0,"_bbp_reply_count_hidden":0,"_bbp_forum_subforum_count":0,"_joinchat":[],"footnotes":""},"class_list":["post-58754","page","type-page","status-publish","hentry"],"yoast_head":"<!-- This site is optimized with the Yoast SEO plugin v27.5 - https:\/\/yoast.com\/product\/yoast-seo-wordpress\/ -->\n<title>Tractament farmacol\u00f2gic - Cl\u00ednica de la Ansiedad<\/title>\n<meta name=\"robots\" content=\"index, follow, max-snippet:-1, max-image-preview:large, max-video-preview:-1\" \/>\n<link rel=\"canonical\" href=\"https:\/\/clinicadeansiedad.com\/ca\/tractaments-psicologics\/tractament-farmacologic\/\" \/>\n<meta property=\"og:locale\" content=\"ca_ES\" \/>\n<meta property=\"og:type\" content=\"article\" \/>\n<meta property=\"og:title\" content=\"Tractament farmacol\u00f2gic - Cl\u00ednica de la Ansiedad\" \/>\n<meta property=\"og:description\" content=\"Tractament farmacol\u00f2gic Encara que el tractament b\u00e0sic pels problemes d\u2019ansietat \u00e9s el psicol\u00f2gic, en alguns casos, o fases del tractament, pot ser necessari, o aconsellable, un recolzament farmacol\u00f2gic. En el tractament de l\u2019ansietat, es fan servir habitualment dos tipus de f\u00e0rmacs: els ansiol\u00edtics, i els antidepressius. Els ansiol\u00edtics m\u00e9s emprats pertanyen al grup de les [&hellip;]\" \/>\n<meta property=\"og:url\" content=\"https:\/\/clinicadeansiedad.com\/ca\/tractaments-psicologics\/tractament-farmacologic\/\" \/>\n<meta property=\"og:site_name\" content=\"Cl\u00ednica de la Ansiedad\" \/>\n<meta property=\"article:modified_time\" content=\"2024-10-28T22:15:14+00:00\" \/>\n<meta property=\"og:image\" content=\"https:\/\/clinicadeansiedad.com\/wp-content\/uploads\/2022\/01\/Trat.-Farmacologicos.png\" \/>\n\t<meta property=\"og:image:width\" content=\"579\" \/>\n\t<meta property=\"og:image:height\" content=\"640\" \/>\n\t<meta property=\"og:image:type\" content=\"image\/png\" \/>\n<meta name=\"twitter:card\" content=\"summary_large_image\" \/>\n<meta name=\"twitter:label1\" content=\"Temps estimat de lectura\" \/>\n\t<meta name=\"twitter:data1\" content=\"2 minuts\" \/>\n<script type=\"application\/ld+json\" class=\"yoast-schema-graph\">{\"@context\":\"https:\\\/\\\/schema.org\",\"@graph\":[{\"@type\":\"WebPage\",\"@id\":\"https:\\\/\\\/clinicadeansiedad.com\\\/ca\\\/tractaments-psicologics\\\/tractament-farmacologic\\\/\",\"url\":\"https:\\\/\\\/clinicadeansiedad.com\\\/ca\\\/tractaments-psicologics\\\/tractament-farmacologic\\\/\",\"name\":\"Tractament farmacol\u00f2gic - Cl\u00ednica de la Ansiedad\",\"isPartOf\":{\"@id\":\"https:\\\/\\\/clinicadeansiedad.com\\\/ca\\\/#website\"},\"primaryImageOfPage\":{\"@id\":\"https:\\\/\\\/clinicadeansiedad.com\\\/ca\\\/tractaments-psicologics\\\/tractament-farmacologic\\\/#primaryimage\"},\"image\":{\"@id\":\"https:\\\/\\\/clinicadeansiedad.com\\\/ca\\\/tractaments-psicologics\\\/tractament-farmacologic\\\/#primaryimage\"},\"thumbnailUrl\":\"https:\\\/\\\/clinicadeansiedad.com\\\/wp-content\\\/uploads\\\/2022\\\/01\\\/Trat.-Farmacologicos.png\",\"datePublished\":\"2022-03-22T16:24:08+00:00\",\"dateModified\":\"2024-10-28T22:15:14+00:00\",\"breadcrumb\":{\"@id\":\"https:\\\/\\\/clinicadeansiedad.com\\\/ca\\\/tractaments-psicologics\\\/tractament-farmacologic\\\/#breadcrumb\"},\"inLanguage\":\"ca\",\"potentialAction\":[{\"@type\":\"ReadAction\",\"target\":[\"https:\\\/\\\/clinicadeansiedad.com\\\/ca\\\/tractaments-psicologics\\\/tractament-farmacologic\\\/\"]}]},{\"@type\":\"ImageObject\",\"inLanguage\":\"ca\",\"@id\":\"https:\\\/\\\/clinicadeansiedad.com\\\/ca\\\/tractaments-psicologics\\\/tractament-farmacologic\\\/#primaryimage\",\"url\":\"https:\\\/\\\/clinicadeansiedad.com\\\/wp-content\\\/uploads\\\/2022\\\/01\\\/Trat.-Farmacologicos.png\",\"contentUrl\":\"https:\\\/\\\/clinicadeansiedad.com\\\/wp-content\\\/uploads\\\/2022\\\/01\\\/Trat.-Farmacologicos.png\"},{\"@type\":\"BreadcrumbList\",\"@id\":\"https:\\\/\\\/clinicadeansiedad.com\\\/ca\\\/tractaments-psicologics\\\/tractament-farmacologic\\\/#breadcrumb\",\"itemListElement\":[{\"@type\":\"ListItem\",\"position\":1,\"name\":\"Portada\",\"item\":\"https:\\\/\\\/clinicadeansiedad.com\\\/ca\\\/\"},{\"@type\":\"ListItem\",\"position\":2,\"name\":\"Tractaments\",\"item\":\"https:\\\/\\\/clinicadeansiedad.com\\\/ca\\\/tratamientos-psicologicos\\\/\"},{\"@type\":\"ListItem\",\"position\":3,\"name\":\"Tractament farmacol\u00f2gic\"}]},{\"@type\":\"WebSite\",\"@id\":\"https:\\\/\\\/clinicadeansiedad.com\\\/ca\\\/#website\",\"url\":\"https:\\\/\\\/clinicadeansiedad.com\\\/ca\\\/\",\"name\":\"Cl\u00ednica de la Ansiedad\",\"description\":\"\",\"publisher\":{\"@id\":\"https:\\\/\\\/clinicadeansiedad.com\\\/ca\\\/#organization\"},\"potentialAction\":[{\"@type\":\"SearchAction\",\"target\":{\"@type\":\"EntryPoint\",\"urlTemplate\":\"https:\\\/\\\/clinicadeansiedad.com\\\/ca\\\/?s={search_term_string}\"},\"query-input\":{\"@type\":\"PropertyValueSpecification\",\"valueRequired\":true,\"valueName\":\"search_term_string\"}}],\"inLanguage\":\"ca\"},{\"@type\":\"Organization\",\"@id\":\"https:\\\/\\\/clinicadeansiedad.com\\\/ca\\\/#organization\",\"name\":\"Cl\u00ednica de la Ansiedad\",\"url\":\"https:\\\/\\\/clinicadeansiedad.com\\\/ca\\\/\",\"logo\":{\"@type\":\"ImageObject\",\"inLanguage\":\"ca\",\"@id\":\"https:\\\/\\\/clinicadeansiedad.com\\\/ca\\\/#\\\/schema\\\/logo\\\/image\\\/\",\"url\":\"https:\\\/\\\/clinicadeansiedad.com\\\/wp-content\\\/uploads\\\/2020\\\/12\\\/cropped-logo_app-1-scaled-1.jpg\",\"contentUrl\":\"https:\\\/\\\/clinicadeansiedad.com\\\/wp-content\\\/uploads\\\/2020\\\/12\\\/cropped-logo_app-1-scaled-1.jpg\",\"width\":2555,\"height\":1923,\"caption\":\"Cl\u00ednica de la Ansiedad\"},\"image\":{\"@id\":\"https:\\\/\\\/clinicadeansiedad.com\\\/ca\\\/#\\\/schema\\\/logo\\\/image\\\/\"}}]}<\/script>\n<!-- \/ Yoast SEO plugin. -->","yoast_head_json":{"title":"Tractament farmacol\u00f2gic - Cl\u00ednica de la Ansiedad","robots":{"index":"index","follow":"follow","max-snippet":"max-snippet:-1","max-image-preview":"max-image-preview:large","max-video-preview":"max-video-preview:-1"},"canonical":"https:\/\/clinicadeansiedad.com\/ca\/tractaments-psicologics\/tractament-farmacologic\/","og_locale":"ca_ES","og_type":"article","og_title":"Tractament farmacol\u00f2gic - Cl\u00ednica de la Ansiedad","og_description":"Tractament farmacol\u00f2gic Encara que el tractament b\u00e0sic pels problemes d\u2019ansietat \u00e9s el psicol\u00f2gic, en alguns casos, o fases del tractament, pot ser necessari, o aconsellable, un recolzament farmacol\u00f2gic. En el tractament de l\u2019ansietat, es fan servir habitualment dos tipus de f\u00e0rmacs: els ansiol\u00edtics, i els antidepressius. Els ansiol\u00edtics m\u00e9s emprats pertanyen al grup de les [&hellip;]","og_url":"https:\/\/clinicadeansiedad.com\/ca\/tractaments-psicologics\/tractament-farmacologic\/","og_site_name":"Cl\u00ednica de la Ansiedad","article_modified_time":"2024-10-28T22:15:14+00:00","og_image":[{"width":579,"height":640,"url":"https:\/\/clinicadeansiedad.com\/wp-content\/uploads\/2022\/01\/Trat.-Farmacologicos.png","type":"image\/png"}],"twitter_card":"summary_large_image","twitter_misc":{"Temps estimat de lectura":"2 minuts"},"schema":{"@context":"https:\/\/schema.org","@graph":[{"@type":"WebPage","@id":"https:\/\/clinicadeansiedad.com\/ca\/tractaments-psicologics\/tractament-farmacologic\/","url":"https:\/\/clinicadeansiedad.com\/ca\/tractaments-psicologics\/tractament-farmacologic\/","name":"Tractament farmacol\u00f2gic - Cl\u00ednica de la Ansiedad","isPartOf":{"@id":"https:\/\/clinicadeansiedad.com\/ca\/#website"},"primaryImageOfPage":{"@id":"https:\/\/clinicadeansiedad.com\/ca\/tractaments-psicologics\/tractament-farmacologic\/#primaryimage"},"image":{"@id":"https:\/\/clinicadeansiedad.com\/ca\/tractaments-psicologics\/tractament-farmacologic\/#primaryimage"},"thumbnailUrl":"https:\/\/clinicadeansiedad.com\/wp-content\/uploads\/2022\/01\/Trat.-Farmacologicos.png","datePublished":"2022-03-22T16:24:08+00:00","dateModified":"2024-10-28T22:15:14+00:00","breadcrumb":{"@id":"https:\/\/clinicadeansiedad.com\/ca\/tractaments-psicologics\/tractament-farmacologic\/#breadcrumb"},"inLanguage":"ca","potentialAction":[{"@type":"ReadAction","target":["https:\/\/clinicadeansiedad.com\/ca\/tractaments-psicologics\/tractament-farmacologic\/"]}]},{"@type":"ImageObject","inLanguage":"ca","@id":"https:\/\/clinicadeansiedad.com\/ca\/tractaments-psicologics\/tractament-farmacologic\/#primaryimage","url":"https:\/\/clinicadeansiedad.com\/wp-content\/uploads\/2022\/01\/Trat.-Farmacologicos.png","contentUrl":"https:\/\/clinicadeansiedad.com\/wp-content\/uploads\/2022\/01\/Trat.-Farmacologicos.png"},{"@type":"BreadcrumbList","@id":"https:\/\/clinicadeansiedad.com\/ca\/tractaments-psicologics\/tractament-farmacologic\/#breadcrumb","itemListElement":[{"@type":"ListItem","position":1,"name":"Portada","item":"https:\/\/clinicadeansiedad.com\/ca\/"},{"@type":"ListItem","position":2,"name":"Tractaments","item":"https:\/\/clinicadeansiedad.com\/ca\/tratamientos-psicologicos\/"},{"@type":"ListItem","position":3,"name":"Tractament farmacol\u00f2gic"}]},{"@type":"WebSite","@id":"https:\/\/clinicadeansiedad.com\/ca\/#website","url":"https:\/\/clinicadeansiedad.com\/ca\/","name":"Cl\u00ednica de la Ansiedad","description":"","publisher":{"@id":"https:\/\/clinicadeansiedad.com\/ca\/#organization"},"potentialAction":[{"@type":"SearchAction","target":{"@type":"EntryPoint","urlTemplate":"https:\/\/clinicadeansiedad.com\/ca\/?s={search_term_string}"},"query-input":{"@type":"PropertyValueSpecification","valueRequired":true,"valueName":"search_term_string"}}],"inLanguage":"ca"},{"@type":"Organization","@id":"https:\/\/clinicadeansiedad.com\/ca\/#organization","name":"Cl\u00ednica de la Ansiedad","url":"https:\/\/clinicadeansiedad.com\/ca\/","logo":{"@type":"ImageObject","inLanguage":"ca","@id":"https:\/\/clinicadeansiedad.com\/ca\/#\/schema\/logo\/image\/","url":"https:\/\/clinicadeansiedad.com\/wp-content\/uploads\/2020\/12\/cropped-logo_app-1-scaled-1.jpg","contentUrl":"https:\/\/clinicadeansiedad.com\/wp-content\/uploads\/2020\/12\/cropped-logo_app-1-scaled-1.jpg","width":2555,"height":1923,"caption":"Cl\u00ednica de la Ansiedad"},"image":{"@id":"https:\/\/clinicadeansiedad.com\/ca\/#\/schema\/logo\/image\/"}}]}},"_links":{"self":[{"href":"https:\/\/clinicadeansiedad.com\/ca\/wp-json\/wp\/v2\/pages\/58754","targetHints":{"allow":["GET"]}}],"collection":[{"href":"https:\/\/clinicadeansiedad.com\/ca\/wp-json\/wp\/v2\/pages"}],"about":[{"href":"https:\/\/clinicadeansiedad.com\/ca\/wp-json\/wp\/v2\/types\/page"}],"author":[{"embeddable":true,"href":"https:\/\/clinicadeansiedad.com\/ca\/wp-json\/wp\/v2\/users\/3439"}],"replies":[{"embeddable":true,"href":"https:\/\/clinicadeansiedad.com\/ca\/wp-json\/wp\/v2\/comments?post=58754"}],"version-history":[{"count":8,"href":"https:\/\/clinicadeansiedad.com\/ca\/wp-json\/wp\/v2\/pages\/58754\/revisions"}],"predecessor-version":[{"id":66228,"href":"https:\/\/clinicadeansiedad.com\/ca\/wp-json\/wp\/v2\/pages\/58754\/revisions\/66228"}],"up":[{"embeddable":true,"href":"https:\/\/clinicadeansiedad.com\/ca\/wp-json\/wp\/v2\/pages\/55765"}],"wp:attachment":[{"href":"https:\/\/clinicadeansiedad.com\/ca\/wp-json\/wp\/v2\/media?parent=58754"}],"curies":[{"name":"wp","href":"https:\/\/api.w.org\/{rel}","templated":true}]}}