{"id":58752,"date":"2022-03-22T16:21:05","date_gmt":"2022-03-22T16:21:05","guid":{"rendered":"https:\/\/clinicadeansiedad.com\/serveis\/tractament-psicologics\/"},"modified":"2024-10-29T00:34:18","modified_gmt":"2024-10-28T22:34:18","slug":"tractaments-psicologics","status":"publish","type":"page","link":"https:\/\/clinicadeansiedad.com\/ca\/tractaments-psicologics\/tractaments-psicologics\/","title":{"rendered":"Tractaments Psicol\u00f2gics"},"content":{"rendered":"\t\t<div data-elementor-type=\"wp-page\" data-elementor-id=\"58752\" class=\"elementor elementor-58752 elementor-55700\" data-elementor-post-type=\"page\">\n\t\t\t\t\t\t<section class=\"elementor-section elementor-top-section elementor-element elementor-element-8e069d5 elementor-section-boxed elementor-section-height-default elementor-section-height-default\" data-id=\"8e069d5\" data-element_type=\"section\" data-e-type=\"section\">\n\t\t\t\t\t\t<div class=\"elementor-container elementor-column-gap-default\">\n\t\t\t\t\t<div class=\"elementor-column elementor-col-100 elementor-top-column elementor-element elementor-element-a6d7070\" data-id=\"a6d7070\" data-element_type=\"column\" data-e-type=\"column\">\n\t\t\t<div class=\"elementor-widget-wrap elementor-element-populated\">\n\t\t\t\t\t\t<div class=\"elementor-element elementor-element-4ff2ed8 elementor-widget elementor-widget-heading\" data-id=\"4ff2ed8\" data-element_type=\"widget\" data-e-type=\"widget\" data-widget_type=\"heading.default\">\n\t\t\t\t<div class=\"elementor-widget-container\">\n\t\t\t\t\t<h2 class=\"elementor-heading-title elementor-size-default\">Tractament Psicol\u00f2gics<\/h2>\t\t\t\t<\/div>\n\t\t\t\t<\/div>\n\t\t\t\t<section class=\"elementor-section elementor-inner-section elementor-element elementor-element-90331be elementor-section-boxed elementor-section-height-default elementor-section-height-default\" data-id=\"90331be\" data-element_type=\"section\" data-e-type=\"section\">\n\t\t\t\t\t\t<div class=\"elementor-container elementor-column-gap-default\">\n\t\t\t\t\t<div class=\"elementor-column elementor-col-50 elementor-inner-column elementor-element elementor-element-e41f64f\" data-id=\"e41f64f\" data-element_type=\"column\" data-e-type=\"column\">\n\t\t\t<div class=\"elementor-widget-wrap elementor-element-populated\">\n\t\t\t\t\t\t<div class=\"elementor-element elementor-element-0eba997 elementor-widget elementor-widget-image\" data-id=\"0eba997\" data-element_type=\"widget\" data-e-type=\"widget\" data-widget_type=\"image.default\">\n\t\t\t\t<div class=\"elementor-widget-container\">\n\t\t\t\t\t\t\t\t\t\t\t\t\t\t\t\t<a href=\"https:\/\/clinicadeansiedad.com\/tratamientos-psicologicos\/tratamientos-psicologicos\/\">\n\t\t\t\t\t\t\t<img fetchpriority=\"high\" decoding=\"async\" width=\"579\" height=\"639\" src=\"https:\/\/clinicadeansiedad.com\/wp-content\/uploads\/2022\/01\/Trat.-Psicologicos.png\" class=\"attachment-large size-large wp-image-55563\" alt=\"\" srcset=\"https:\/\/clinicadeansiedad.com\/wp-content\/uploads\/2022\/01\/Trat.-Psicologicos.png 579w, https:\/\/clinicadeansiedad.com\/wp-content\/uploads\/2022\/01\/Trat.-Psicologicos-272x300.png 272w\" sizes=\"(max-width: 579px) 100vw, 579px\" \/>\t\t\t\t\t\t\t\t<\/a>\n\t\t\t\t\t\t\t\t\t\t\t\t\t\t\t<\/div>\n\t\t\t\t<\/div>\n\t\t\t\t\t<\/div>\n\t\t<\/div>\n\t\t\t\t<div class=\"elementor-column elementor-col-50 elementor-inner-column elementor-element elementor-element-1e43161\" data-id=\"1e43161\" data-element_type=\"column\" data-e-type=\"column\">\n\t\t\t<div class=\"elementor-widget-wrap elementor-element-populated\">\n\t\t\t\t\t\t<div class=\"elementor-element elementor-element-05db821 elementor-widget elementor-widget-text-editor\" data-id=\"05db821\" data-element_type=\"widget\" data-e-type=\"widget\" data-widget_type=\"text-editor.default\">\n\t\t\t\t<div class=\"elementor-widget-container\">\n\t\t\t\t\t\t\t\t\t<p>El tractament d\u2019elecci\u00f3 pels problemes d\u2019ansietat, segons la literatura cient\u00edfica bassada en l\u2019evid\u00e8ncia, \u00e9s el tractaments psicol\u00f2gic basat en procediments Cognitiu-Conductuals, que poden combinar-se amb altres complementaris que ha demostrat ser efectius. <br \/><br \/>La ter\u00e0pia Cognitiu-Conductual, est\u00e0 formada per una s\u00e8rie d\u2019estrat\u00e8gies i t\u00e8cniques eficaces per l\u2019afrontament de l\u2019ansietat en les seves diferents manifestacions: s\u00edmptomes f\u00edsics i sensacions, emocions, pensaments i conductes, aix\u00ed com la intervenci\u00f3 sobre els factors que l\u2019originen i mantenen. <br \/><br \/>El tractament psicol\u00f2gic ajuda a entendre el que passa, aprendre estrat\u00e8gies per regular l\u2019ansietat, recuperar l\u2019estabilitat emocional, sentir-te amb menys por; regular millor pensaments i emocions; millorar la pressa de desicions, gestionar l\u2019estr\u00e8s, les preocupacions i problemes; optimitzar la son, la concentraci\u00f3, el benestar personal, les relacions interpersonals i poder gaudir de les coses. I previndre recaigudes.<br \/><br \/>Despr\u00e9s de la valoraci\u00f3 del cas, les primeres intervencions van encaminades a reduir els s\u00edmptomes d&#8217;ansietat i la incapacitaci\u00f3 que produeixen. Posteriorment s&#8217;analitzen i es tracten els factors que originen i\/o mantenen l&#8217;ansietat i altres alteracions que la puguin acompanyar.<\/p><p><strong>Tarifes<\/strong>: Primera visita a 80 euros. Visites successives: 65 euros<\/p><p><strong>M\u00e9s informaci\u00f3<\/strong><\/p><p>Per a m\u00e9s informaci\u00f3 sobre tractaments i condicions d&#8217;assist\u00e8ncia podeu comunicar-vos amb nosaltres a trav\u00e9s del<span style=\"color: #2025d8;\"><a style=\"color: #2025d8;\" href=\"https:\/\/clinicadeansiedad.com\/ca\/contactar\/\"><span class=\"enlace_azul\">formulari de sol\u00b7licitud d&#8217;informaci\u00f3<\/span><\/a><\/span> o trucant als tel\u00e8fons <span class=\"color_azul\"><span style=\"color: #2025d8;\"><a style=\"color: #2025d8;\" href=\"tel:932261412\">93 226 14 12<\/a> \u2013 <a style=\"color: #2025d8;\" href=\"tel:607507097\">607 50 70 97<\/a>\u00a0<\/span><\/span>(Barcelona)<span class=\"color_azul\"> \u00f3 <\/span><span class=\"color_azul\"><span style=\"color: #2025d8;\"><a style=\"color: #2025d8;\" href=\"tel:918299392\">91 829 93 92<\/a> \u2013 <a style=\"color: #2025d8;\" href=\"tel:607507097\">607 507 097<\/a>\u00a0<\/span><\/span>(Madrid).<\/p>\t\t\t\t\t\t\t\t<\/div>\n\t\t\t\t<\/div>\n\t\t\t\t<div class=\"elementor-element elementor-element-b8d383b elementor-button-info elementor-align-left elementor-widget elementor-widget-button\" data-id=\"b8d383b\" data-element_type=\"widget\" data-e-type=\"widget\" data-widget_type=\"button.default\">\n\t\t\t\t<div class=\"elementor-widget-container\">\n\t\t\t\t\t\t\t\t\t<div class=\"elementor-button-wrapper\">\n\t\t\t\t\t<a class=\"elementor-button elementor-button-link elementor-size-sm elementor-animation-grow\" href=\"https:\/\/clinicadeansiedad.com\/ca\/contactar\/\">\n\t\t\t\t\t\t<span class=\"elementor-button-content-wrapper\">\n\t\t\t\t\t\t\t\t\t<span class=\"elementor-button-text\">Contactar<\/span>\n\t\t\t\t\t<\/span>\n\t\t\t\t\t<\/a>\n\t\t\t\t<\/div>\n\t\t\t\t\t\t\t\t<\/div>\n\t\t\t\t<\/div>\n\t\t\t\t\t<\/div>\n\t\t<\/div>\n\t\t\t\t\t<\/div>\n\t\t<\/section>\n\t\t\t\t\t<\/div>\n\t\t<\/div>\n\t\t\t\t\t<\/div>\n\t\t<\/section>\n\t\t\t\t<\/div>\n\t\t","protected":false},"excerpt":{"rendered":"<p>Tractament Psicol\u00f2gics El tractament d\u2019elecci\u00f3 pels problemes d\u2019ansietat, segons la literatura cient\u00edfica bassada en l\u2019evid\u00e8ncia, \u00e9s el tractaments psicol\u00f2gic basat en procediments Cognitiu-Conductuals, que poden combinar-se amb altres complementaris que ha demostrat ser efectius. La ter\u00e0pia Cognitiu-Conductual, est\u00e0 formada per una s\u00e8rie d\u2019estrat\u00e8gies i t\u00e8cniques eficaces per l\u2019afrontament de l\u2019ansietat en les seves diferents manifestacions: [&hellip;]<\/p>\n","protected":false},"author":3439,"featured_media":0,"parent":55765,"menu_order":87,"comment_status":"closed","ping_status":"closed","template":"elementor_header_footer","meta":{"_bbp_topic_count":0,"_bbp_reply_count":0,"_bbp_total_topic_count":0,"_bbp_total_reply_count":0,"_bbp_voice_count":0,"_bbp_anonymous_reply_count":0,"_bbp_topic_count_hidden":0,"_bbp_reply_count_hidden":0,"_bbp_forum_subforum_count":0,"_joinchat":[],"footnotes":""},"class_list":["post-58752","page","type-page","status-publish","hentry"],"yoast_head":"<!-- This site is optimized with the Yoast SEO plugin v27.2 - https:\/\/yoast.com\/product\/yoast-seo-wordpress\/ -->\n<title>Tractaments Psicol\u00f2gics - Cl\u00ednica de la Ansiedad<\/title>\n<meta name=\"robots\" content=\"index, follow, max-snippet:-1, max-image-preview:large, max-video-preview:-1\" \/>\n<link rel=\"canonical\" href=\"https:\/\/clinicadeansiedad.com\/ca\/tractaments-psicologics\/tractaments-psicologics\/\" \/>\n<meta property=\"og:locale\" content=\"ca_ES\" \/>\n<meta property=\"og:type\" content=\"article\" \/>\n<meta property=\"og:title\" content=\"Tractaments Psicol\u00f2gics - Cl\u00ednica de la Ansiedad\" \/>\n<meta property=\"og:description\" content=\"Tractament Psicol\u00f2gics El tractament d\u2019elecci\u00f3 pels problemes d\u2019ansietat, segons la literatura cient\u00edfica bassada en l\u2019evid\u00e8ncia, \u00e9s el tractaments psicol\u00f2gic basat en procediments Cognitiu-Conductuals, que poden combinar-se amb altres complementaris que ha demostrat ser efectius. La ter\u00e0pia Cognitiu-Conductual, est\u00e0 formada per una s\u00e8rie d\u2019estrat\u00e8gies i t\u00e8cniques eficaces per l\u2019afrontament de l\u2019ansietat en les seves diferents manifestacions: [&hellip;]\" \/>\n<meta property=\"og:url\" content=\"https:\/\/clinicadeansiedad.com\/ca\/tractaments-psicologics\/tractaments-psicologics\/\" \/>\n<meta property=\"og:site_name\" content=\"Cl\u00ednica de la Ansiedad\" \/>\n<meta property=\"article:modified_time\" content=\"2024-10-28T22:34:18+00:00\" \/>\n<meta property=\"og:image\" content=\"https:\/\/clinicadeansiedad.com\/wp-content\/uploads\/2022\/01\/Trat.-Psicologicos.png\" \/>\n<meta name=\"twitter:card\" content=\"summary_large_image\" \/>\n<meta name=\"twitter:label1\" content=\"Temps estimat de lectura\" \/>\n\t<meta name=\"twitter:data1\" content=\"2 minuts\" \/>\n<script type=\"application\/ld+json\" class=\"yoast-schema-graph\">{\"@context\":\"https:\/\/schema.org\",\"@graph\":[{\"@type\":\"WebPage\",\"@id\":\"https:\/\/clinicadeansiedad.com\/ca\/tractaments-psicologics\/tractaments-psicologics\/\",\"url\":\"https:\/\/clinicadeansiedad.com\/ca\/tractaments-psicologics\/tractaments-psicologics\/\",\"name\":\"Tractaments Psicol\u00f2gics - Cl\u00ednica de la Ansiedad\",\"isPartOf\":{\"@id\":\"https:\/\/clinicadeansiedad.com\/ca\/#website\"},\"primaryImageOfPage\":{\"@id\":\"https:\/\/clinicadeansiedad.com\/ca\/tractaments-psicologics\/tractaments-psicologics\/#primaryimage\"},\"image\":{\"@id\":\"https:\/\/clinicadeansiedad.com\/ca\/tractaments-psicologics\/tractaments-psicologics\/#primaryimage\"},\"thumbnailUrl\":\"https:\/\/clinicadeansiedad.com\/wp-content\/uploads\/2022\/01\/Trat.-Psicologicos.png\",\"datePublished\":\"2022-03-22T16:21:05+00:00\",\"dateModified\":\"2024-10-28T22:34:18+00:00\",\"breadcrumb\":{\"@id\":\"https:\/\/clinicadeansiedad.com\/ca\/tractaments-psicologics\/tractaments-psicologics\/#breadcrumb\"},\"inLanguage\":\"ca\",\"potentialAction\":[{\"@type\":\"ReadAction\",\"target\":[\"https:\/\/clinicadeansiedad.com\/ca\/tractaments-psicologics\/tractaments-psicologics\/\"]}]},{\"@type\":\"ImageObject\",\"inLanguage\":\"ca\",\"@id\":\"https:\/\/clinicadeansiedad.com\/ca\/tractaments-psicologics\/tractaments-psicologics\/#primaryimage\",\"url\":\"https:\/\/clinicadeansiedad.com\/wp-content\/uploads\/2022\/01\/Trat.-Psicologicos.png\",\"contentUrl\":\"https:\/\/clinicadeansiedad.com\/wp-content\/uploads\/2022\/01\/Trat.-Psicologicos.png\"},{\"@type\":\"BreadcrumbList\",\"@id\":\"https:\/\/clinicadeansiedad.com\/ca\/tractaments-psicologics\/tractaments-psicologics\/#breadcrumb\",\"itemListElement\":[{\"@type\":\"ListItem\",\"position\":1,\"name\":\"Portada\",\"item\":\"https:\/\/clinicadeansiedad.com\/ca\/\"},{\"@type\":\"ListItem\",\"position\":2,\"name\":\"Tractaments\",\"item\":\"https:\/\/clinicadeansiedad.com\/ca\/tratamientos-psicologicos\/\"},{\"@type\":\"ListItem\",\"position\":3,\"name\":\"Tractaments Psicol\u00f2gics\"}]},{\"@type\":\"WebSite\",\"@id\":\"https:\/\/clinicadeansiedad.com\/ca\/#website\",\"url\":\"https:\/\/clinicadeansiedad.com\/ca\/\",\"name\":\"Cl\u00ednica de la Ansiedad\",\"description\":\"\",\"publisher\":{\"@id\":\"https:\/\/clinicadeansiedad.com\/ca\/#organization\"},\"potentialAction\":[{\"@type\":\"SearchAction\",\"target\":{\"@type\":\"EntryPoint\",\"urlTemplate\":\"https:\/\/clinicadeansiedad.com\/ca\/?s={search_term_string}\"},\"query-input\":{\"@type\":\"PropertyValueSpecification\",\"valueRequired\":true,\"valueName\":\"search_term_string\"}}],\"inLanguage\":\"ca\"},{\"@type\":\"Organization\",\"@id\":\"https:\/\/clinicadeansiedad.com\/ca\/#organization\",\"name\":\"Cl\u00ednica de la Ansiedad\",\"url\":\"https:\/\/clinicadeansiedad.com\/ca\/\",\"logo\":{\"@type\":\"ImageObject\",\"inLanguage\":\"ca\",\"@id\":\"https:\/\/clinicadeansiedad.com\/ca\/#\/schema\/logo\/image\/\",\"url\":\"https:\/\/clinicadeansiedad.com\/wp-content\/uploads\/2020\/12\/cropped-logo_app-1-scaled-1.jpg\",\"contentUrl\":\"https:\/\/clinicadeansiedad.com\/wp-content\/uploads\/2020\/12\/cropped-logo_app-1-scaled-1.jpg\",\"width\":2555,\"height\":1923,\"caption\":\"Cl\u00ednica de la Ansiedad\"},\"image\":{\"@id\":\"https:\/\/clinicadeansiedad.com\/ca\/#\/schema\/logo\/image\/\"}}]}<\/script>\n<!-- \/ Yoast SEO plugin. -->","yoast_head_json":{"title":"Tractaments Psicol\u00f2gics - Cl\u00ednica de la Ansiedad","robots":{"index":"index","follow":"follow","max-snippet":"max-snippet:-1","max-image-preview":"max-image-preview:large","max-video-preview":"max-video-preview:-1"},"canonical":"https:\/\/clinicadeansiedad.com\/ca\/tractaments-psicologics\/tractaments-psicologics\/","og_locale":"ca_ES","og_type":"article","og_title":"Tractaments Psicol\u00f2gics - Cl\u00ednica de la Ansiedad","og_description":"Tractament Psicol\u00f2gics El tractament d\u2019elecci\u00f3 pels problemes d\u2019ansietat, segons la literatura cient\u00edfica bassada en l\u2019evid\u00e8ncia, \u00e9s el tractaments psicol\u00f2gic basat en procediments Cognitiu-Conductuals, que poden combinar-se amb altres complementaris que ha demostrat ser efectius. La ter\u00e0pia Cognitiu-Conductual, est\u00e0 formada per una s\u00e8rie d\u2019estrat\u00e8gies i t\u00e8cniques eficaces per l\u2019afrontament de l\u2019ansietat en les seves diferents manifestacions: [&hellip;]","og_url":"https:\/\/clinicadeansiedad.com\/ca\/tractaments-psicologics\/tractaments-psicologics\/","og_site_name":"Cl\u00ednica de la Ansiedad","article_modified_time":"2024-10-28T22:34:18+00:00","og_image":[{"url":"https:\/\/clinicadeansiedad.com\/wp-content\/uploads\/2022\/01\/Trat.-Psicologicos.png","type":"","width":"","height":""}],"twitter_card":"summary_large_image","twitter_misc":{"Temps estimat de lectura":"2 minuts"},"schema":{"@context":"https:\/\/schema.org","@graph":[{"@type":"WebPage","@id":"https:\/\/clinicadeansiedad.com\/ca\/tractaments-psicologics\/tractaments-psicologics\/","url":"https:\/\/clinicadeansiedad.com\/ca\/tractaments-psicologics\/tractaments-psicologics\/","name":"Tractaments Psicol\u00f2gics - Cl\u00ednica de la Ansiedad","isPartOf":{"@id":"https:\/\/clinicadeansiedad.com\/ca\/#website"},"primaryImageOfPage":{"@id":"https:\/\/clinicadeansiedad.com\/ca\/tractaments-psicologics\/tractaments-psicologics\/#primaryimage"},"image":{"@id":"https:\/\/clinicadeansiedad.com\/ca\/tractaments-psicologics\/tractaments-psicologics\/#primaryimage"},"thumbnailUrl":"https:\/\/clinicadeansiedad.com\/wp-content\/uploads\/2022\/01\/Trat.-Psicologicos.png","datePublished":"2022-03-22T16:21:05+00:00","dateModified":"2024-10-28T22:34:18+00:00","breadcrumb":{"@id":"https:\/\/clinicadeansiedad.com\/ca\/tractaments-psicologics\/tractaments-psicologics\/#breadcrumb"},"inLanguage":"ca","potentialAction":[{"@type":"ReadAction","target":["https:\/\/clinicadeansiedad.com\/ca\/tractaments-psicologics\/tractaments-psicologics\/"]}]},{"@type":"ImageObject","inLanguage":"ca","@id":"https:\/\/clinicadeansiedad.com\/ca\/tractaments-psicologics\/tractaments-psicologics\/#primaryimage","url":"https:\/\/clinicadeansiedad.com\/wp-content\/uploads\/2022\/01\/Trat.-Psicologicos.png","contentUrl":"https:\/\/clinicadeansiedad.com\/wp-content\/uploads\/2022\/01\/Trat.-Psicologicos.png"},{"@type":"BreadcrumbList","@id":"https:\/\/clinicadeansiedad.com\/ca\/tractaments-psicologics\/tractaments-psicologics\/#breadcrumb","itemListElement":[{"@type":"ListItem","position":1,"name":"Portada","item":"https:\/\/clinicadeansiedad.com\/ca\/"},{"@type":"ListItem","position":2,"name":"Tractaments","item":"https:\/\/clinicadeansiedad.com\/ca\/tratamientos-psicologicos\/"},{"@type":"ListItem","position":3,"name":"Tractaments Psicol\u00f2gics"}]},{"@type":"WebSite","@id":"https:\/\/clinicadeansiedad.com\/ca\/#website","url":"https:\/\/clinicadeansiedad.com\/ca\/","name":"Cl\u00ednica de la Ansiedad","description":"","publisher":{"@id":"https:\/\/clinicadeansiedad.com\/ca\/#organization"},"potentialAction":[{"@type":"SearchAction","target":{"@type":"EntryPoint","urlTemplate":"https:\/\/clinicadeansiedad.com\/ca\/?s={search_term_string}"},"query-input":{"@type":"PropertyValueSpecification","valueRequired":true,"valueName":"search_term_string"}}],"inLanguage":"ca"},{"@type":"Organization","@id":"https:\/\/clinicadeansiedad.com\/ca\/#organization","name":"Cl\u00ednica de la Ansiedad","url":"https:\/\/clinicadeansiedad.com\/ca\/","logo":{"@type":"ImageObject","inLanguage":"ca","@id":"https:\/\/clinicadeansiedad.com\/ca\/#\/schema\/logo\/image\/","url":"https:\/\/clinicadeansiedad.com\/wp-content\/uploads\/2020\/12\/cropped-logo_app-1-scaled-1.jpg","contentUrl":"https:\/\/clinicadeansiedad.com\/wp-content\/uploads\/2020\/12\/cropped-logo_app-1-scaled-1.jpg","width":2555,"height":1923,"caption":"Cl\u00ednica de la Ansiedad"},"image":{"@id":"https:\/\/clinicadeansiedad.com\/ca\/#\/schema\/logo\/image\/"}}]}},"_links":{"self":[{"href":"https:\/\/clinicadeansiedad.com\/ca\/wp-json\/wp\/v2\/pages\/58752","targetHints":{"allow":["GET"]}}],"collection":[{"href":"https:\/\/clinicadeansiedad.com\/ca\/wp-json\/wp\/v2\/pages"}],"about":[{"href":"https:\/\/clinicadeansiedad.com\/ca\/wp-json\/wp\/v2\/types\/page"}],"author":[{"embeddable":true,"href":"https:\/\/clinicadeansiedad.com\/ca\/wp-json\/wp\/v2\/users\/3439"}],"replies":[{"embeddable":true,"href":"https:\/\/clinicadeansiedad.com\/ca\/wp-json\/wp\/v2\/comments?post=58752"}],"version-history":[{"count":15,"href":"https:\/\/clinicadeansiedad.com\/ca\/wp-json\/wp\/v2\/pages\/58752\/revisions"}],"predecessor-version":[{"id":66247,"href":"https:\/\/clinicadeansiedad.com\/ca\/wp-json\/wp\/v2\/pages\/58752\/revisions\/66247"}],"up":[{"embeddable":true,"href":"https:\/\/clinicadeansiedad.com\/ca\/wp-json\/wp\/v2\/pages\/55765"}],"wp:attachment":[{"href":"https:\/\/clinicadeansiedad.com\/ca\/wp-json\/wp\/v2\/media?parent=58752"}],"curies":[{"name":"wp","href":"https:\/\/api.w.org\/{rel}","templated":true}]}}