{"id":58425,"date":"2022-03-17T15:31:02","date_gmt":"2022-03-17T15:31:02","guid":{"rendered":"https:\/\/clinicadeansiedad.com\/qui-som\/maria-isabel-ramos-garcia\/"},"modified":"2023-07-15T10:17:18","modified_gmt":"2023-07-15T10:17:18","slug":"maria-isabel-ramos-garcia","status":"publish","type":"page","link":"https:\/\/clinicadeansiedad.com\/ca\/qui-som\/maria-isabel-ramos-garcia\/","title":{"rendered":"Mar\u00eda Isabel Ramos Garc\u00eda"},"content":{"rendered":"\t\t<div data-elementor-type=\"wp-page\" data-elementor-id=\"58425\" class=\"elementor elementor-58425 elementor-55615\" data-elementor-post-type=\"page\">\n\t\t\t\t\t\t<section class=\"elementor-section elementor-top-section elementor-element elementor-element-5e94012 elementor-section-boxed elementor-section-height-default elementor-section-height-default\" data-id=\"5e94012\" data-element_type=\"section\" data-e-type=\"section\">\n\t\t\t\t\t\t<div class=\"elementor-container elementor-column-gap-default\">\n\t\t\t\t\t<div class=\"elementor-column elementor-col-100 elementor-top-column elementor-element elementor-element-89357f4\" data-id=\"89357f4\" data-element_type=\"column\" data-e-type=\"column\">\n\t\t\t<div class=\"elementor-widget-wrap elementor-element-populated\">\n\t\t\t\t\t\t<div class=\"elementor-element elementor-element-a2405ae elementor-widget elementor-widget-heading\" data-id=\"a2405ae\" data-element_type=\"widget\" data-e-type=\"widget\" data-widget_type=\"heading.default\">\n\t\t\t\t<div class=\"elementor-widget-container\">\n\t\t\t\t\t<h2 class=\"elementor-heading-title elementor-size-default\">Qu\u00ed som<\/h2>\t\t\t\t<\/div>\n\t\t\t\t<\/div>\n\t\t\t\t<div class=\"elementor-element elementor-element-57781a8 elementor-widget elementor-widget-heading\" data-id=\"57781a8\" data-element_type=\"widget\" data-e-type=\"widget\" data-widget_type=\"heading.default\">\n\t\t\t\t<div class=\"elementor-widget-container\">\n\t\t\t\t\t<h2 class=\"elementor-heading-title elementor-size-default\">Mar\u00eda Isabel Ramos Garc\u00eda<\/h2>\t\t\t\t<\/div>\n\t\t\t\t<\/div>\n\t\t\t\t<section class=\"elementor-section elementor-inner-section elementor-element elementor-element-a310405 elementor-section-boxed elementor-section-height-default elementor-section-height-default\" data-id=\"a310405\" data-element_type=\"section\" data-e-type=\"section\">\n\t\t\t\t\t\t<div class=\"elementor-container elementor-column-gap-default\">\n\t\t\t\t\t<div class=\"elementor-column elementor-col-50 elementor-inner-column elementor-element elementor-element-2289895\" data-id=\"2289895\" data-element_type=\"column\" data-e-type=\"column\">\n\t\t\t<div class=\"elementor-widget-wrap elementor-element-populated\">\n\t\t\t\t\t\t<div class=\"elementor-element elementor-element-d609daa elementor-widget elementor-widget-image\" data-id=\"d609daa\" data-element_type=\"widget\" data-e-type=\"widget\" data-widget_type=\"image.default\">\n\t\t\t\t<div class=\"elementor-widget-container\">\n\t\t\t\t\t\t\t\t\t\t\t\t\t\t\t<img decoding=\"async\" width=\"170\" height=\"200\" data-src=\"https:\/\/clinicadeansiedad.com\/wp-content\/uploads\/2022\/01\/Foto-ISA-web-2.jpg\" class=\"attachment-large size-large wp-image-55498 lazyload\" alt=\"\" src=\"data:image\/svg+xml;base64,PHN2ZyB3aWR0aD0iMSIgaGVpZ2h0PSIxIiB4bWxucz0iaHR0cDovL3d3dy53My5vcmcvMjAwMC9zdmciPjwvc3ZnPg==\" style=\"--smush-placeholder-width: 170px; --smush-placeholder-aspect-ratio: 170\/200;\" \/>\t\t\t\t\t\t\t\t\t\t\t\t\t\t\t<\/div>\n\t\t\t\t<\/div>\n\t\t\t\t\t<\/div>\n\t\t<\/div>\n\t\t\t\t<div class=\"elementor-column elementor-col-50 elementor-inner-column elementor-element elementor-element-4ca4857\" data-id=\"4ca4857\" data-element_type=\"column\" data-e-type=\"column\">\n\t\t\t<div class=\"elementor-widget-wrap elementor-element-populated\">\n\t\t\t\t\t\t<div class=\"elementor-element elementor-element-9020048 elementor-widget elementor-widget-text-editor\" data-id=\"9020048\" data-element_type=\"widget\" data-e-type=\"widget\" data-widget_type=\"text-editor.default\">\n\t\t\t\t<div class=\"elementor-widget-container\">\n\t\t\t\t\t\t\t\t\t<p>En Madrid, Cl\u00ednica de la Ansiedad cuenta con la colaboraci\u00f3n profesional de la Dra. Mar\u00eda Isabel Ramos Garc\u00eda, psiquiatra.<\/p>\n<ul>\n<li>Licenciada en Medicina y Cirug\u00eda por la Universidad de Extremadura.<\/li>\n<li>Especialidad en Psiquiatr\u00eda: Unidad docente del Complejo Hospitalario de \u00c1vila.<\/li>\n<li>M\u00e1ster de postgrado en Psicogeriatr\u00eda por la Universidad de Barcelona<\/li>\n<li>Psiquiatra de la Unidad de Hospitalizaci\u00f3n Psiqui\u00e1trica del Instituto de Psiquiatr\u00eda y Salud Mental (IPySM) del Hospital Cl\u00ednico Universitario San Carlos de Madrid.<\/li>\n<li>Psiquiatra de la Unidad de \u201cTrauma Ps\u00edquico\u201d, del IPySM del Hospital Cl\u00ednico San Carlos de Madrid. Atenci\u00f3n especializada en Trastornos de estr\u00e9s Postraum\u00e1tico y atenci\u00f3n a intervinientes de cat\u00e1strofes\/desastres y v\u00edctimas de violencia.<\/li>\n<li>Docencia: Profesor de docencia Pr\u00e1ctica de la Facultad de Medicina de la Universidad Complutense de Madrid.<\/li>\n<li>Publicaciones e investigaci\u00f3n: Autor y coautor de m\u00faltiples publicaciones nacionales e internacionales y diferentes proyectos de investigaci\u00f3n en el campo de la psicogeriatr\u00eda y el trauma ps\u00edquico y violencia.<\/li>\n<li>Sociedades cient\u00edficas: Miembro de la Sociedad Espa\u00f1ola de Psiquiatr\u00eda. Sociedad de Psiquiatr\u00eda Biol\u00f3gica. Sociedad Espa\u00f1ola de Geriatr\u00eda y Gerontolog\u00eda. Sociedad Espa\u00f1ola de Psicogeriatr\u00eda.<\/li>\n<li>Colegiada N\u00ba 28\/2854479 en el Ilustre Colegio Oficial de M\u00e9dicos de Madrid.<\/li>\n<\/ul>\n\t\t\t\t\t\t\t\t<\/div>\n\t\t\t\t<\/div>\n\t\t\t\t\t<\/div>\n\t\t<\/div>\n\t\t\t\t\t<\/div>\n\t\t<\/section>\n\t\t\t\t\t<\/div>\n\t\t<\/div>\n\t\t\t\t\t<\/div>\n\t\t<\/section>\n\t\t\t\t<\/div>\n\t\t","protected":false},"excerpt":{"rendered":"<p>Qu\u00ed som Mar\u00eda Isabel Ramos Garc\u00eda En Madrid, Cl\u00ednica de la Ansiedad cuenta con la colaboraci\u00f3n profesional de la Dra. Mar\u00eda Isabel Ramos Garc\u00eda, psiquiatra. Licenciada en Medicina y Cirug\u00eda por la Universidad de Extremadura. Especialidad en Psiquiatr\u00eda: Unidad docente del Complejo Hospitalario de \u00c1vila. M\u00e1ster de postgrado en Psicogeriatr\u00eda por la Universidad de Barcelona [&hellip;]<\/p>\n","protected":false},"author":32070,"featured_media":0,"parent":55761,"menu_order":96,"comment_status":"closed","ping_status":"closed","template":"elementor_header_footer","meta":{"_bbp_topic_count":0,"_bbp_reply_count":0,"_bbp_total_topic_count":0,"_bbp_total_reply_count":0,"_bbp_voice_count":0,"_bbp_anonymous_reply_count":0,"_bbp_topic_count_hidden":0,"_bbp_reply_count_hidden":0,"_bbp_forum_subforum_count":0,"_joinchat":[],"footnotes":""},"class_list":["post-58425","page","type-page","status-publish","hentry"],"yoast_head":"<!-- This site is optimized with the Yoast SEO plugin v27.2 - https:\/\/yoast.com\/product\/yoast-seo-wordpress\/ -->\n<title>Mar\u00eda Isabel Ramos Garc\u00eda - Cl\u00ednica de la Ansiedad<\/title>\n<meta name=\"robots\" content=\"index, follow, max-snippet:-1, max-image-preview:large, max-video-preview:-1\" \/>\n<link rel=\"canonical\" href=\"https:\/\/clinicadeansiedad.com\/ca\/qui-som\/maria-isabel-ramos-garcia\/\" \/>\n<meta property=\"og:locale\" content=\"ca_ES\" \/>\n<meta property=\"og:type\" content=\"article\" \/>\n<meta property=\"og:title\" content=\"Mar\u00eda Isabel Ramos Garc\u00eda - Cl\u00ednica de la Ansiedad\" \/>\n<meta property=\"og:description\" content=\"Qu\u00ed som Mar\u00eda Isabel Ramos Garc\u00eda En Madrid, Cl\u00ednica de la Ansiedad cuenta con la colaboraci\u00f3n profesional de la Dra. Mar\u00eda Isabel Ramos Garc\u00eda, psiquiatra. Licenciada en Medicina y Cirug\u00eda por la Universidad de Extremadura. Especialidad en Psiquiatr\u00eda: Unidad docente del Complejo Hospitalario de \u00c1vila. M\u00e1ster de postgrado en Psicogeriatr\u00eda por la Universidad de Barcelona [&hellip;]\" \/>\n<meta property=\"og:url\" content=\"https:\/\/clinicadeansiedad.com\/ca\/qui-som\/maria-isabel-ramos-garcia\/\" \/>\n<meta property=\"og:site_name\" content=\"Cl\u00ednica de la Ansiedad\" \/>\n<meta property=\"article:modified_time\" content=\"2023-07-15T10:17:18+00:00\" \/>\n<meta property=\"og:image\" content=\"https:\/\/clinicadeansiedad.com\/wp-content\/uploads\/2022\/01\/Foto-ISA-web-2.jpg\" \/>\n<meta name=\"twitter:card\" content=\"summary_large_image\" \/>\n<meta name=\"twitter:label1\" content=\"Temps estimat de lectura\" \/>\n\t<meta name=\"twitter:data1\" content=\"2 minuts\" \/>\n<script type=\"application\/ld+json\" class=\"yoast-schema-graph\">{\"@context\":\"https:\/\/schema.org\",\"@graph\":[{\"@type\":\"WebPage\",\"@id\":\"https:\/\/clinicadeansiedad.com\/ca\/qui-som\/maria-isabel-ramos-garcia\/\",\"url\":\"https:\/\/clinicadeansiedad.com\/ca\/qui-som\/maria-isabel-ramos-garcia\/\",\"name\":\"Mar\u00eda Isabel Ramos Garc\u00eda - Cl\u00ednica de la Ansiedad\",\"isPartOf\":{\"@id\":\"https:\/\/clinicadeansiedad.com\/ca\/#website\"},\"primaryImageOfPage\":{\"@id\":\"https:\/\/clinicadeansiedad.com\/ca\/qui-som\/maria-isabel-ramos-garcia\/#primaryimage\"},\"image\":{\"@id\":\"https:\/\/clinicadeansiedad.com\/ca\/qui-som\/maria-isabel-ramos-garcia\/#primaryimage\"},\"thumbnailUrl\":\"https:\/\/clinicadeansiedad.com\/wp-content\/uploads\/2022\/01\/Foto-ISA-web-2.jpg\",\"datePublished\":\"2022-03-17T15:31:02+00:00\",\"dateModified\":\"2023-07-15T10:17:18+00:00\",\"breadcrumb\":{\"@id\":\"https:\/\/clinicadeansiedad.com\/ca\/qui-som\/maria-isabel-ramos-garcia\/#breadcrumb\"},\"inLanguage\":\"ca\",\"potentialAction\":[{\"@type\":\"ReadAction\",\"target\":[\"https:\/\/clinicadeansiedad.com\/ca\/qui-som\/maria-isabel-ramos-garcia\/\"]}]},{\"@type\":\"ImageObject\",\"inLanguage\":\"ca\",\"@id\":\"https:\/\/clinicadeansiedad.com\/ca\/qui-som\/maria-isabel-ramos-garcia\/#primaryimage\",\"url\":\"https:\/\/clinicadeansiedad.com\/wp-content\/uploads\/2022\/01\/Foto-ISA-web-2.jpg\",\"contentUrl\":\"https:\/\/clinicadeansiedad.com\/wp-content\/uploads\/2022\/01\/Foto-ISA-web-2.jpg\"},{\"@type\":\"BreadcrumbList\",\"@id\":\"https:\/\/clinicadeansiedad.com\/ca\/qui-som\/maria-isabel-ramos-garcia\/#breadcrumb\",\"itemListElement\":[{\"@type\":\"ListItem\",\"position\":1,\"name\":\"Portada\",\"item\":\"https:\/\/clinicadeansiedad.com\/ca\/\"},{\"@type\":\"ListItem\",\"position\":2,\"name\":\"Qui Som\",\"item\":\"https:\/\/clinicadeansiedad.com\/ca\/qui-som\/\"},{\"@type\":\"ListItem\",\"position\":3,\"name\":\"Mar\u00eda Isabel Ramos Garc\u00eda\"}]},{\"@type\":\"WebSite\",\"@id\":\"https:\/\/clinicadeansiedad.com\/ca\/#website\",\"url\":\"https:\/\/clinicadeansiedad.com\/ca\/\",\"name\":\"Cl\u00ednica de la Ansiedad\",\"description\":\"\",\"publisher\":{\"@id\":\"https:\/\/clinicadeansiedad.com\/ca\/#organization\"},\"potentialAction\":[{\"@type\":\"SearchAction\",\"target\":{\"@type\":\"EntryPoint\",\"urlTemplate\":\"https:\/\/clinicadeansiedad.com\/ca\/?s={search_term_string}\"},\"query-input\":{\"@type\":\"PropertyValueSpecification\",\"valueRequired\":true,\"valueName\":\"search_term_string\"}}],\"inLanguage\":\"ca\"},{\"@type\":\"Organization\",\"@id\":\"https:\/\/clinicadeansiedad.com\/ca\/#organization\",\"name\":\"Cl\u00ednica de la Ansiedad\",\"url\":\"https:\/\/clinicadeansiedad.com\/ca\/\",\"logo\":{\"@type\":\"ImageObject\",\"inLanguage\":\"ca\",\"@id\":\"https:\/\/clinicadeansiedad.com\/ca\/#\/schema\/logo\/image\/\",\"url\":\"https:\/\/clinicadeansiedad.com\/wp-content\/uploads\/2020\/12\/cropped-logo_app-1-scaled-1.jpg\",\"contentUrl\":\"https:\/\/clinicadeansiedad.com\/wp-content\/uploads\/2020\/12\/cropped-logo_app-1-scaled-1.jpg\",\"width\":2555,\"height\":1923,\"caption\":\"Cl\u00ednica de la Ansiedad\"},\"image\":{\"@id\":\"https:\/\/clinicadeansiedad.com\/ca\/#\/schema\/logo\/image\/\"}}]}<\/script>\n<!-- \/ Yoast SEO plugin. -->","yoast_head_json":{"title":"Mar\u00eda Isabel Ramos Garc\u00eda - Cl\u00ednica de la Ansiedad","robots":{"index":"index","follow":"follow","max-snippet":"max-snippet:-1","max-image-preview":"max-image-preview:large","max-video-preview":"max-video-preview:-1"},"canonical":"https:\/\/clinicadeansiedad.com\/ca\/qui-som\/maria-isabel-ramos-garcia\/","og_locale":"ca_ES","og_type":"article","og_title":"Mar\u00eda Isabel Ramos Garc\u00eda - Cl\u00ednica de la Ansiedad","og_description":"Qu\u00ed som Mar\u00eda Isabel Ramos Garc\u00eda En Madrid, Cl\u00ednica de la Ansiedad cuenta con la colaboraci\u00f3n profesional de la Dra. Mar\u00eda Isabel Ramos Garc\u00eda, psiquiatra. Licenciada en Medicina y Cirug\u00eda por la Universidad de Extremadura. Especialidad en Psiquiatr\u00eda: Unidad docente del Complejo Hospitalario de \u00c1vila. M\u00e1ster de postgrado en Psicogeriatr\u00eda por la Universidad de Barcelona [&hellip;]","og_url":"https:\/\/clinicadeansiedad.com\/ca\/qui-som\/maria-isabel-ramos-garcia\/","og_site_name":"Cl\u00ednica de la Ansiedad","article_modified_time":"2023-07-15T10:17:18+00:00","og_image":[{"url":"https:\/\/clinicadeansiedad.com\/wp-content\/uploads\/2022\/01\/Foto-ISA-web-2.jpg","type":"","width":"","height":""}],"twitter_card":"summary_large_image","twitter_misc":{"Temps estimat de lectura":"2 minuts"},"schema":{"@context":"https:\/\/schema.org","@graph":[{"@type":"WebPage","@id":"https:\/\/clinicadeansiedad.com\/ca\/qui-som\/maria-isabel-ramos-garcia\/","url":"https:\/\/clinicadeansiedad.com\/ca\/qui-som\/maria-isabel-ramos-garcia\/","name":"Mar\u00eda Isabel Ramos Garc\u00eda - Cl\u00ednica de la Ansiedad","isPartOf":{"@id":"https:\/\/clinicadeansiedad.com\/ca\/#website"},"primaryImageOfPage":{"@id":"https:\/\/clinicadeansiedad.com\/ca\/qui-som\/maria-isabel-ramos-garcia\/#primaryimage"},"image":{"@id":"https:\/\/clinicadeansiedad.com\/ca\/qui-som\/maria-isabel-ramos-garcia\/#primaryimage"},"thumbnailUrl":"https:\/\/clinicadeansiedad.com\/wp-content\/uploads\/2022\/01\/Foto-ISA-web-2.jpg","datePublished":"2022-03-17T15:31:02+00:00","dateModified":"2023-07-15T10:17:18+00:00","breadcrumb":{"@id":"https:\/\/clinicadeansiedad.com\/ca\/qui-som\/maria-isabel-ramos-garcia\/#breadcrumb"},"inLanguage":"ca","potentialAction":[{"@type":"ReadAction","target":["https:\/\/clinicadeansiedad.com\/ca\/qui-som\/maria-isabel-ramos-garcia\/"]}]},{"@type":"ImageObject","inLanguage":"ca","@id":"https:\/\/clinicadeansiedad.com\/ca\/qui-som\/maria-isabel-ramos-garcia\/#primaryimage","url":"https:\/\/clinicadeansiedad.com\/wp-content\/uploads\/2022\/01\/Foto-ISA-web-2.jpg","contentUrl":"https:\/\/clinicadeansiedad.com\/wp-content\/uploads\/2022\/01\/Foto-ISA-web-2.jpg"},{"@type":"BreadcrumbList","@id":"https:\/\/clinicadeansiedad.com\/ca\/qui-som\/maria-isabel-ramos-garcia\/#breadcrumb","itemListElement":[{"@type":"ListItem","position":1,"name":"Portada","item":"https:\/\/clinicadeansiedad.com\/ca\/"},{"@type":"ListItem","position":2,"name":"Qui Som","item":"https:\/\/clinicadeansiedad.com\/ca\/qui-som\/"},{"@type":"ListItem","position":3,"name":"Mar\u00eda Isabel Ramos Garc\u00eda"}]},{"@type":"WebSite","@id":"https:\/\/clinicadeansiedad.com\/ca\/#website","url":"https:\/\/clinicadeansiedad.com\/ca\/","name":"Cl\u00ednica de la Ansiedad","description":"","publisher":{"@id":"https:\/\/clinicadeansiedad.com\/ca\/#organization"},"potentialAction":[{"@type":"SearchAction","target":{"@type":"EntryPoint","urlTemplate":"https:\/\/clinicadeansiedad.com\/ca\/?s={search_term_string}"},"query-input":{"@type":"PropertyValueSpecification","valueRequired":true,"valueName":"search_term_string"}}],"inLanguage":"ca"},{"@type":"Organization","@id":"https:\/\/clinicadeansiedad.com\/ca\/#organization","name":"Cl\u00ednica de la Ansiedad","url":"https:\/\/clinicadeansiedad.com\/ca\/","logo":{"@type":"ImageObject","inLanguage":"ca","@id":"https:\/\/clinicadeansiedad.com\/ca\/#\/schema\/logo\/image\/","url":"https:\/\/clinicadeansiedad.com\/wp-content\/uploads\/2020\/12\/cropped-logo_app-1-scaled-1.jpg","contentUrl":"https:\/\/clinicadeansiedad.com\/wp-content\/uploads\/2020\/12\/cropped-logo_app-1-scaled-1.jpg","width":2555,"height":1923,"caption":"Cl\u00ednica de la Ansiedad"},"image":{"@id":"https:\/\/clinicadeansiedad.com\/ca\/#\/schema\/logo\/image\/"}}]}},"_links":{"self":[{"href":"https:\/\/clinicadeansiedad.com\/ca\/wp-json\/wp\/v2\/pages\/58425","targetHints":{"allow":["GET"]}}],"collection":[{"href":"https:\/\/clinicadeansiedad.com\/ca\/wp-json\/wp\/v2\/pages"}],"about":[{"href":"https:\/\/clinicadeansiedad.com\/ca\/wp-json\/wp\/v2\/types\/page"}],"author":[{"embeddable":true,"href":"https:\/\/clinicadeansiedad.com\/ca\/wp-json\/wp\/v2\/users\/32070"}],"replies":[{"embeddable":true,"href":"https:\/\/clinicadeansiedad.com\/ca\/wp-json\/wp\/v2\/comments?post=58425"}],"version-history":[{"count":7,"href":"https:\/\/clinicadeansiedad.com\/ca\/wp-json\/wp\/v2\/pages\/58425\/revisions"}],"predecessor-version":[{"id":63793,"href":"https:\/\/clinicadeansiedad.com\/ca\/wp-json\/wp\/v2\/pages\/58425\/revisions\/63793"}],"up":[{"embeddable":true,"href":"https:\/\/clinicadeansiedad.com\/ca\/wp-json\/wp\/v2\/pages\/55761"}],"wp:attachment":[{"href":"https:\/\/clinicadeansiedad.com\/ca\/wp-json\/wp\/v2\/media?parent=58425"}],"curies":[{"name":"wp","href":"https:\/\/api.w.org\/{rel}","templated":true}]}}