{"id":58415,"date":"2022-03-17T15:29:21","date_gmt":"2022-03-17T15:29:21","guid":{"rendered":"https:\/\/clinicadeansiedad.com\/qui-som\/jose-salvador-ferez\/"},"modified":"2023-07-15T10:20:33","modified_gmt":"2023-07-15T10:20:33","slug":"jose-salvador-ferez","status":"publish","type":"page","link":"https:\/\/clinicadeansiedad.com\/ca\/qui-som\/jose-salvador-ferez\/","title":{"rendered":"Jos\u00e9 Salvador F\u00e9rez"},"content":{"rendered":"<h2>Qu\u00ed Som<\/h2>\n<h2>Jos\u00e9 Salvador F\u00e9rez<\/h2>\n<p>\t\t\t\t\t\t\t\t\t\t\t\t<img decoding=\"async\" width=\"179\" height=\"204\" data-src=\"https:\/\/clinicadeansiedad.com\/wp-content\/uploads\/2022\/01\/JoseSalvador.png\" alt=\"\" src=\"data:image\/svg+xml;base64,PHN2ZyB3aWR0aD0iMSIgaGVpZ2h0PSIxIiB4bWxucz0iaHR0cDovL3d3dy53My5vcmcvMjAwMC9zdmciPjwvc3ZnPg==\" class=\"lazyload\" style=\"--smush-placeholder-width: 179px; --smush-placeholder-aspect-ratio: 179\/204;\" \/>\t\t\t\t\t\t\t\t\t\t\t\t\t\t<\/p>\n<ul>\n<li>Llicenciat en Psicologia per la Universitat de Barcelona.<\/li>\n<li>Postgrau en Psicopatologia Cl\u00ednica per la Universitat de Barcelona.<\/li>\n<li>Formaci\u00f3 cl\u00ednica com a Terapeuta Cognitiu-Conductual a la Unitat de Ter\u00e0pia de Conducta de la Universitat de Barcelona.<\/li>\n<li>Acreditaci\u00f3 com Psic\u00f2leg General Sanitari. Col\u00b7legi Oficial de Psic\u00f2legs de Catalunya.<\/li>\n<li>European Certificate in Psichology (Clinical and Healt).<\/li>\n<li>Terapeuta Cognitiu-Conductual, acreditat per l\u2019SCRITC (Societat Catalana de Recerca i Ter\u00e0pia del Comportament) i l\u2019European Association for Behavioural and Cognitive Therapies (EABCT).<\/li>\n<li>Membre del Col\u00b7legi Oficial de Psic\u00f2legs de Catalunya. Col\u00b7legiat n\u00famero 12.459.<\/li>\n<li>Membre de la Societat Catalana de Recerca i Ter\u00e0pia del Comportament (SCRITC). <\/li>\n<\/ul>\n","protected":false},"excerpt":{"rendered":"<p>Qu\u00ed Som Jos\u00e9 Salvador F\u00e9rez Llicenciat en Psicologia per la Universitat de Barcelona. Postgrau en Psicopatologia Cl\u00ednica per la Universitat de Barcelona. Formaci\u00f3 cl\u00ednica com a Terapeuta Cognitiu-Conductual a la Unitat de Ter\u00e0pia de Conducta de la Universitat de Barcelona. Acreditaci\u00f3 com Psic\u00f2leg General Sanitari. Col\u00b7legi Oficial de Psic\u00f2legs de Catalunya. European Certificate in Psichology [&hellip;]<\/p>\n","protected":false},"author":3439,"featured_media":0,"parent":55761,"menu_order":91,"comment_status":"closed","ping_status":"closed","template":"elementor_header_footer","meta":{"_bbp_topic_count":0,"_bbp_reply_count":0,"_bbp_total_topic_count":0,"_bbp_total_reply_count":0,"_bbp_voice_count":0,"_bbp_anonymous_reply_count":0,"_bbp_topic_count_hidden":0,"_bbp_reply_count_hidden":0,"_bbp_forum_subforum_count":0,"_joinchat":[],"footnotes":""},"class_list":["post-58415","page","type-page","status-publish","hentry"],"yoast_head":"<!-- This site is optimized with the Yoast SEO plugin v27.2 - https:\/\/yoast.com\/product\/yoast-seo-wordpress\/ -->\n<title>Jos\u00e9 Salvador F\u00e9rez - Cl\u00ednica de la Ansiedad<\/title>\n<meta name=\"robots\" content=\"index, follow, max-snippet:-1, max-image-preview:large, max-video-preview:-1\" \/>\n<link rel=\"canonical\" href=\"https:\/\/clinicadeansiedad.com\/ca\/qui-som\/jose-salvador-ferez\/\" \/>\n<meta property=\"og:locale\" content=\"ca_ES\" \/>\n<meta property=\"og:type\" content=\"article\" \/>\n<meta property=\"og:title\" content=\"Jos\u00e9 Salvador F\u00e9rez - Cl\u00ednica de la Ansiedad\" \/>\n<meta property=\"og:description\" content=\"Qu\u00ed Som Jos\u00e9 Salvador F\u00e9rez Llicenciat en Psicologia per la Universitat de Barcelona. Postgrau en Psicopatologia Cl\u00ednica per la Universitat de Barcelona. Formaci\u00f3 cl\u00ednica com a Terapeuta Cognitiu-Conductual a la Unitat de Ter\u00e0pia de Conducta de la Universitat de Barcelona. Acreditaci\u00f3 com Psic\u00f2leg General Sanitari. Col\u00b7legi Oficial de Psic\u00f2legs de Catalunya. European Certificate in Psichology [&hellip;]\" \/>\n<meta property=\"og:url\" content=\"https:\/\/clinicadeansiedad.com\/ca\/qui-som\/jose-salvador-ferez\/\" \/>\n<meta property=\"og:site_name\" content=\"Cl\u00ednica de la Ansiedad\" \/>\n<meta property=\"article:modified_time\" content=\"2023-07-15T10:20:33+00:00\" \/>\n<meta property=\"og:image\" content=\"https:\/\/clinicadeansiedad.com\/wp-content\/uploads\/2022\/01\/JoseSalvador.png\" \/>\n<meta name=\"twitter:card\" content=\"summary_large_image\" \/>\n<meta name=\"twitter:label1\" content=\"Temps estimat de lectura\" \/>\n\t<meta name=\"twitter:data1\" content=\"1 minut\" \/>\n<script type=\"application\/ld+json\" class=\"yoast-schema-graph\">{\"@context\":\"https:\/\/schema.org\",\"@graph\":[{\"@type\":\"WebPage\",\"@id\":\"https:\/\/clinicadeansiedad.com\/ca\/qui-som\/jose-salvador-ferez\/\",\"url\":\"https:\/\/clinicadeansiedad.com\/ca\/qui-som\/jose-salvador-ferez\/\",\"name\":\"Jos\u00e9 Salvador F\u00e9rez - Cl\u00ednica de la Ansiedad\",\"isPartOf\":{\"@id\":\"https:\/\/clinicadeansiedad.com\/ca\/#website\"},\"primaryImageOfPage\":{\"@id\":\"https:\/\/clinicadeansiedad.com\/ca\/qui-som\/jose-salvador-ferez\/#primaryimage\"},\"image\":{\"@id\":\"https:\/\/clinicadeansiedad.com\/ca\/qui-som\/jose-salvador-ferez\/#primaryimage\"},\"thumbnailUrl\":\"https:\/\/clinicadeansiedad.com\/wp-content\/uploads\/2022\/01\/JoseSalvador.png\",\"datePublished\":\"2022-03-17T15:29:21+00:00\",\"dateModified\":\"2023-07-15T10:20:33+00:00\",\"breadcrumb\":{\"@id\":\"https:\/\/clinicadeansiedad.com\/ca\/qui-som\/jose-salvador-ferez\/#breadcrumb\"},\"inLanguage\":\"ca\",\"potentialAction\":[{\"@type\":\"ReadAction\",\"target\":[\"https:\/\/clinicadeansiedad.com\/ca\/qui-som\/jose-salvador-ferez\/\"]}]},{\"@type\":\"ImageObject\",\"inLanguage\":\"ca\",\"@id\":\"https:\/\/clinicadeansiedad.com\/ca\/qui-som\/jose-salvador-ferez\/#primaryimage\",\"url\":\"https:\/\/clinicadeansiedad.com\/wp-content\/uploads\/2022\/01\/JoseSalvador.png\",\"contentUrl\":\"https:\/\/clinicadeansiedad.com\/wp-content\/uploads\/2022\/01\/JoseSalvador.png\"},{\"@type\":\"BreadcrumbList\",\"@id\":\"https:\/\/clinicadeansiedad.com\/ca\/qui-som\/jose-salvador-ferez\/#breadcrumb\",\"itemListElement\":[{\"@type\":\"ListItem\",\"position\":1,\"name\":\"Portada\",\"item\":\"https:\/\/clinicadeansiedad.com\/ca\/\"},{\"@type\":\"ListItem\",\"position\":2,\"name\":\"Qui Som\",\"item\":\"https:\/\/clinicadeansiedad.com\/ca\/qui-som\/\"},{\"@type\":\"ListItem\",\"position\":3,\"name\":\"Jos\u00e9 Salvador F\u00e9rez\"}]},{\"@type\":\"WebSite\",\"@id\":\"https:\/\/clinicadeansiedad.com\/ca\/#website\",\"url\":\"https:\/\/clinicadeansiedad.com\/ca\/\",\"name\":\"Cl\u00ednica de la Ansiedad\",\"description\":\"\",\"publisher\":{\"@id\":\"https:\/\/clinicadeansiedad.com\/ca\/#organization\"},\"potentialAction\":[{\"@type\":\"SearchAction\",\"target\":{\"@type\":\"EntryPoint\",\"urlTemplate\":\"https:\/\/clinicadeansiedad.com\/ca\/?s={search_term_string}\"},\"query-input\":{\"@type\":\"PropertyValueSpecification\",\"valueRequired\":true,\"valueName\":\"search_term_string\"}}],\"inLanguage\":\"ca\"},{\"@type\":\"Organization\",\"@id\":\"https:\/\/clinicadeansiedad.com\/ca\/#organization\",\"name\":\"Cl\u00ednica de la Ansiedad\",\"url\":\"https:\/\/clinicadeansiedad.com\/ca\/\",\"logo\":{\"@type\":\"ImageObject\",\"inLanguage\":\"ca\",\"@id\":\"https:\/\/clinicadeansiedad.com\/ca\/#\/schema\/logo\/image\/\",\"url\":\"https:\/\/clinicadeansiedad.com\/wp-content\/uploads\/2020\/12\/cropped-logo_app-1-scaled-1.jpg\",\"contentUrl\":\"https:\/\/clinicadeansiedad.com\/wp-content\/uploads\/2020\/12\/cropped-logo_app-1-scaled-1.jpg\",\"width\":2555,\"height\":1923,\"caption\":\"Cl\u00ednica de la Ansiedad\"},\"image\":{\"@id\":\"https:\/\/clinicadeansiedad.com\/ca\/#\/schema\/logo\/image\/\"}}]}<\/script>\n<!-- \/ Yoast SEO plugin. -->","yoast_head_json":{"title":"Jos\u00e9 Salvador F\u00e9rez - Cl\u00ednica de la Ansiedad","robots":{"index":"index","follow":"follow","max-snippet":"max-snippet:-1","max-image-preview":"max-image-preview:large","max-video-preview":"max-video-preview:-1"},"canonical":"https:\/\/clinicadeansiedad.com\/ca\/qui-som\/jose-salvador-ferez\/","og_locale":"ca_ES","og_type":"article","og_title":"Jos\u00e9 Salvador F\u00e9rez - Cl\u00ednica de la Ansiedad","og_description":"Qu\u00ed Som Jos\u00e9 Salvador F\u00e9rez Llicenciat en Psicologia per la Universitat de Barcelona. Postgrau en Psicopatologia Cl\u00ednica per la Universitat de Barcelona. Formaci\u00f3 cl\u00ednica com a Terapeuta Cognitiu-Conductual a la Unitat de Ter\u00e0pia de Conducta de la Universitat de Barcelona. Acreditaci\u00f3 com Psic\u00f2leg General Sanitari. Col\u00b7legi Oficial de Psic\u00f2legs de Catalunya. European Certificate in Psichology [&hellip;]","og_url":"https:\/\/clinicadeansiedad.com\/ca\/qui-som\/jose-salvador-ferez\/","og_site_name":"Cl\u00ednica de la Ansiedad","article_modified_time":"2023-07-15T10:20:33+00:00","og_image":[{"url":"https:\/\/clinicadeansiedad.com\/wp-content\/uploads\/2022\/01\/JoseSalvador.png","type":"","width":"","height":""}],"twitter_card":"summary_large_image","twitter_misc":{"Temps estimat de lectura":"1 minut"},"schema":{"@context":"https:\/\/schema.org","@graph":[{"@type":"WebPage","@id":"https:\/\/clinicadeansiedad.com\/ca\/qui-som\/jose-salvador-ferez\/","url":"https:\/\/clinicadeansiedad.com\/ca\/qui-som\/jose-salvador-ferez\/","name":"Jos\u00e9 Salvador F\u00e9rez - Cl\u00ednica de la Ansiedad","isPartOf":{"@id":"https:\/\/clinicadeansiedad.com\/ca\/#website"},"primaryImageOfPage":{"@id":"https:\/\/clinicadeansiedad.com\/ca\/qui-som\/jose-salvador-ferez\/#primaryimage"},"image":{"@id":"https:\/\/clinicadeansiedad.com\/ca\/qui-som\/jose-salvador-ferez\/#primaryimage"},"thumbnailUrl":"https:\/\/clinicadeansiedad.com\/wp-content\/uploads\/2022\/01\/JoseSalvador.png","datePublished":"2022-03-17T15:29:21+00:00","dateModified":"2023-07-15T10:20:33+00:00","breadcrumb":{"@id":"https:\/\/clinicadeansiedad.com\/ca\/qui-som\/jose-salvador-ferez\/#breadcrumb"},"inLanguage":"ca","potentialAction":[{"@type":"ReadAction","target":["https:\/\/clinicadeansiedad.com\/ca\/qui-som\/jose-salvador-ferez\/"]}]},{"@type":"ImageObject","inLanguage":"ca","@id":"https:\/\/clinicadeansiedad.com\/ca\/qui-som\/jose-salvador-ferez\/#primaryimage","url":"https:\/\/clinicadeansiedad.com\/wp-content\/uploads\/2022\/01\/JoseSalvador.png","contentUrl":"https:\/\/clinicadeansiedad.com\/wp-content\/uploads\/2022\/01\/JoseSalvador.png"},{"@type":"BreadcrumbList","@id":"https:\/\/clinicadeansiedad.com\/ca\/qui-som\/jose-salvador-ferez\/#breadcrumb","itemListElement":[{"@type":"ListItem","position":1,"name":"Portada","item":"https:\/\/clinicadeansiedad.com\/ca\/"},{"@type":"ListItem","position":2,"name":"Qui Som","item":"https:\/\/clinicadeansiedad.com\/ca\/qui-som\/"},{"@type":"ListItem","position":3,"name":"Jos\u00e9 Salvador F\u00e9rez"}]},{"@type":"WebSite","@id":"https:\/\/clinicadeansiedad.com\/ca\/#website","url":"https:\/\/clinicadeansiedad.com\/ca\/","name":"Cl\u00ednica de la Ansiedad","description":"","publisher":{"@id":"https:\/\/clinicadeansiedad.com\/ca\/#organization"},"potentialAction":[{"@type":"SearchAction","target":{"@type":"EntryPoint","urlTemplate":"https:\/\/clinicadeansiedad.com\/ca\/?s={search_term_string}"},"query-input":{"@type":"PropertyValueSpecification","valueRequired":true,"valueName":"search_term_string"}}],"inLanguage":"ca"},{"@type":"Organization","@id":"https:\/\/clinicadeansiedad.com\/ca\/#organization","name":"Cl\u00ednica de la Ansiedad","url":"https:\/\/clinicadeansiedad.com\/ca\/","logo":{"@type":"ImageObject","inLanguage":"ca","@id":"https:\/\/clinicadeansiedad.com\/ca\/#\/schema\/logo\/image\/","url":"https:\/\/clinicadeansiedad.com\/wp-content\/uploads\/2020\/12\/cropped-logo_app-1-scaled-1.jpg","contentUrl":"https:\/\/clinicadeansiedad.com\/wp-content\/uploads\/2020\/12\/cropped-logo_app-1-scaled-1.jpg","width":2555,"height":1923,"caption":"Cl\u00ednica de la Ansiedad"},"image":{"@id":"https:\/\/clinicadeansiedad.com\/ca\/#\/schema\/logo\/image\/"}}]}},"_links":{"self":[{"href":"https:\/\/clinicadeansiedad.com\/ca\/wp-json\/wp\/v2\/pages\/58415","targetHints":{"allow":["GET"]}}],"collection":[{"href":"https:\/\/clinicadeansiedad.com\/ca\/wp-json\/wp\/v2\/pages"}],"about":[{"href":"https:\/\/clinicadeansiedad.com\/ca\/wp-json\/wp\/v2\/types\/page"}],"author":[{"embeddable":true,"href":"https:\/\/clinicadeansiedad.com\/ca\/wp-json\/wp\/v2\/users\/3439"}],"replies":[{"embeddable":true,"href":"https:\/\/clinicadeansiedad.com\/ca\/wp-json\/wp\/v2\/comments?post=58415"}],"version-history":[{"count":11,"href":"https:\/\/clinicadeansiedad.com\/ca\/wp-json\/wp\/v2\/pages\/58415\/revisions"}],"predecessor-version":[{"id":63799,"href":"https:\/\/clinicadeansiedad.com\/ca\/wp-json\/wp\/v2\/pages\/58415\/revisions\/63799"}],"up":[{"embeddable":true,"href":"https:\/\/clinicadeansiedad.com\/ca\/wp-json\/wp\/v2\/pages\/55761"}],"wp:attachment":[{"href":"https:\/\/clinicadeansiedad.com\/ca\/wp-json\/wp\/v2\/media?parent=58415"}],"curies":[{"name":"wp","href":"https:\/\/api.w.org\/{rel}","templated":true}]}}