{"id":58413,"date":"2022-03-17T15:28:52","date_gmt":"2022-03-17T15:28:52","guid":{"rendered":"https:\/\/clinicadeansiedad.com\/qui-som\/rosa-de-santa-maria-perez-conill\/"},"modified":"2022-03-17T15:28:53","modified_gmt":"2022-03-17T15:28:53","slug":"rosa-de-santa-maria-perez-conill","status":"publish","type":"page","link":"https:\/\/clinicadeansiedad.com\/ca\/qui-som\/rosa-de-santa-maria-perez-conill\/","title":{"rendered":"Rosa de Santa Mar\u00eda P\u00e9rez Conill"},"content":{"rendered":"\t\t<div data-elementor-type=\"wp-page\" data-elementor-id=\"58413\" class=\"elementor elementor-58413 elementor-55674\" data-elementor-post-type=\"page\">\n\t\t\t\t\t\t<section class=\"elementor-section elementor-top-section elementor-element elementor-element-0d52196 elementor-section-boxed elementor-section-height-default elementor-section-height-default\" data-id=\"0d52196\" data-element_type=\"section\" data-e-type=\"section\">\n\t\t\t\t\t\t<div class=\"elementor-container elementor-column-gap-default\">\n\t\t\t\t\t<div class=\"elementor-column elementor-col-100 elementor-top-column elementor-element elementor-element-7ea64e9\" data-id=\"7ea64e9\" data-element_type=\"column\" data-e-type=\"column\">\n\t\t\t<div class=\"elementor-widget-wrap elementor-element-populated\">\n\t\t\t\t\t\t<div class=\"elementor-element elementor-element-a0aa101 elementor-widget elementor-widget-heading\" data-id=\"a0aa101\" data-element_type=\"widget\" data-e-type=\"widget\" data-widget_type=\"heading.default\">\n\t\t\t\t<div class=\"elementor-widget-container\">\n\t\t\t\t\t<h2 class=\"elementor-heading-title elementor-size-default\">Qui\u00e9nes somos<\/h2>\t\t\t\t<\/div>\n\t\t\t\t<\/div>\n\t\t\t\t<div class=\"elementor-element elementor-element-7a14be3 elementor-widget elementor-widget-heading\" data-id=\"7a14be3\" data-element_type=\"widget\" data-e-type=\"widget\" data-widget_type=\"heading.default\">\n\t\t\t\t<div class=\"elementor-widget-container\">\n\t\t\t\t\t<h2 class=\"elementor-heading-title elementor-size-default\">Rosa de Santa Mar\u00eda P\u00e9rez Conill<\/h2>\t\t\t\t<\/div>\n\t\t\t\t<\/div>\n\t\t\t\t<section class=\"elementor-section elementor-inner-section elementor-element elementor-element-7caab74 elementor-section-boxed elementor-section-height-default elementor-section-height-default\" data-id=\"7caab74\" data-element_type=\"section\" data-e-type=\"section\">\n\t\t\t\t\t\t<div class=\"elementor-container elementor-column-gap-default\">\n\t\t\t\t\t<div class=\"elementor-column elementor-col-50 elementor-inner-column elementor-element elementor-element-56d0b8a\" data-id=\"56d0b8a\" data-element_type=\"column\" data-e-type=\"column\">\n\t\t\t<div class=\"elementor-widget-wrap elementor-element-populated\">\n\t\t\t\t\t\t<div class=\"elementor-element elementor-element-13abba7 elementor-widget elementor-widget-image\" data-id=\"13abba7\" data-element_type=\"widget\" data-e-type=\"widget\" data-widget_type=\"image.default\">\n\t\t\t\t<div class=\"elementor-widget-container\">\n\t\t\t\t\t\t\t\t\t\t\t\t\t\t\t<img decoding=\"async\" width=\"179\" height=\"204\" data-src=\"https:\/\/clinicadeansiedad.com\/wp-content\/uploads\/2022\/01\/RosaStMaria.png\" class=\"attachment-large size-large wp-image-55515 lazyload\" alt=\"\" src=\"data:image\/svg+xml;base64,PHN2ZyB3aWR0aD0iMSIgaGVpZ2h0PSIxIiB4bWxucz0iaHR0cDovL3d3dy53My5vcmcvMjAwMC9zdmciPjwvc3ZnPg==\" style=\"--smush-placeholder-width: 179px; --smush-placeholder-aspect-ratio: 179\/204;\" \/>\t\t\t\t\t\t\t\t\t\t\t\t\t\t\t<\/div>\n\t\t\t\t<\/div>\n\t\t\t\t\t<\/div>\n\t\t<\/div>\n\t\t\t\t<div class=\"elementor-column elementor-col-50 elementor-inner-column elementor-element elementor-element-86545f8\" data-id=\"86545f8\" data-element_type=\"column\" data-e-type=\"column\">\n\t\t\t<div class=\"elementor-widget-wrap elementor-element-populated\">\n\t\t\t\t\t\t<div class=\"elementor-element elementor-element-2278b16 elementor-widget elementor-widget-text-editor\" data-id=\"2278b16\" data-element_type=\"widget\" data-e-type=\"widget\" data-widget_type=\"text-editor.default\">\n\t\t\t\t<div class=\"elementor-widget-container\">\n\t\t\t\t\t\t\t\t\t<ul>\n<li>M\u00e9dico Especialista en Psiquiatr\u00eda, con formaci\u00f3n especializada seg\u00fan programa del Ministerio de Sanidad MIR.<\/li>\n<li>Especialista Universitario en Psiquiatr\u00eda Forense.<\/li>\n<li>M\u00e1ster en Terapia Familiar Sist\u00e9mica.<\/li>\n<li>Formaci\u00f3n continuada como especialista en psiquiatr\u00eda de ni\u00f1os adolescentes y adultos.<\/li>\n<\/ul>\n\t\t\t\t\t\t\t\t<\/div>\n\t\t\t\t<\/div>\n\t\t\t\t\t<\/div>\n\t\t<\/div>\n\t\t\t\t\t<\/div>\n\t\t<\/section>\n\t\t\t\t\t<\/div>\n\t\t<\/div>\n\t\t\t\t\t<\/div>\n\t\t<\/section>\n\t\t\t\t<\/div>\n\t\t","protected":false},"excerpt":{"rendered":"<p>Qui\u00e9nes somos Rosa de Santa Mar\u00eda P\u00e9rez Conill M\u00e9dico Especialista en Psiquiatr\u00eda, con formaci\u00f3n especializada seg\u00fan programa del Ministerio de Sanidad MIR. Especialista Universitario en Psiquiatr\u00eda Forense. M\u00e1ster en Terapia Familiar Sist\u00e9mica. Formaci\u00f3n continuada como especialista en psiquiatr\u00eda de ni\u00f1os adolescentes y adultos.<\/p>\n","protected":false},"author":3439,"featured_media":0,"parent":55761,"menu_order":90,"comment_status":"closed","ping_status":"closed","template":"elementor_header_footer","meta":{"_bbp_topic_count":0,"_bbp_reply_count":0,"_bbp_total_topic_count":0,"_bbp_total_reply_count":0,"_bbp_voice_count":0,"_bbp_anonymous_reply_count":0,"_bbp_topic_count_hidden":0,"_bbp_reply_count_hidden":0,"_bbp_forum_subforum_count":0,"_joinchat":[],"footnotes":""},"class_list":["post-58413","page","type-page","status-publish","hentry"],"yoast_head":"<!-- This site is optimized with the Yoast SEO plugin v27.6 - https:\/\/yoast.com\/product\/yoast-seo-wordpress\/ -->\n<title>Rosa de Santa Mar\u00eda P\u00e9rez Conill - Cl\u00ednica de la Ansiedad<\/title>\n<meta name=\"robots\" content=\"index, follow, max-snippet:-1, max-image-preview:large, max-video-preview:-1\" \/>\n<link rel=\"canonical\" href=\"https:\/\/clinicadeansiedad.com\/ca\/qui-som\/rosa-de-santa-maria-perez-conill\/\" \/>\n<meta property=\"og:locale\" content=\"ca_ES\" \/>\n<meta property=\"og:type\" content=\"article\" \/>\n<meta property=\"og:title\" content=\"Rosa de Santa Mar\u00eda P\u00e9rez Conill - Cl\u00ednica de la Ansiedad\" \/>\n<meta property=\"og:description\" content=\"Qui\u00e9nes somos Rosa de Santa Mar\u00eda P\u00e9rez Conill M\u00e9dico Especialista en Psiquiatr\u00eda, con formaci\u00f3n especializada seg\u00fan programa del Ministerio de Sanidad MIR. Especialista Universitario en Psiquiatr\u00eda Forense. M\u00e1ster en Terapia Familiar Sist\u00e9mica. Formaci\u00f3n continuada como especialista en psiquiatr\u00eda de ni\u00f1os adolescentes y adultos.\" \/>\n<meta property=\"og:url\" content=\"https:\/\/clinicadeansiedad.com\/ca\/qui-som\/rosa-de-santa-maria-perez-conill\/\" \/>\n<meta property=\"og:site_name\" content=\"Cl\u00ednica de la Ansiedad\" \/>\n<meta property=\"article:modified_time\" content=\"2022-03-17T15:28:53+00:00\" \/>\n<meta property=\"og:image\" content=\"https:\/\/clinicadeansiedad.com\/wp-content\/uploads\/2022\/01\/RosaStMaria.png\" \/>\n<meta name=\"twitter:card\" content=\"summary_large_image\" \/>\n<script type=\"application\/ld+json\" class=\"yoast-schema-graph\">{\"@context\":\"https:\\\/\\\/schema.org\",\"@graph\":[{\"@type\":\"WebPage\",\"@id\":\"https:\\\/\\\/clinicadeansiedad.com\\\/ca\\\/qui-som\\\/rosa-de-santa-maria-perez-conill\\\/\",\"url\":\"https:\\\/\\\/clinicadeansiedad.com\\\/ca\\\/qui-som\\\/rosa-de-santa-maria-perez-conill\\\/\",\"name\":\"Rosa de Santa Mar\u00eda P\u00e9rez Conill - Cl\u00ednica de la Ansiedad\",\"isPartOf\":{\"@id\":\"https:\\\/\\\/clinicadeansiedad.com\\\/ca\\\/#website\"},\"primaryImageOfPage\":{\"@id\":\"https:\\\/\\\/clinicadeansiedad.com\\\/ca\\\/qui-som\\\/rosa-de-santa-maria-perez-conill\\\/#primaryimage\"},\"image\":{\"@id\":\"https:\\\/\\\/clinicadeansiedad.com\\\/ca\\\/qui-som\\\/rosa-de-santa-maria-perez-conill\\\/#primaryimage\"},\"thumbnailUrl\":\"https:\\\/\\\/clinicadeansiedad.com\\\/wp-content\\\/uploads\\\/2022\\\/01\\\/RosaStMaria.png\",\"datePublished\":\"2022-03-17T15:28:52+00:00\",\"dateModified\":\"2022-03-17T15:28:53+00:00\",\"breadcrumb\":{\"@id\":\"https:\\\/\\\/clinicadeansiedad.com\\\/ca\\\/qui-som\\\/rosa-de-santa-maria-perez-conill\\\/#breadcrumb\"},\"inLanguage\":\"ca\",\"potentialAction\":[{\"@type\":\"ReadAction\",\"target\":[\"https:\\\/\\\/clinicadeansiedad.com\\\/ca\\\/qui-som\\\/rosa-de-santa-maria-perez-conill\\\/\"]}]},{\"@type\":\"ImageObject\",\"inLanguage\":\"ca\",\"@id\":\"https:\\\/\\\/clinicadeansiedad.com\\\/ca\\\/qui-som\\\/rosa-de-santa-maria-perez-conill\\\/#primaryimage\",\"url\":\"https:\\\/\\\/clinicadeansiedad.com\\\/wp-content\\\/uploads\\\/2022\\\/01\\\/RosaStMaria.png\",\"contentUrl\":\"https:\\\/\\\/clinicadeansiedad.com\\\/wp-content\\\/uploads\\\/2022\\\/01\\\/RosaStMaria.png\"},{\"@type\":\"BreadcrumbList\",\"@id\":\"https:\\\/\\\/clinicadeansiedad.com\\\/ca\\\/qui-som\\\/rosa-de-santa-maria-perez-conill\\\/#breadcrumb\",\"itemListElement\":[{\"@type\":\"ListItem\",\"position\":1,\"name\":\"Portada\",\"item\":\"https:\\\/\\\/clinicadeansiedad.com\\\/ca\\\/\"},{\"@type\":\"ListItem\",\"position\":2,\"name\":\"Qui Som\",\"item\":\"https:\\\/\\\/clinicadeansiedad.com\\\/ca\\\/qui-som\\\/\"},{\"@type\":\"ListItem\",\"position\":3,\"name\":\"Rosa de Santa Mar\u00eda P\u00e9rez Conill\"}]},{\"@type\":\"WebSite\",\"@id\":\"https:\\\/\\\/clinicadeansiedad.com\\\/ca\\\/#website\",\"url\":\"https:\\\/\\\/clinicadeansiedad.com\\\/ca\\\/\",\"name\":\"Cl\u00ednica de la Ansiedad\",\"description\":\"\",\"publisher\":{\"@id\":\"https:\\\/\\\/clinicadeansiedad.com\\\/ca\\\/#organization\"},\"potentialAction\":[{\"@type\":\"SearchAction\",\"target\":{\"@type\":\"EntryPoint\",\"urlTemplate\":\"https:\\\/\\\/clinicadeansiedad.com\\\/ca\\\/?s={search_term_string}\"},\"query-input\":{\"@type\":\"PropertyValueSpecification\",\"valueRequired\":true,\"valueName\":\"search_term_string\"}}],\"inLanguage\":\"ca\"},{\"@type\":\"Organization\",\"@id\":\"https:\\\/\\\/clinicadeansiedad.com\\\/ca\\\/#organization\",\"name\":\"Cl\u00ednica de la Ansiedad\",\"url\":\"https:\\\/\\\/clinicadeansiedad.com\\\/ca\\\/\",\"logo\":{\"@type\":\"ImageObject\",\"inLanguage\":\"ca\",\"@id\":\"https:\\\/\\\/clinicadeansiedad.com\\\/ca\\\/#\\\/schema\\\/logo\\\/image\\\/\",\"url\":\"https:\\\/\\\/clinicadeansiedad.com\\\/wp-content\\\/uploads\\\/2020\\\/12\\\/cropped-logo_app-1-scaled-1.jpg\",\"contentUrl\":\"https:\\\/\\\/clinicadeansiedad.com\\\/wp-content\\\/uploads\\\/2020\\\/12\\\/cropped-logo_app-1-scaled-1.jpg\",\"width\":2555,\"height\":1923,\"caption\":\"Cl\u00ednica de la Ansiedad\"},\"image\":{\"@id\":\"https:\\\/\\\/clinicadeansiedad.com\\\/ca\\\/#\\\/schema\\\/logo\\\/image\\\/\"}}]}<\/script>\n<!-- \/ Yoast SEO plugin. -->","yoast_head_json":{"title":"Rosa de Santa Mar\u00eda P\u00e9rez Conill - Cl\u00ednica de la Ansiedad","robots":{"index":"index","follow":"follow","max-snippet":"max-snippet:-1","max-image-preview":"max-image-preview:large","max-video-preview":"max-video-preview:-1"},"canonical":"https:\/\/clinicadeansiedad.com\/ca\/qui-som\/rosa-de-santa-maria-perez-conill\/","og_locale":"ca_ES","og_type":"article","og_title":"Rosa de Santa Mar\u00eda P\u00e9rez Conill - Cl\u00ednica de la Ansiedad","og_description":"Qui\u00e9nes somos Rosa de Santa Mar\u00eda P\u00e9rez Conill M\u00e9dico Especialista en Psiquiatr\u00eda, con formaci\u00f3n especializada seg\u00fan programa del Ministerio de Sanidad MIR. Especialista Universitario en Psiquiatr\u00eda Forense. M\u00e1ster en Terapia Familiar Sist\u00e9mica. Formaci\u00f3n continuada como especialista en psiquiatr\u00eda de ni\u00f1os adolescentes y adultos.","og_url":"https:\/\/clinicadeansiedad.com\/ca\/qui-som\/rosa-de-santa-maria-perez-conill\/","og_site_name":"Cl\u00ednica de la Ansiedad","article_modified_time":"2022-03-17T15:28:53+00:00","og_image":[{"url":"https:\/\/clinicadeansiedad.com\/wp-content\/uploads\/2022\/01\/RosaStMaria.png","type":"","width":"","height":""}],"twitter_card":"summary_large_image","schema":{"@context":"https:\/\/schema.org","@graph":[{"@type":"WebPage","@id":"https:\/\/clinicadeansiedad.com\/ca\/qui-som\/rosa-de-santa-maria-perez-conill\/","url":"https:\/\/clinicadeansiedad.com\/ca\/qui-som\/rosa-de-santa-maria-perez-conill\/","name":"Rosa de Santa Mar\u00eda P\u00e9rez Conill - Cl\u00ednica de la Ansiedad","isPartOf":{"@id":"https:\/\/clinicadeansiedad.com\/ca\/#website"},"primaryImageOfPage":{"@id":"https:\/\/clinicadeansiedad.com\/ca\/qui-som\/rosa-de-santa-maria-perez-conill\/#primaryimage"},"image":{"@id":"https:\/\/clinicadeansiedad.com\/ca\/qui-som\/rosa-de-santa-maria-perez-conill\/#primaryimage"},"thumbnailUrl":"https:\/\/clinicadeansiedad.com\/wp-content\/uploads\/2022\/01\/RosaStMaria.png","datePublished":"2022-03-17T15:28:52+00:00","dateModified":"2022-03-17T15:28:53+00:00","breadcrumb":{"@id":"https:\/\/clinicadeansiedad.com\/ca\/qui-som\/rosa-de-santa-maria-perez-conill\/#breadcrumb"},"inLanguage":"ca","potentialAction":[{"@type":"ReadAction","target":["https:\/\/clinicadeansiedad.com\/ca\/qui-som\/rosa-de-santa-maria-perez-conill\/"]}]},{"@type":"ImageObject","inLanguage":"ca","@id":"https:\/\/clinicadeansiedad.com\/ca\/qui-som\/rosa-de-santa-maria-perez-conill\/#primaryimage","url":"https:\/\/clinicadeansiedad.com\/wp-content\/uploads\/2022\/01\/RosaStMaria.png","contentUrl":"https:\/\/clinicadeansiedad.com\/wp-content\/uploads\/2022\/01\/RosaStMaria.png"},{"@type":"BreadcrumbList","@id":"https:\/\/clinicadeansiedad.com\/ca\/qui-som\/rosa-de-santa-maria-perez-conill\/#breadcrumb","itemListElement":[{"@type":"ListItem","position":1,"name":"Portada","item":"https:\/\/clinicadeansiedad.com\/ca\/"},{"@type":"ListItem","position":2,"name":"Qui Som","item":"https:\/\/clinicadeansiedad.com\/ca\/qui-som\/"},{"@type":"ListItem","position":3,"name":"Rosa de Santa Mar\u00eda P\u00e9rez Conill"}]},{"@type":"WebSite","@id":"https:\/\/clinicadeansiedad.com\/ca\/#website","url":"https:\/\/clinicadeansiedad.com\/ca\/","name":"Cl\u00ednica de la Ansiedad","description":"","publisher":{"@id":"https:\/\/clinicadeansiedad.com\/ca\/#organization"},"potentialAction":[{"@type":"SearchAction","target":{"@type":"EntryPoint","urlTemplate":"https:\/\/clinicadeansiedad.com\/ca\/?s={search_term_string}"},"query-input":{"@type":"PropertyValueSpecification","valueRequired":true,"valueName":"search_term_string"}}],"inLanguage":"ca"},{"@type":"Organization","@id":"https:\/\/clinicadeansiedad.com\/ca\/#organization","name":"Cl\u00ednica de la Ansiedad","url":"https:\/\/clinicadeansiedad.com\/ca\/","logo":{"@type":"ImageObject","inLanguage":"ca","@id":"https:\/\/clinicadeansiedad.com\/ca\/#\/schema\/logo\/image\/","url":"https:\/\/clinicadeansiedad.com\/wp-content\/uploads\/2020\/12\/cropped-logo_app-1-scaled-1.jpg","contentUrl":"https:\/\/clinicadeansiedad.com\/wp-content\/uploads\/2020\/12\/cropped-logo_app-1-scaled-1.jpg","width":2555,"height":1923,"caption":"Cl\u00ednica de la Ansiedad"},"image":{"@id":"https:\/\/clinicadeansiedad.com\/ca\/#\/schema\/logo\/image\/"}}]}},"_links":{"self":[{"href":"https:\/\/clinicadeansiedad.com\/ca\/wp-json\/wp\/v2\/pages\/58413","targetHints":{"allow":["GET"]}}],"collection":[{"href":"https:\/\/clinicadeansiedad.com\/ca\/wp-json\/wp\/v2\/pages"}],"about":[{"href":"https:\/\/clinicadeansiedad.com\/ca\/wp-json\/wp\/v2\/types\/page"}],"author":[{"embeddable":true,"href":"https:\/\/clinicadeansiedad.com\/ca\/wp-json\/wp\/v2\/users\/3439"}],"replies":[{"embeddable":true,"href":"https:\/\/clinicadeansiedad.com\/ca\/wp-json\/wp\/v2\/comments?post=58413"}],"version-history":[{"count":1,"href":"https:\/\/clinicadeansiedad.com\/ca\/wp-json\/wp\/v2\/pages\/58413\/revisions"}],"predecessor-version":[{"id":58414,"href":"https:\/\/clinicadeansiedad.com\/ca\/wp-json\/wp\/v2\/pages\/58413\/revisions\/58414"}],"up":[{"embeddable":true,"href":"https:\/\/clinicadeansiedad.com\/ca\/wp-json\/wp\/v2\/pages\/55761"}],"wp:attachment":[{"href":"https:\/\/clinicadeansiedad.com\/ca\/wp-json\/wp\/v2\/media?parent=58413"}],"curies":[{"name":"wp","href":"https:\/\/api.w.org\/{rel}","templated":true}]}}