{"id":58409,"date":"2022-03-17T15:28:01","date_gmt":"2022-03-17T15:28:01","guid":{"rendered":"https:\/\/clinicadeansiedad.com\/qui-som\/j-carlos-baeza-villarroel\/"},"modified":"2023-07-15T10:32:51","modified_gmt":"2023-07-15T10:32:51","slug":"j-carlos-baeza-villarroel","status":"publish","type":"page","link":"https:\/\/clinicadeansiedad.com\/ca\/qui-som\/j-carlos-baeza-villarroel\/","title":{"rendered":"J. Carlos Baeza Villarroel"},"content":{"rendered":"\t\t<div data-elementor-type=\"wp-page\" data-elementor-id=\"58409\" class=\"elementor elementor-58409 elementor-55687\" data-elementor-post-type=\"page\">\n\t\t\t\t\t\t<section class=\"elementor-section elementor-top-section elementor-element elementor-element-5e34494 elementor-section-boxed elementor-section-height-default elementor-section-height-default\" data-id=\"5e34494\" data-element_type=\"section\" data-e-type=\"section\">\n\t\t\t\t\t\t<div class=\"elementor-container elementor-column-gap-default\">\n\t\t\t\t\t<div class=\"elementor-column elementor-col-100 elementor-top-column elementor-element elementor-element-2287824\" data-id=\"2287824\" data-element_type=\"column\" data-e-type=\"column\">\n\t\t\t<div class=\"elementor-widget-wrap elementor-element-populated\">\n\t\t\t\t\t\t<div class=\"elementor-element elementor-element-19f340c elementor-widget elementor-widget-heading\" data-id=\"19f340c\" data-element_type=\"widget\" data-e-type=\"widget\" data-widget_type=\"heading.default\">\n\t\t\t\t<div class=\"elementor-widget-container\">\n\t\t\t\t\t<h2 class=\"elementor-heading-title elementor-size-default\">Qu\u00ed Som<\/h2>\t\t\t\t<\/div>\n\t\t\t\t<\/div>\n\t\t\t\t<div class=\"elementor-element elementor-element-370c021 elementor-widget elementor-widget-heading\" data-id=\"370c021\" data-element_type=\"widget\" data-e-type=\"widget\" data-widget_type=\"heading.default\">\n\t\t\t\t<div class=\"elementor-widget-container\">\n\t\t\t\t\t<h2 class=\"elementor-heading-title elementor-size-default\">J. Carlos Baeza Villarroel<\/h2>\t\t\t\t<\/div>\n\t\t\t\t<\/div>\n\t\t\t\t<section class=\"elementor-section elementor-inner-section elementor-element elementor-element-8376555 elementor-section-boxed elementor-section-height-default elementor-section-height-default\" data-id=\"8376555\" data-element_type=\"section\" data-e-type=\"section\">\n\t\t\t\t\t\t<div class=\"elementor-container elementor-column-gap-default\">\n\t\t\t\t\t<div class=\"elementor-column elementor-col-50 elementor-inner-column elementor-element elementor-element-66280da\" data-id=\"66280da\" data-element_type=\"column\" data-e-type=\"column\">\n\t\t\t<div class=\"elementor-widget-wrap elementor-element-populated\">\n\t\t\t\t\t\t<div class=\"elementor-element elementor-element-3e6ff9b elementor-widget elementor-widget-image\" data-id=\"3e6ff9b\" data-element_type=\"widget\" data-e-type=\"widget\" data-widget_type=\"image.default\">\n\t\t\t\t<div class=\"elementor-widget-container\">\n\t\t\t\t\t\t\t\t\t\t\t\t\t\t\t<img decoding=\"async\" width=\"179\" height=\"204\" data-src=\"https:\/\/clinicadeansiedad.com\/wp-content\/uploads\/2022\/01\/Baeza.png\" class=\"attachment-large size-large wp-image-55519 lazyload\" alt=\"\" src=\"data:image\/svg+xml;base64,PHN2ZyB3aWR0aD0iMSIgaGVpZ2h0PSIxIiB4bWxucz0iaHR0cDovL3d3dy53My5vcmcvMjAwMC9zdmciPjwvc3ZnPg==\" style=\"--smush-placeholder-width: 179px; --smush-placeholder-aspect-ratio: 179\/204;\" \/>\t\t\t\t\t\t\t\t\t\t\t\t\t\t\t<\/div>\n\t\t\t\t<\/div>\n\t\t\t\t\t<\/div>\n\t\t<\/div>\n\t\t\t\t<div class=\"elementor-column elementor-col-50 elementor-inner-column elementor-element elementor-element-889a3ba\" data-id=\"889a3ba\" data-element_type=\"column\" data-e-type=\"column\">\n\t\t\t<div class=\"elementor-widget-wrap elementor-element-populated\">\n\t\t\t\t\t\t<div class=\"elementor-element elementor-element-7d1ebd9 elementor-widget elementor-widget-text-editor\" data-id=\"7d1ebd9\" data-element_type=\"widget\" data-e-type=\"widget\" data-widget_type=\"text-editor.default\">\n\t\t\t\t<div class=\"elementor-widget-container\">\n\t\t\t\t\t\t\t\t\t<ul><li>Llicenciat en Psicologia per la Universitat Aut\u00f2noma de Barcelona.<\/li><li>Doctor en Psicologia per la Universitat Aut\u00f2noma de Barcelona.Tesi doctoral: Afrontamiento contraproducente en trastorno de ansiedad.<\/li><li>Psic\u00f2leg Especialista en Psicologia Cl\u00ednica. R.D. 2490\/1998, O.M. PRE\/1107\/2002.<\/li><li>Acreditaci\u00f3 com Europsy Experto en Psicoter\u00e0pia, per l\u2019EFPA (European Federation of Psychologists Associations).<\/li><li>Postgrau en Psicopatologia Cl\u00ednica a la Universitat de Barcelona. Posgrau en Trastorns afectius i d\u2019ansietat, cl\u00ednica i tractament, per l\u2019Institut de Neuroci\u00e8ncies i Salut Mental a trav\u00e9s de la UOC.<\/li><li>Llicenciat en Antropologia Social i Cultural por la Universitat Aut\u00f2noma de Barcelona.<\/li><li>Membre dels Col\u00b7legis Oficials de Psic\u00f2legs de Catalunya i Madrid. Col\u00b7legiat n\u00famero 1874 i M- 22550, respectivament.<\/li><li>Membre de la Sociedad Espa\u00f1ola para el Estudio de la Ansiedad y el Estr\u00e9s (SEAS).<\/li><li>Autor de diferents publicacions t\u00e8cniques i de tres llibres de poesia.<\/li><\/ul>\t\t\t\t\t\t\t\t<\/div>\n\t\t\t\t<\/div>\n\t\t\t\t\t<\/div>\n\t\t<\/div>\n\t\t\t\t\t<\/div>\n\t\t<\/section>\n\t\t\t\t\t<\/div>\n\t\t<\/div>\n\t\t\t\t\t<\/div>\n\t\t<\/section>\n\t\t\t\t<\/div>\n\t\t","protected":false},"excerpt":{"rendered":"<p>Qu\u00ed Som J. Carlos Baeza Villarroel Llicenciat en Psicologia per la Universitat Aut\u00f2noma de Barcelona. Doctor en Psicologia per la Universitat Aut\u00f2noma de Barcelona.Tesi doctoral: Afrontamiento contraproducente en trastorno de ansiedad. Psic\u00f2leg Especialista en Psicologia Cl\u00ednica. R.D. 2490\/1998, O.M. PRE\/1107\/2002. Acreditaci\u00f3 com Europsy Experto en Psicoter\u00e0pia, per l\u2019EFPA (European Federation of Psychologists Associations). Postgrau en [&hellip;]<\/p>\n","protected":false},"author":3439,"featured_media":0,"parent":55761,"menu_order":88,"comment_status":"closed","ping_status":"closed","template":"elementor_header_footer","meta":{"_bbp_topic_count":0,"_bbp_reply_count":0,"_bbp_total_topic_count":0,"_bbp_total_reply_count":0,"_bbp_voice_count":0,"_bbp_anonymous_reply_count":0,"_bbp_topic_count_hidden":0,"_bbp_reply_count_hidden":0,"_bbp_forum_subforum_count":0,"_joinchat":[],"footnotes":""},"class_list":["post-58409","page","type-page","status-publish","hentry"],"yoast_head":"<!-- This site is optimized with the Yoast SEO plugin v27.2 - https:\/\/yoast.com\/product\/yoast-seo-wordpress\/ -->\n<title>J. Carlos Baeza Villarroel - Cl\u00ednica de la Ansiedad<\/title>\n<meta name=\"robots\" content=\"index, follow, max-snippet:-1, max-image-preview:large, max-video-preview:-1\" \/>\n<link rel=\"canonical\" href=\"https:\/\/clinicadeansiedad.com\/ca\/qui-som\/j-carlos-baeza-villarroel\/\" \/>\n<meta property=\"og:locale\" content=\"ca_ES\" \/>\n<meta property=\"og:type\" content=\"article\" \/>\n<meta property=\"og:title\" content=\"J. Carlos Baeza Villarroel - Cl\u00ednica de la Ansiedad\" \/>\n<meta property=\"og:description\" content=\"Qu\u00ed Som J. Carlos Baeza Villarroel Llicenciat en Psicologia per la Universitat Aut\u00f2noma de Barcelona. Doctor en Psicologia per la Universitat Aut\u00f2noma de Barcelona.Tesi doctoral: Afrontamiento contraproducente en trastorno de ansiedad. Psic\u00f2leg Especialista en Psicologia Cl\u00ednica. R.D. 2490\/1998, O.M. PRE\/1107\/2002. Acreditaci\u00f3 com Europsy Experto en Psicoter\u00e0pia, per l\u2019EFPA (European Federation of Psychologists Associations). Postgrau en [&hellip;]\" \/>\n<meta property=\"og:url\" content=\"https:\/\/clinicadeansiedad.com\/ca\/qui-som\/j-carlos-baeza-villarroel\/\" \/>\n<meta property=\"og:site_name\" content=\"Cl\u00ednica de la Ansiedad\" \/>\n<meta property=\"article:modified_time\" content=\"2023-07-15T10:32:51+00:00\" \/>\n<meta property=\"og:image\" content=\"https:\/\/clinicadeansiedad.com\/wp-content\/uploads\/2022\/01\/Baeza.png\" \/>\n<meta name=\"twitter:card\" content=\"summary_large_image\" \/>\n<meta name=\"twitter:label1\" content=\"Temps estimat de lectura\" \/>\n\t<meta name=\"twitter:data1\" content=\"1 minut\" \/>\n<script type=\"application\/ld+json\" class=\"yoast-schema-graph\">{\"@context\":\"https:\/\/schema.org\",\"@graph\":[{\"@type\":\"WebPage\",\"@id\":\"https:\/\/clinicadeansiedad.com\/ca\/qui-som\/j-carlos-baeza-villarroel\/\",\"url\":\"https:\/\/clinicadeansiedad.com\/ca\/qui-som\/j-carlos-baeza-villarroel\/\",\"name\":\"J. Carlos Baeza Villarroel - Cl\u00ednica de la Ansiedad\",\"isPartOf\":{\"@id\":\"https:\/\/clinicadeansiedad.com\/ca\/#website\"},\"primaryImageOfPage\":{\"@id\":\"https:\/\/clinicadeansiedad.com\/ca\/qui-som\/j-carlos-baeza-villarroel\/#primaryimage\"},\"image\":{\"@id\":\"https:\/\/clinicadeansiedad.com\/ca\/qui-som\/j-carlos-baeza-villarroel\/#primaryimage\"},\"thumbnailUrl\":\"https:\/\/clinicadeansiedad.com\/wp-content\/uploads\/2022\/01\/Baeza.png\",\"datePublished\":\"2022-03-17T15:28:01+00:00\",\"dateModified\":\"2023-07-15T10:32:51+00:00\",\"breadcrumb\":{\"@id\":\"https:\/\/clinicadeansiedad.com\/ca\/qui-som\/j-carlos-baeza-villarroel\/#breadcrumb\"},\"inLanguage\":\"ca\",\"potentialAction\":[{\"@type\":\"ReadAction\",\"target\":[\"https:\/\/clinicadeansiedad.com\/ca\/qui-som\/j-carlos-baeza-villarroel\/\"]}]},{\"@type\":\"ImageObject\",\"inLanguage\":\"ca\",\"@id\":\"https:\/\/clinicadeansiedad.com\/ca\/qui-som\/j-carlos-baeza-villarroel\/#primaryimage\",\"url\":\"https:\/\/clinicadeansiedad.com\/wp-content\/uploads\/2022\/01\/Baeza.png\",\"contentUrl\":\"https:\/\/clinicadeansiedad.com\/wp-content\/uploads\/2022\/01\/Baeza.png\"},{\"@type\":\"BreadcrumbList\",\"@id\":\"https:\/\/clinicadeansiedad.com\/ca\/qui-som\/j-carlos-baeza-villarroel\/#breadcrumb\",\"itemListElement\":[{\"@type\":\"ListItem\",\"position\":1,\"name\":\"Portada\",\"item\":\"https:\/\/clinicadeansiedad.com\/ca\/\"},{\"@type\":\"ListItem\",\"position\":2,\"name\":\"Qui Som\",\"item\":\"https:\/\/clinicadeansiedad.com\/ca\/qui-som\/\"},{\"@type\":\"ListItem\",\"position\":3,\"name\":\"J. Carlos Baeza Villarroel\"}]},{\"@type\":\"WebSite\",\"@id\":\"https:\/\/clinicadeansiedad.com\/ca\/#website\",\"url\":\"https:\/\/clinicadeansiedad.com\/ca\/\",\"name\":\"Cl\u00ednica de la Ansiedad\",\"description\":\"\",\"publisher\":{\"@id\":\"https:\/\/clinicadeansiedad.com\/ca\/#organization\"},\"potentialAction\":[{\"@type\":\"SearchAction\",\"target\":{\"@type\":\"EntryPoint\",\"urlTemplate\":\"https:\/\/clinicadeansiedad.com\/ca\/?s={search_term_string}\"},\"query-input\":{\"@type\":\"PropertyValueSpecification\",\"valueRequired\":true,\"valueName\":\"search_term_string\"}}],\"inLanguage\":\"ca\"},{\"@type\":\"Organization\",\"@id\":\"https:\/\/clinicadeansiedad.com\/ca\/#organization\",\"name\":\"Cl\u00ednica de la Ansiedad\",\"url\":\"https:\/\/clinicadeansiedad.com\/ca\/\",\"logo\":{\"@type\":\"ImageObject\",\"inLanguage\":\"ca\",\"@id\":\"https:\/\/clinicadeansiedad.com\/ca\/#\/schema\/logo\/image\/\",\"url\":\"https:\/\/clinicadeansiedad.com\/wp-content\/uploads\/2020\/12\/cropped-logo_app-1-scaled-1.jpg\",\"contentUrl\":\"https:\/\/clinicadeansiedad.com\/wp-content\/uploads\/2020\/12\/cropped-logo_app-1-scaled-1.jpg\",\"width\":2555,\"height\":1923,\"caption\":\"Cl\u00ednica de la Ansiedad\"},\"image\":{\"@id\":\"https:\/\/clinicadeansiedad.com\/ca\/#\/schema\/logo\/image\/\"}}]}<\/script>\n<!-- \/ Yoast SEO plugin. -->","yoast_head_json":{"title":"J. Carlos Baeza Villarroel - Cl\u00ednica de la Ansiedad","robots":{"index":"index","follow":"follow","max-snippet":"max-snippet:-1","max-image-preview":"max-image-preview:large","max-video-preview":"max-video-preview:-1"},"canonical":"https:\/\/clinicadeansiedad.com\/ca\/qui-som\/j-carlos-baeza-villarroel\/","og_locale":"ca_ES","og_type":"article","og_title":"J. Carlos Baeza Villarroel - Cl\u00ednica de la Ansiedad","og_description":"Qu\u00ed Som J. Carlos Baeza Villarroel Llicenciat en Psicologia per la Universitat Aut\u00f2noma de Barcelona. Doctor en Psicologia per la Universitat Aut\u00f2noma de Barcelona.Tesi doctoral: Afrontamiento contraproducente en trastorno de ansiedad. Psic\u00f2leg Especialista en Psicologia Cl\u00ednica. R.D. 2490\/1998, O.M. PRE\/1107\/2002. Acreditaci\u00f3 com Europsy Experto en Psicoter\u00e0pia, per l\u2019EFPA (European Federation of Psychologists Associations). Postgrau en [&hellip;]","og_url":"https:\/\/clinicadeansiedad.com\/ca\/qui-som\/j-carlos-baeza-villarroel\/","og_site_name":"Cl\u00ednica de la Ansiedad","article_modified_time":"2023-07-15T10:32:51+00:00","og_image":[{"url":"https:\/\/clinicadeansiedad.com\/wp-content\/uploads\/2022\/01\/Baeza.png","type":"","width":"","height":""}],"twitter_card":"summary_large_image","twitter_misc":{"Temps estimat de lectura":"1 minut"},"schema":{"@context":"https:\/\/schema.org","@graph":[{"@type":"WebPage","@id":"https:\/\/clinicadeansiedad.com\/ca\/qui-som\/j-carlos-baeza-villarroel\/","url":"https:\/\/clinicadeansiedad.com\/ca\/qui-som\/j-carlos-baeza-villarroel\/","name":"J. Carlos Baeza Villarroel - Cl\u00ednica de la Ansiedad","isPartOf":{"@id":"https:\/\/clinicadeansiedad.com\/ca\/#website"},"primaryImageOfPage":{"@id":"https:\/\/clinicadeansiedad.com\/ca\/qui-som\/j-carlos-baeza-villarroel\/#primaryimage"},"image":{"@id":"https:\/\/clinicadeansiedad.com\/ca\/qui-som\/j-carlos-baeza-villarroel\/#primaryimage"},"thumbnailUrl":"https:\/\/clinicadeansiedad.com\/wp-content\/uploads\/2022\/01\/Baeza.png","datePublished":"2022-03-17T15:28:01+00:00","dateModified":"2023-07-15T10:32:51+00:00","breadcrumb":{"@id":"https:\/\/clinicadeansiedad.com\/ca\/qui-som\/j-carlos-baeza-villarroel\/#breadcrumb"},"inLanguage":"ca","potentialAction":[{"@type":"ReadAction","target":["https:\/\/clinicadeansiedad.com\/ca\/qui-som\/j-carlos-baeza-villarroel\/"]}]},{"@type":"ImageObject","inLanguage":"ca","@id":"https:\/\/clinicadeansiedad.com\/ca\/qui-som\/j-carlos-baeza-villarroel\/#primaryimage","url":"https:\/\/clinicadeansiedad.com\/wp-content\/uploads\/2022\/01\/Baeza.png","contentUrl":"https:\/\/clinicadeansiedad.com\/wp-content\/uploads\/2022\/01\/Baeza.png"},{"@type":"BreadcrumbList","@id":"https:\/\/clinicadeansiedad.com\/ca\/qui-som\/j-carlos-baeza-villarroel\/#breadcrumb","itemListElement":[{"@type":"ListItem","position":1,"name":"Portada","item":"https:\/\/clinicadeansiedad.com\/ca\/"},{"@type":"ListItem","position":2,"name":"Qui Som","item":"https:\/\/clinicadeansiedad.com\/ca\/qui-som\/"},{"@type":"ListItem","position":3,"name":"J. Carlos Baeza Villarroel"}]},{"@type":"WebSite","@id":"https:\/\/clinicadeansiedad.com\/ca\/#website","url":"https:\/\/clinicadeansiedad.com\/ca\/","name":"Cl\u00ednica de la Ansiedad","description":"","publisher":{"@id":"https:\/\/clinicadeansiedad.com\/ca\/#organization"},"potentialAction":[{"@type":"SearchAction","target":{"@type":"EntryPoint","urlTemplate":"https:\/\/clinicadeansiedad.com\/ca\/?s={search_term_string}"},"query-input":{"@type":"PropertyValueSpecification","valueRequired":true,"valueName":"search_term_string"}}],"inLanguage":"ca"},{"@type":"Organization","@id":"https:\/\/clinicadeansiedad.com\/ca\/#organization","name":"Cl\u00ednica de la Ansiedad","url":"https:\/\/clinicadeansiedad.com\/ca\/","logo":{"@type":"ImageObject","inLanguage":"ca","@id":"https:\/\/clinicadeansiedad.com\/ca\/#\/schema\/logo\/image\/","url":"https:\/\/clinicadeansiedad.com\/wp-content\/uploads\/2020\/12\/cropped-logo_app-1-scaled-1.jpg","contentUrl":"https:\/\/clinicadeansiedad.com\/wp-content\/uploads\/2020\/12\/cropped-logo_app-1-scaled-1.jpg","width":2555,"height":1923,"caption":"Cl\u00ednica de la Ansiedad"},"image":{"@id":"https:\/\/clinicadeansiedad.com\/ca\/#\/schema\/logo\/image\/"}}]}},"_links":{"self":[{"href":"https:\/\/clinicadeansiedad.com\/ca\/wp-json\/wp\/v2\/pages\/58409","targetHints":{"allow":["GET"]}}],"collection":[{"href":"https:\/\/clinicadeansiedad.com\/ca\/wp-json\/wp\/v2\/pages"}],"about":[{"href":"https:\/\/clinicadeansiedad.com\/ca\/wp-json\/wp\/v2\/types\/page"}],"author":[{"embeddable":true,"href":"https:\/\/clinicadeansiedad.com\/ca\/wp-json\/wp\/v2\/users\/3439"}],"replies":[{"embeddable":true,"href":"https:\/\/clinicadeansiedad.com\/ca\/wp-json\/wp\/v2\/comments?post=58409"}],"version-history":[{"count":14,"href":"https:\/\/clinicadeansiedad.com\/ca\/wp-json\/wp\/v2\/pages\/58409\/revisions"}],"predecessor-version":[{"id":63816,"href":"https:\/\/clinicadeansiedad.com\/ca\/wp-json\/wp\/v2\/pages\/58409\/revisions\/63816"}],"up":[{"embeddable":true,"href":"https:\/\/clinicadeansiedad.com\/ca\/wp-json\/wp\/v2\/pages\/55761"}],"wp:attachment":[{"href":"https:\/\/clinicadeansiedad.com\/ca\/wp-json\/wp\/v2\/media?parent=58409"}],"curies":[{"name":"wp","href":"https:\/\/api.w.org\/{rel}","templated":true}]}}