{"id":58398,"date":"2022-03-17T15:17:57","date_gmt":"2022-03-17T15:17:57","guid":{"rendered":"https:\/\/clinicadeansiedad.com\/serveis\/consultes-mitjancant-videoconferencia\/"},"modified":"2024-10-29T00:16:06","modified_gmt":"2024-10-28T22:16:06","slug":"consultes-mitjancant-videoconferencia","status":"publish","type":"page","link":"https:\/\/clinicadeansiedad.com\/ca\/tractaments-psicologics\/consultes-mitjancant-videoconferencia\/","title":{"rendered":"Consultes mitjan\u00e7ant videoconfer\u00e8ncia"},"content":{"rendered":"\t\t<div data-elementor-type=\"wp-page\" data-elementor-id=\"58398\" class=\"elementor elementor-58398 elementor-55720\" data-elementor-post-type=\"page\">\n\t\t\t\t\t\t<section class=\"elementor-section elementor-top-section elementor-element elementor-element-d90c616 elementor-section-boxed elementor-section-height-default elementor-section-height-default\" data-id=\"d90c616\" data-element_type=\"section\" data-e-type=\"section\">\n\t\t\t\t\t\t<div class=\"elementor-container elementor-column-gap-default\">\n\t\t\t\t\t<div class=\"elementor-column elementor-col-100 elementor-top-column elementor-element elementor-element-6fd7ab5\" data-id=\"6fd7ab5\" data-element_type=\"column\" data-e-type=\"column\">\n\t\t\t<div class=\"elementor-widget-wrap elementor-element-populated\">\n\t\t\t\t\t\t<div class=\"elementor-element elementor-element-d05019b elementor-widget elementor-widget-heading\" data-id=\"d05019b\" data-element_type=\"widget\" data-e-type=\"widget\" data-widget_type=\"heading.default\">\n\t\t\t\t<div class=\"elementor-widget-container\">\n\t\t\t\t\t<h2 class=\"elementor-heading-title elementor-size-default\">Consultes mitjan\u00e7ant videoconfer\u00e8ncia<\/h2>\t\t\t\t<\/div>\n\t\t\t\t<\/div>\n\t\t\t\t<section class=\"elementor-section elementor-inner-section elementor-element elementor-element-253b3d6 elementor-section-boxed elementor-section-height-default elementor-section-height-default\" data-id=\"253b3d6\" data-element_type=\"section\" data-e-type=\"section\">\n\t\t\t\t\t\t<div class=\"elementor-container elementor-column-gap-default\">\n\t\t\t\t\t<div class=\"elementor-column elementor-col-50 elementor-inner-column elementor-element elementor-element-91f4699\" data-id=\"91f4699\" data-element_type=\"column\" data-e-type=\"column\">\n\t\t\t<div class=\"elementor-widget-wrap elementor-element-populated\">\n\t\t\t\t\t\t<div class=\"elementor-element elementor-element-6907bf0 elementor-widget elementor-widget-image\" data-id=\"6907bf0\" data-element_type=\"widget\" data-e-type=\"widget\" data-widget_type=\"image.default\">\n\t\t\t\t<div class=\"elementor-widget-container\">\n\t\t\t\t\t\t\t\t\t\t\t\t\t\t\t\t<a href=\"https:\/\/clinicadeansiedad.com\/tratamientos-psicologicos\/consultas-mediante-videoconferencia\/\">\n\t\t\t\t\t\t\t<img fetchpriority=\"high\" decoding=\"async\" width=\"577\" height=\"640\" src=\"https:\/\/clinicadeansiedad.com\/wp-content\/uploads\/2022\/01\/Videoconferencia.png\" class=\"attachment-large size-large wp-image-55571\" alt=\"\" srcset=\"https:\/\/clinicadeansiedad.com\/wp-content\/uploads\/2022\/01\/Videoconferencia.png 577w, https:\/\/clinicadeansiedad.com\/wp-content\/uploads\/2022\/01\/Videoconferencia-270x300.png 270w\" sizes=\"(max-width: 577px) 100vw, 577px\" \/>\t\t\t\t\t\t\t\t<\/a>\n\t\t\t\t\t\t\t\t\t\t\t\t\t\t\t<\/div>\n\t\t\t\t<\/div>\n\t\t\t\t\t<\/div>\n\t\t<\/div>\n\t\t\t\t<div class=\"elementor-column elementor-col-50 elementor-inner-column elementor-element elementor-element-77f1bbb\" data-id=\"77f1bbb\" data-element_type=\"column\" data-e-type=\"column\">\n\t\t\t<div class=\"elementor-widget-wrap elementor-element-populated\">\n\t\t\t\t\t\t<div class=\"elementor-element elementor-element-12555a8 elementor-widget elementor-widget-text-editor\" data-id=\"12555a8\" data-element_type=\"widget\" data-e-type=\"widget\" data-widget_type=\"text-editor.default\">\n\t\t\t\t<div class=\"elementor-widget-container\">\n\t\t\t\t\t\t\t\t\t<p>Els tractaments psicol\u00f2gics basats en procediments cognitius es poden fer presencialment o per videoconfer\u00e8ncia. <br \/><br \/>Aix\u00ed com en un altre tipus de ter\u00e0pia, acudir presencialment a la consulta pot ser imprescindible, en un tractament psicol\u00f2gic cognitiu conductual, el m\u00e9s indicat per a l&#8217;ansietat, fer les consultes en l\u00ednia (per videoconfer\u00e8ncia) \u00e9s totalment factible i efectiu, segons demostren nombrosos estudis. <br \/><br \/>Els passos a realitzar en un tractament psicol\u00f2gic, ja sigui presencialment en consulta o en l\u00ednia, s\u00f3n els mateixos, i les estrat\u00e8gies i t\u00e8cniques amb qu\u00e8 superar l&#8217;ansietat, s&#8217;aprenen i s&#8217;integren amb el mateix \u00e8xit tant d&#8217;una manera com de l&#8217;altra. <br \/><br \/>L&#8217;avantatge d&#8217;un tractament presencial \u00e9s fonamentalment el contacte directe entre la persona i el psic\u00f2leg\/\u00f2loga. Moltes persones tenen prefer\u00e8ncia per aquesta opci\u00f3. Els avantatges d&#8217;un tractament en l\u00ednia s\u00f3n la comoditat de fer-ho des de casa i evitar despla\u00e7aments.<\/p><p>Les <span class=\"enlace_azul\"><a href=\"https:\/\/clinicadeansiedad.com\/ca\/soluciones-y-recursos\/buscar-ayuda\/tratamiento-online-ansiedad-videoconferencia\/\"><span style=\"color: #2025d8;\">consultes mitjan\u00e7ant videoconfer\u00e8ncia<\/span><\/a><\/span> faciliten el tractament regular de persones que es desplacen amb certa freq\u00fc\u00e8ncia o de persones que resideixen lluny del centre de consultes i no hi poden assistir f\u00e0cilment. Pr\u00e8viament, es valora la idone\u00eftat daquest mitj\u00e0 per al cas en q\u00fcesti\u00f3 i, sempre que sigui possible, es combina amb entrevistes presencials.<\/p><p><strong>Tarifes<\/strong>: Primera visita a 80 euros. Visites successives 65 euros cadascuna. Cl\u00ednica de l&#8217;Ansietat compta amb una<span class=\"enlace_azul\"><a href=\"https:\/\/clinicadeansiedad.com\/shop\/\" target=\"_blank\" rel=\"noopener noreferrer\"><span style=\"color: #2025d8;\">plataforma de pagament en l\u00ednia<\/span><\/a><\/span>per facilitar les transaccions.<\/p><p><strong>M\u00e9s informaci\u00f3<\/strong><\/p><p>Per a m\u00e9s informaci\u00f3 sobre tractaments i condicions d&#8217;assist\u00e8ncia podeu comunicar-vos amb nosaltres a trav\u00e9s del <span style=\"color: #2025d8;\"><a style=\"color: #2025d8;\" href=\"https:\/\/clinicadeansiedad.com\/ca\/contactar\/\"><span class=\"enlace_azul\">formulari de sol\u00b7licitud d&#8217;informaci\u00f3<\/span><\/a><\/span> o trucant als tel\u00e8fons <span class=\"color_azul\"><span style=\"color: #2025d8;\"><a style=\"color: #2025d8;\" href=\"tel:932261412\">93 226 14 12<\/a> \u2013 <a style=\"color: #2025d8;\" href=\"tel:607507097\">607 50 70 97<\/a>\u00a0<\/span><\/span><span style=\"color: #2025d8;\"><span style=\"color: #000000;\">(Barcelona)<\/span> <span class=\"color_azul\"><span style=\"color: #000000;\"> \u00f3<\/span><\/span><\/span> <span class=\"color_azul\"><span style=\"color: #2025d8;\"><a style=\"color: #2025d8;\" href=\"tel:918299392\">91 829 93 92<\/a> \u2013 <a style=\"color: #2025d8;\" href=\"tel:607507097\">607 507 097<\/a>\u00a0<\/span><\/span><span style=\"color: #000000;\">(Madrid).<\/span><\/p>\t\t\t\t\t\t\t\t<\/div>\n\t\t\t\t<\/div>\n\t\t\t\t<div class=\"elementor-element elementor-element-102676d elementor-button-info elementor-align-left elementor-widget elementor-widget-button\" data-id=\"102676d\" data-element_type=\"widget\" data-e-type=\"widget\" data-widget_type=\"button.default\">\n\t\t\t\t<div class=\"elementor-widget-container\">\n\t\t\t\t\t\t\t\t\t<div class=\"elementor-button-wrapper\">\n\t\t\t\t\t<a class=\"elementor-button elementor-button-link elementor-size-sm elementor-animation-grow\" href=\"https:\/\/clinicadeansiedad.com\/ca\/contactar\/\">\n\t\t\t\t\t\t<span class=\"elementor-button-content-wrapper\">\n\t\t\t\t\t\t\t\t\t<span class=\"elementor-button-text\">Contactar<\/span>\n\t\t\t\t\t<\/span>\n\t\t\t\t\t<\/a>\n\t\t\t\t<\/div>\n\t\t\t\t\t\t\t\t<\/div>\n\t\t\t\t<\/div>\n\t\t\t\t\t<\/div>\n\t\t<\/div>\n\t\t\t\t\t<\/div>\n\t\t<\/section>\n\t\t\t\t\t<\/div>\n\t\t<\/div>\n\t\t\t\t\t<\/div>\n\t\t<\/section>\n\t\t\t\t<\/div>\n\t\t","protected":false},"excerpt":{"rendered":"<p>Consultes mitjan\u00e7ant videoconfer\u00e8ncia Els tractaments psicol\u00f2gics basats en procediments cognitius es poden fer presencialment o per videoconfer\u00e8ncia. Aix\u00ed com en un altre tipus de ter\u00e0pia, acudir presencialment a la consulta pot ser imprescindible, en un tractament psicol\u00f2gic cognitiu conductual, el m\u00e9s indicat per a l&#8217;ansietat, fer les consultes en l\u00ednia (per videoconfer\u00e8ncia) \u00e9s totalment factible [&hellip;]<\/p>\n","protected":false},"author":3439,"featured_media":0,"parent":55765,"menu_order":82,"comment_status":"closed","ping_status":"closed","template":"elementor_header_footer","meta":{"_bbp_topic_count":0,"_bbp_reply_count":0,"_bbp_total_topic_count":0,"_bbp_total_reply_count":0,"_bbp_voice_count":0,"_bbp_anonymous_reply_count":0,"_bbp_topic_count_hidden":0,"_bbp_reply_count_hidden":0,"_bbp_forum_subforum_count":0,"_joinchat":[],"footnotes":""},"class_list":["post-58398","page","type-page","status-publish","hentry"],"yoast_head":"<!-- This site is optimized with the Yoast SEO plugin v27.6 - https:\/\/yoast.com\/product\/yoast-seo-wordpress\/ -->\n<title>Consultes mitjan\u00e7ant videoconfer\u00e8ncia - Cl\u00ednica de la Ansiedad<\/title>\n<meta name=\"robots\" content=\"index, follow, max-snippet:-1, max-image-preview:large, max-video-preview:-1\" \/>\n<link rel=\"canonical\" href=\"https:\/\/clinicadeansiedad.com\/ca\/tractaments-psicologics\/consultes-mitjancant-videoconferencia\/\" \/>\n<meta property=\"og:locale\" content=\"ca_ES\" \/>\n<meta property=\"og:type\" content=\"article\" \/>\n<meta property=\"og:title\" content=\"Consultes mitjan\u00e7ant videoconfer\u00e8ncia - Cl\u00ednica de la Ansiedad\" \/>\n<meta property=\"og:description\" content=\"Consultes mitjan\u00e7ant videoconfer\u00e8ncia Els tractaments psicol\u00f2gics basats en procediments cognitius es poden fer presencialment o per videoconfer\u00e8ncia. Aix\u00ed com en un altre tipus de ter\u00e0pia, acudir presencialment a la consulta pot ser imprescindible, en un tractament psicol\u00f2gic cognitiu conductual, el m\u00e9s indicat per a l&#8217;ansietat, fer les consultes en l\u00ednia (per videoconfer\u00e8ncia) \u00e9s totalment factible [&hellip;]\" \/>\n<meta property=\"og:url\" content=\"https:\/\/clinicadeansiedad.com\/ca\/tractaments-psicologics\/consultes-mitjancant-videoconferencia\/\" \/>\n<meta property=\"og:site_name\" content=\"Cl\u00ednica de la Ansiedad\" \/>\n<meta property=\"article:modified_time\" content=\"2024-10-28T22:16:06+00:00\" \/>\n<meta property=\"og:image\" content=\"https:\/\/clinicadeansiedad.com\/wp-content\/uploads\/2022\/01\/Videoconferencia.png\" \/>\n\t<meta property=\"og:image:width\" content=\"577\" \/>\n\t<meta property=\"og:image:height\" content=\"640\" \/>\n\t<meta property=\"og:image:type\" content=\"image\/png\" \/>\n<meta name=\"twitter:card\" content=\"summary_large_image\" \/>\n<meta name=\"twitter:label1\" content=\"Temps estimat de lectura\" \/>\n\t<meta name=\"twitter:data1\" content=\"2 minuts\" \/>\n<script type=\"application\/ld+json\" class=\"yoast-schema-graph\">{\"@context\":\"https:\\\/\\\/schema.org\",\"@graph\":[{\"@type\":\"WebPage\",\"@id\":\"https:\\\/\\\/clinicadeansiedad.com\\\/ca\\\/tractaments-psicologics\\\/consultes-mitjancant-videoconferencia\\\/\",\"url\":\"https:\\\/\\\/clinicadeansiedad.com\\\/ca\\\/tractaments-psicologics\\\/consultes-mitjancant-videoconferencia\\\/\",\"name\":\"Consultes mitjan\u00e7ant videoconfer\u00e8ncia - Cl\u00ednica de la Ansiedad\",\"isPartOf\":{\"@id\":\"https:\\\/\\\/clinicadeansiedad.com\\\/ca\\\/#website\"},\"primaryImageOfPage\":{\"@id\":\"https:\\\/\\\/clinicadeansiedad.com\\\/ca\\\/tractaments-psicologics\\\/consultes-mitjancant-videoconferencia\\\/#primaryimage\"},\"image\":{\"@id\":\"https:\\\/\\\/clinicadeansiedad.com\\\/ca\\\/tractaments-psicologics\\\/consultes-mitjancant-videoconferencia\\\/#primaryimage\"},\"thumbnailUrl\":\"https:\\\/\\\/clinicadeansiedad.com\\\/wp-content\\\/uploads\\\/2022\\\/01\\\/Videoconferencia.png\",\"datePublished\":\"2022-03-17T15:17:57+00:00\",\"dateModified\":\"2024-10-28T22:16:06+00:00\",\"breadcrumb\":{\"@id\":\"https:\\\/\\\/clinicadeansiedad.com\\\/ca\\\/tractaments-psicologics\\\/consultes-mitjancant-videoconferencia\\\/#breadcrumb\"},\"inLanguage\":\"ca\",\"potentialAction\":[{\"@type\":\"ReadAction\",\"target\":[\"https:\\\/\\\/clinicadeansiedad.com\\\/ca\\\/tractaments-psicologics\\\/consultes-mitjancant-videoconferencia\\\/\"]}]},{\"@type\":\"ImageObject\",\"inLanguage\":\"ca\",\"@id\":\"https:\\\/\\\/clinicadeansiedad.com\\\/ca\\\/tractaments-psicologics\\\/consultes-mitjancant-videoconferencia\\\/#primaryimage\",\"url\":\"https:\\\/\\\/clinicadeansiedad.com\\\/wp-content\\\/uploads\\\/2022\\\/01\\\/Videoconferencia.png\",\"contentUrl\":\"https:\\\/\\\/clinicadeansiedad.com\\\/wp-content\\\/uploads\\\/2022\\\/01\\\/Videoconferencia.png\"},{\"@type\":\"BreadcrumbList\",\"@id\":\"https:\\\/\\\/clinicadeansiedad.com\\\/ca\\\/tractaments-psicologics\\\/consultes-mitjancant-videoconferencia\\\/#breadcrumb\",\"itemListElement\":[{\"@type\":\"ListItem\",\"position\":1,\"name\":\"Portada\",\"item\":\"https:\\\/\\\/clinicadeansiedad.com\\\/ca\\\/\"},{\"@type\":\"ListItem\",\"position\":2,\"name\":\"Tractaments\",\"item\":\"https:\\\/\\\/clinicadeansiedad.com\\\/ca\\\/tratamientos-psicologicos\\\/\"},{\"@type\":\"ListItem\",\"position\":3,\"name\":\"Consultes mitjan\u00e7ant videoconfer\u00e8ncia\"}]},{\"@type\":\"WebSite\",\"@id\":\"https:\\\/\\\/clinicadeansiedad.com\\\/ca\\\/#website\",\"url\":\"https:\\\/\\\/clinicadeansiedad.com\\\/ca\\\/\",\"name\":\"Cl\u00ednica de la Ansiedad\",\"description\":\"\",\"publisher\":{\"@id\":\"https:\\\/\\\/clinicadeansiedad.com\\\/ca\\\/#organization\"},\"potentialAction\":[{\"@type\":\"SearchAction\",\"target\":{\"@type\":\"EntryPoint\",\"urlTemplate\":\"https:\\\/\\\/clinicadeansiedad.com\\\/ca\\\/?s={search_term_string}\"},\"query-input\":{\"@type\":\"PropertyValueSpecification\",\"valueRequired\":true,\"valueName\":\"search_term_string\"}}],\"inLanguage\":\"ca\"},{\"@type\":\"Organization\",\"@id\":\"https:\\\/\\\/clinicadeansiedad.com\\\/ca\\\/#organization\",\"name\":\"Cl\u00ednica de la Ansiedad\",\"url\":\"https:\\\/\\\/clinicadeansiedad.com\\\/ca\\\/\",\"logo\":{\"@type\":\"ImageObject\",\"inLanguage\":\"ca\",\"@id\":\"https:\\\/\\\/clinicadeansiedad.com\\\/ca\\\/#\\\/schema\\\/logo\\\/image\\\/\",\"url\":\"https:\\\/\\\/clinicadeansiedad.com\\\/wp-content\\\/uploads\\\/2020\\\/12\\\/cropped-logo_app-1-scaled-1.jpg\",\"contentUrl\":\"https:\\\/\\\/clinicadeansiedad.com\\\/wp-content\\\/uploads\\\/2020\\\/12\\\/cropped-logo_app-1-scaled-1.jpg\",\"width\":2555,\"height\":1923,\"caption\":\"Cl\u00ednica de la Ansiedad\"},\"image\":{\"@id\":\"https:\\\/\\\/clinicadeansiedad.com\\\/ca\\\/#\\\/schema\\\/logo\\\/image\\\/\"}}]}<\/script>\n<!-- \/ Yoast SEO plugin. -->","yoast_head_json":{"title":"Consultes mitjan\u00e7ant videoconfer\u00e8ncia - Cl\u00ednica de la Ansiedad","robots":{"index":"index","follow":"follow","max-snippet":"max-snippet:-1","max-image-preview":"max-image-preview:large","max-video-preview":"max-video-preview:-1"},"canonical":"https:\/\/clinicadeansiedad.com\/ca\/tractaments-psicologics\/consultes-mitjancant-videoconferencia\/","og_locale":"ca_ES","og_type":"article","og_title":"Consultes mitjan\u00e7ant videoconfer\u00e8ncia - Cl\u00ednica de la Ansiedad","og_description":"Consultes mitjan\u00e7ant videoconfer\u00e8ncia Els tractaments psicol\u00f2gics basats en procediments cognitius es poden fer presencialment o per videoconfer\u00e8ncia. Aix\u00ed com en un altre tipus de ter\u00e0pia, acudir presencialment a la consulta pot ser imprescindible, en un tractament psicol\u00f2gic cognitiu conductual, el m\u00e9s indicat per a l&#8217;ansietat, fer les consultes en l\u00ednia (per videoconfer\u00e8ncia) \u00e9s totalment factible [&hellip;]","og_url":"https:\/\/clinicadeansiedad.com\/ca\/tractaments-psicologics\/consultes-mitjancant-videoconferencia\/","og_site_name":"Cl\u00ednica de la Ansiedad","article_modified_time":"2024-10-28T22:16:06+00:00","og_image":[{"width":577,"height":640,"url":"https:\/\/clinicadeansiedad.com\/wp-content\/uploads\/2022\/01\/Videoconferencia.png","type":"image\/png"}],"twitter_card":"summary_large_image","twitter_misc":{"Temps estimat de lectura":"2 minuts"},"schema":{"@context":"https:\/\/schema.org","@graph":[{"@type":"WebPage","@id":"https:\/\/clinicadeansiedad.com\/ca\/tractaments-psicologics\/consultes-mitjancant-videoconferencia\/","url":"https:\/\/clinicadeansiedad.com\/ca\/tractaments-psicologics\/consultes-mitjancant-videoconferencia\/","name":"Consultes mitjan\u00e7ant videoconfer\u00e8ncia - Cl\u00ednica de la Ansiedad","isPartOf":{"@id":"https:\/\/clinicadeansiedad.com\/ca\/#website"},"primaryImageOfPage":{"@id":"https:\/\/clinicadeansiedad.com\/ca\/tractaments-psicologics\/consultes-mitjancant-videoconferencia\/#primaryimage"},"image":{"@id":"https:\/\/clinicadeansiedad.com\/ca\/tractaments-psicologics\/consultes-mitjancant-videoconferencia\/#primaryimage"},"thumbnailUrl":"https:\/\/clinicadeansiedad.com\/wp-content\/uploads\/2022\/01\/Videoconferencia.png","datePublished":"2022-03-17T15:17:57+00:00","dateModified":"2024-10-28T22:16:06+00:00","breadcrumb":{"@id":"https:\/\/clinicadeansiedad.com\/ca\/tractaments-psicologics\/consultes-mitjancant-videoconferencia\/#breadcrumb"},"inLanguage":"ca","potentialAction":[{"@type":"ReadAction","target":["https:\/\/clinicadeansiedad.com\/ca\/tractaments-psicologics\/consultes-mitjancant-videoconferencia\/"]}]},{"@type":"ImageObject","inLanguage":"ca","@id":"https:\/\/clinicadeansiedad.com\/ca\/tractaments-psicologics\/consultes-mitjancant-videoconferencia\/#primaryimage","url":"https:\/\/clinicadeansiedad.com\/wp-content\/uploads\/2022\/01\/Videoconferencia.png","contentUrl":"https:\/\/clinicadeansiedad.com\/wp-content\/uploads\/2022\/01\/Videoconferencia.png"},{"@type":"BreadcrumbList","@id":"https:\/\/clinicadeansiedad.com\/ca\/tractaments-psicologics\/consultes-mitjancant-videoconferencia\/#breadcrumb","itemListElement":[{"@type":"ListItem","position":1,"name":"Portada","item":"https:\/\/clinicadeansiedad.com\/ca\/"},{"@type":"ListItem","position":2,"name":"Tractaments","item":"https:\/\/clinicadeansiedad.com\/ca\/tratamientos-psicologicos\/"},{"@type":"ListItem","position":3,"name":"Consultes mitjan\u00e7ant videoconfer\u00e8ncia"}]},{"@type":"WebSite","@id":"https:\/\/clinicadeansiedad.com\/ca\/#website","url":"https:\/\/clinicadeansiedad.com\/ca\/","name":"Cl\u00ednica de la Ansiedad","description":"","publisher":{"@id":"https:\/\/clinicadeansiedad.com\/ca\/#organization"},"potentialAction":[{"@type":"SearchAction","target":{"@type":"EntryPoint","urlTemplate":"https:\/\/clinicadeansiedad.com\/ca\/?s={search_term_string}"},"query-input":{"@type":"PropertyValueSpecification","valueRequired":true,"valueName":"search_term_string"}}],"inLanguage":"ca"},{"@type":"Organization","@id":"https:\/\/clinicadeansiedad.com\/ca\/#organization","name":"Cl\u00ednica de la Ansiedad","url":"https:\/\/clinicadeansiedad.com\/ca\/","logo":{"@type":"ImageObject","inLanguage":"ca","@id":"https:\/\/clinicadeansiedad.com\/ca\/#\/schema\/logo\/image\/","url":"https:\/\/clinicadeansiedad.com\/wp-content\/uploads\/2020\/12\/cropped-logo_app-1-scaled-1.jpg","contentUrl":"https:\/\/clinicadeansiedad.com\/wp-content\/uploads\/2020\/12\/cropped-logo_app-1-scaled-1.jpg","width":2555,"height":1923,"caption":"Cl\u00ednica de la Ansiedad"},"image":{"@id":"https:\/\/clinicadeansiedad.com\/ca\/#\/schema\/logo\/image\/"}}]}},"_links":{"self":[{"href":"https:\/\/clinicadeansiedad.com\/ca\/wp-json\/wp\/v2\/pages\/58398","targetHints":{"allow":["GET"]}}],"collection":[{"href":"https:\/\/clinicadeansiedad.com\/ca\/wp-json\/wp\/v2\/pages"}],"about":[{"href":"https:\/\/clinicadeansiedad.com\/ca\/wp-json\/wp\/v2\/types\/page"}],"author":[{"embeddable":true,"href":"https:\/\/clinicadeansiedad.com\/ca\/wp-json\/wp\/v2\/users\/3439"}],"replies":[{"embeddable":true,"href":"https:\/\/clinicadeansiedad.com\/ca\/wp-json\/wp\/v2\/comments?post=58398"}],"version-history":[{"count":15,"href":"https:\/\/clinicadeansiedad.com\/ca\/wp-json\/wp\/v2\/pages\/58398\/revisions"}],"predecessor-version":[{"id":66243,"href":"https:\/\/clinicadeansiedad.com\/ca\/wp-json\/wp\/v2\/pages\/58398\/revisions\/66243"}],"up":[{"embeddable":true,"href":"https:\/\/clinicadeansiedad.com\/ca\/wp-json\/wp\/v2\/pages\/55765"}],"wp:attachment":[{"href":"https:\/\/clinicadeansiedad.com\/ca\/wp-json\/wp\/v2\/media?parent=58398"}],"curies":[{"name":"wp","href":"https:\/\/api.w.org\/{rel}","templated":true}]}}