{"id":58381,"date":"2022-03-17T14:53:08","date_gmt":"2022-03-17T14:53:08","guid":{"rendered":"https:\/\/clinicadeansiedad.com\/tarifes-i-pagament-online\/"},"modified":"2025-04-03T00:07:25","modified_gmt":"2025-04-02T22:07:25","slug":"tarifes-i-pagament-online","status":"publish","type":"page","link":"https:\/\/clinicadeansiedad.com\/ca\/tarifes-i-pagament-online\/","title":{"rendered":"Tarifes i pagament online"},"content":{"rendered":"\t\t<div data-elementor-type=\"wp-page\" data-elementor-id=\"58381\" class=\"elementor elementor-58381 elementor-57287\" data-elementor-post-type=\"page\">\n\t\t\t\t\t\t<section class=\"elementor-section elementor-top-section elementor-element elementor-element-abf7842 elementor-section-boxed elementor-section-height-default elementor-section-height-default\" data-id=\"abf7842\" data-element_type=\"section\" data-e-type=\"section\">\n\t\t\t\t\t\t<div class=\"elementor-container elementor-column-gap-default\">\n\t\t\t\t\t<div class=\"elementor-column elementor-col-100 elementor-top-column elementor-element elementor-element-e6fc526\" data-id=\"e6fc526\" data-element_type=\"column\" data-e-type=\"column\">\n\t\t\t<div class=\"elementor-widget-wrap elementor-element-populated\">\n\t\t\t\t\t\t<section class=\"elementor-section elementor-inner-section elementor-element elementor-element-71430d6 elementor-section-boxed elementor-section-height-default elementor-section-height-default\" data-id=\"71430d6\" data-element_type=\"section\" data-e-type=\"section\">\n\t\t\t\t\t\t<div class=\"elementor-container elementor-column-gap-default\">\n\t\t\t\t\t<div class=\"elementor-column elementor-col-100 elementor-inner-column elementor-element elementor-element-df1cace\" data-id=\"df1cace\" data-element_type=\"column\" data-e-type=\"column\">\n\t\t\t<div class=\"elementor-widget-wrap elementor-element-populated\">\n\t\t\t\t\t\t<div class=\"elementor-element elementor-element-71d2d65 elementor-widget elementor-widget-heading\" data-id=\"71d2d65\" data-element_type=\"widget\" data-e-type=\"widget\" data-widget_type=\"heading.default\">\n\t\t\t\t<div class=\"elementor-widget-container\">\n\t\t\t\t\t<h2 class=\"elementor-heading-title elementor-size-default\">Pagament online<\/h2>\t\t\t\t<\/div>\n\t\t\t\t<\/div>\n\t\t\t\t<div class=\"elementor-element elementor-element-e3ab7c7 elementor-widget elementor-widget-text-editor\" data-id=\"e3ab7c7\" data-element_type=\"widget\" data-e-type=\"widget\" data-widget_type=\"text-editor.default\">\n\t\t\t\t<div class=\"elementor-widget-container\">\n\t\t\t\t\t\t\t\t\t<p>La plataforma de pagament en l\u00ednia de Cl\u00ednica de l&#8217;Ansietat serveix per abonar mitjan\u00e7ant TPV virtual serveis pr\u00e8viament concertats a trav\u00e9s de la nostra recepci\u00f3, tel\u00e8fons o correu electr\u00f2nic.<\/p>\n<p><strong>No contracti ni aboni els nostres serveis sense abans haver-se posat en contacte amb nosaltres per concertar-los i planificar-los.<\/strong><\/p>\n<ul>\n<li>Tel\u00e9fono&nbsp;<a href=\"http:\/\/tel:932261412\" target=\"_blank\">932261412&nbsp;<\/a>\u2013 <a href=\"http:\/\/tel:607507097\">607507097 <\/a>\u2013 <a href=\"http:\/\/tel:918299392\">918299392<\/a><\/li>\n<li>Correu electr\u00f2nic&nbsp;<a href=\"mailto:info@clinicadeansiedad.com\" target=\"_blank\">info@clinicadeansiedad.com<\/a><\/li>\n<\/ul>\n<p>Aquesta no \u00e9s una plataforma de compra directa i immediata de serveis, sin\u00f3 de pagament dels ja concertats. Poseu-vos en contacte amb nosaltres per indicar-nos qu\u00e8 necessiteu, acordar horaris i especialistes, i concretar procediments. A partir de ah\u00ed, seleccione los servicios concertados y proceda a abonarlos.<\/p>\t\t\t\t\t\t\t\t<\/div>\n\t\t\t\t<\/div>\n\t\t\t\t<div class=\"elementor-element elementor-element-c88dce2 elementor-grid-3 elementor-hidden-mobile elementor-grid-tablet-3 elementor-grid-mobile-2 elementor-products-grid elementor-wc-products elementor-widget elementor-widget-woocommerce-products\" data-id=\"c88dce2\" data-element_type=\"widget\" data-e-type=\"widget\" data-widget_type=\"woocommerce-products.default\">\n\t\t\t\t<div class=\"elementor-widget-container\">\n\t\t\t\t\t<div class=\"woocommerce columns-3 \"><ul class=\"products elementor-grid columns-3\">\n<li class=\"product type-product post-58493 status-publish first instock product_cat-sense-categoria has-post-thumbnail shipping-taxable purchasable product-type-simple\">\n\t<a href=\"https:\/\/clinicadeansiedad.com\/ca\/producto\/primera-visita-de-psicologia-o-psiquiatria\/\" class=\"woocommerce-LoopProduct-link woocommerce-loop-product__link\"><img fetchpriority=\"high\" decoding=\"async\" width=\"450\" height=\"450\" src=\"https:\/\/clinicadeansiedad.com\/wp-content\/uploads\/2022\/03\/ayuda-medica-4-450x450.jpg\" class=\"attachment-woocommerce_thumbnail size-woocommerce_thumbnail\" alt=\"Primera visita de psicologia o psiquiatria\" srcset=\"https:\/\/clinicadeansiedad.com\/wp-content\/uploads\/2022\/03\/ayuda-medica-4-450x450.jpg 450w, https:\/\/clinicadeansiedad.com\/wp-content\/uploads\/2022\/03\/ayuda-medica-4-150x150.jpg 150w, https:\/\/clinicadeansiedad.com\/wp-content\/uploads\/2022\/03\/ayuda-medica-4-100x100.jpg 100w\" sizes=\"(max-width: 450px) 100vw, 450px\" \/><h2 class=\"woocommerce-loop-product__title\">Primera visita de psicologia o psiquiatria<\/h2>\n\t<span class=\"price\"><span class=\"woocommerce-Price-amount amount\"><bdi>80.00<span class=\"woocommerce-Price-currencySymbol\">&euro;<\/span><\/bdi><\/span><\/span>\n<\/a><a href=\"\/ca\/wp-json\/wp\/v2\/pages\/58381?add-to-cart=58493\" aria-describedby=\"woocommerce_loop_add_to_cart_link_describedby_58493\" data-quantity=\"1\" class=\"button product_type_simple add_to_cart_button ajax_add_to_cart\" data-product_id=\"58493\" data-product_sku=\"\" aria-label=\"Afegeix a la cistella: &ldquo;Primera visita de psicologia o psiquiatria&rdquo;\" rel=\"nofollow\" data-success_message=\"&ldquo;Primera visita de psicologia o psiquiatria&rdquo; s&#039;ha afegit a la vostra cistella\">Afegeix a la cistella<\/a>\t<span id=\"woocommerce_loop_add_to_cart_link_describedby_58493\" class=\"screen-reader-text\">\n\t\t\t<\/span>\n<\/li>\n<li class=\"product type-product post-58495 status-publish instock product_cat-sense-categoria has-post-thumbnail shipping-taxable purchasable product-type-simple\">\n\t<a href=\"https:\/\/clinicadeansiedad.com\/ca\/producto\/visita-successiva-de-psicologia-o-psiquiatria\/\" class=\"woocommerce-LoopProduct-link woocommerce-loop-product__link\"><img decoding=\"async\" width=\"450\" height=\"450\" data-src=\"https:\/\/clinicadeansiedad.com\/wp-content\/uploads\/2022\/03\/consulta-psicologica-2-450x450.jpg\" class=\"attachment-woocommerce_thumbnail size-woocommerce_thumbnail lazyload\" alt=\"Consulta\" data-srcset=\"https:\/\/clinicadeansiedad.com\/wp-content\/uploads\/2022\/03\/consulta-psicologica-2-450x450.jpg 450w, https:\/\/clinicadeansiedad.com\/wp-content\/uploads\/2022\/03\/consulta-psicologica-2-150x150.jpg 150w, https:\/\/clinicadeansiedad.com\/wp-content\/uploads\/2022\/03\/consulta-psicologica-2-100x100.jpg 100w\" data-sizes=\"(max-width: 450px) 100vw, 450px\" src=\"data:image\/svg+xml;base64,PHN2ZyB3aWR0aD0iMSIgaGVpZ2h0PSIxIiB4bWxucz0iaHR0cDovL3d3dy53My5vcmcvMjAwMC9zdmciPjwvc3ZnPg==\" style=\"--smush-placeholder-width: 450px; --smush-placeholder-aspect-ratio: 450\/450;\" \/><h2 class=\"woocommerce-loop-product__title\">Visita successiva de psicologia o psiquiatria.<\/h2>\n\t<span class=\"price\"><span class=\"woocommerce-Price-amount amount\"><bdi>70.00<span class=\"woocommerce-Price-currencySymbol\">&euro;<\/span><\/bdi><\/span><\/span>\n<\/a><a href=\"\/ca\/wp-json\/wp\/v2\/pages\/58381?add-to-cart=58495\" aria-describedby=\"woocommerce_loop_add_to_cart_link_describedby_58495\" data-quantity=\"1\" class=\"button product_type_simple add_to_cart_button ajax_add_to_cart\" data-product_id=\"58495\" data-product_sku=\"\" aria-label=\"Afegeix a la cistella: &ldquo;Visita successiva de psicologia o psiquiatria.&rdquo;\" rel=\"nofollow\" data-success_message=\"&ldquo;Visita successiva de psicologia o psiquiatria.&rdquo; s&#039;ha afegit a la vostra cistella\">Afegeix a la cistella<\/a>\t<span id=\"woocommerce_loop_add_to_cart_link_describedby_58495\" class=\"screen-reader-text\">\n\t\t\t<\/span>\n<\/li>\n<li class=\"product type-product post-58494 status-publish last instock product_cat-sense-categoria has-post-thumbnail shipping-taxable purchasable product-type-simple\">\n\t<a href=\"https:\/\/clinicadeansiedad.com\/ca\/producto\/visita-successiva-de-psicologia-o-psiquiatria-tarifa-anterior-a-2023\/\" class=\"woocommerce-LoopProduct-link woocommerce-loop-product__link\"><img decoding=\"async\" width=\"450\" height=\"450\" data-src=\"https:\/\/clinicadeansiedad.com\/wp-content\/uploads\/2022\/03\/consulta-psicologica-3-450x450.jpg\" class=\"attachment-woocommerce_thumbnail size-woocommerce_thumbnail lazyload\" alt=\"Visita successiva de psicologia o psiquiatria (Tarifa anterior a 2023).\" data-srcset=\"https:\/\/clinicadeansiedad.com\/wp-content\/uploads\/2022\/03\/consulta-psicologica-3-450x450.jpg 450w, https:\/\/clinicadeansiedad.com\/wp-content\/uploads\/2022\/03\/consulta-psicologica-3-150x150.jpg 150w, https:\/\/clinicadeansiedad.com\/wp-content\/uploads\/2022\/03\/consulta-psicologica-3-100x100.jpg 100w\" data-sizes=\"(max-width: 450px) 100vw, 450px\" src=\"data:image\/svg+xml;base64,PHN2ZyB3aWR0aD0iMSIgaGVpZ2h0PSIxIiB4bWxucz0iaHR0cDovL3d3dy53My5vcmcvMjAwMC9zdmciPjwvc3ZnPg==\" style=\"--smush-placeholder-width: 450px; --smush-placeholder-aspect-ratio: 450\/450;\" \/><h2 class=\"woocommerce-loop-product__title\">Visita successiva de psicologia o psiquiatria (Tarifa anterior a 2023).<\/h2>\n\t<span class=\"price\"><span class=\"woocommerce-Price-amount amount\"><bdi>65.00<span class=\"woocommerce-Price-currencySymbol\">&euro;<\/span><\/bdi><\/span><\/span>\n<\/a><a href=\"\/ca\/wp-json\/wp\/v2\/pages\/58381?add-to-cart=58494\" aria-describedby=\"woocommerce_loop_add_to_cart_link_describedby_58494\" data-quantity=\"1\" class=\"button product_type_simple add_to_cart_button ajax_add_to_cart\" data-product_id=\"58494\" data-product_sku=\"\" aria-label=\"Afegeix a la cistella: &ldquo;Visita successiva de psicologia o psiquiatria (Tarifa anterior a 2023).&rdquo;\" rel=\"nofollow\" data-success_message=\"&ldquo;Visita successiva de psicologia o psiquiatria (Tarifa anterior a 2023).&rdquo; s&#039;ha afegit a la vostra cistella\">Afegeix a la cistella<\/a>\t<span id=\"woocommerce_loop_add_to_cart_link_describedby_58494\" class=\"screen-reader-text\">\n\t\t\t<\/span>\n<\/li>\n<\/ul>\n<\/div>\t\t\t\t<\/div>\n\t\t\t\t<\/div>\n\t\t\t\t<div class=\"elementor-element elementor-element-920064a elementor-grid-3 elementor-grid-mobile-1 elementor-hidden-desktop elementor-hidden-tablet elementor-grid-tablet-3 elementor-products-grid elementor-wc-products elementor-widget elementor-widget-woocommerce-products\" data-id=\"920064a\" data-element_type=\"widget\" data-e-type=\"widget\" data-widget_type=\"woocommerce-products.default\">\n\t\t\t\t<div class=\"elementor-widget-container\">\n\t\t\t\t\t<div class=\"woocommerce columns-3 \"><ul class=\"products elementor-grid columns-3\">\n<li class=\"product type-product post-58493 status-publish first instock product_cat-sense-categoria has-post-thumbnail shipping-taxable purchasable product-type-simple\">\n\t<a href=\"https:\/\/clinicadeansiedad.com\/ca\/producto\/primera-visita-de-psicologia-o-psiquiatria\/\" class=\"woocommerce-LoopProduct-link woocommerce-loop-product__link\"><img fetchpriority=\"high\" decoding=\"async\" width=\"450\" height=\"450\" src=\"https:\/\/clinicadeansiedad.com\/wp-content\/uploads\/2022\/03\/ayuda-medica-4-450x450.jpg\" class=\"attachment-woocommerce_thumbnail size-woocommerce_thumbnail\" alt=\"Primera visita de psicologia o psiquiatria\" srcset=\"https:\/\/clinicadeansiedad.com\/wp-content\/uploads\/2022\/03\/ayuda-medica-4-450x450.jpg 450w, https:\/\/clinicadeansiedad.com\/wp-content\/uploads\/2022\/03\/ayuda-medica-4-150x150.jpg 150w, https:\/\/clinicadeansiedad.com\/wp-content\/uploads\/2022\/03\/ayuda-medica-4-100x100.jpg 100w\" sizes=\"(max-width: 450px) 100vw, 450px\" \/><h2 class=\"woocommerce-loop-product__title\">Primera visita de psicologia o psiquiatria<\/h2>\n\t<span class=\"price\"><span class=\"woocommerce-Price-amount amount\"><bdi>80.00<span class=\"woocommerce-Price-currencySymbol\">&euro;<\/span><\/bdi><\/span><\/span>\n<\/a><a href=\"\/ca\/wp-json\/wp\/v2\/pages\/58381?add-to-cart=58493\" aria-describedby=\"woocommerce_loop_add_to_cart_link_describedby_58493\" data-quantity=\"1\" class=\"button product_type_simple add_to_cart_button ajax_add_to_cart\" data-product_id=\"58493\" data-product_sku=\"\" aria-label=\"Afegeix a la cistella: &ldquo;Primera visita de psicologia o psiquiatria&rdquo;\" rel=\"nofollow\" data-success_message=\"&ldquo;Primera visita de psicologia o psiquiatria&rdquo; s&#039;ha afegit a la vostra cistella\">Afegeix a la cistella<\/a>\t<span id=\"woocommerce_loop_add_to_cart_link_describedby_58493\" class=\"screen-reader-text\">\n\t\t\t<\/span>\n<\/li>\n<li class=\"product type-product post-58495 status-publish instock product_cat-sense-categoria has-post-thumbnail shipping-taxable purchasable product-type-simple\">\n\t<a href=\"https:\/\/clinicadeansiedad.com\/ca\/producto\/visita-successiva-de-psicologia-o-psiquiatria\/\" class=\"woocommerce-LoopProduct-link woocommerce-loop-product__link\"><img decoding=\"async\" width=\"450\" height=\"450\" data-src=\"https:\/\/clinicadeansiedad.com\/wp-content\/uploads\/2022\/03\/consulta-psicologica-2-450x450.jpg\" class=\"attachment-woocommerce_thumbnail size-woocommerce_thumbnail lazyload\" alt=\"Consulta\" data-srcset=\"https:\/\/clinicadeansiedad.com\/wp-content\/uploads\/2022\/03\/consulta-psicologica-2-450x450.jpg 450w, https:\/\/clinicadeansiedad.com\/wp-content\/uploads\/2022\/03\/consulta-psicologica-2-150x150.jpg 150w, https:\/\/clinicadeansiedad.com\/wp-content\/uploads\/2022\/03\/consulta-psicologica-2-100x100.jpg 100w\" data-sizes=\"(max-width: 450px) 100vw, 450px\" src=\"data:image\/svg+xml;base64,PHN2ZyB3aWR0aD0iMSIgaGVpZ2h0PSIxIiB4bWxucz0iaHR0cDovL3d3dy53My5vcmcvMjAwMC9zdmciPjwvc3ZnPg==\" style=\"--smush-placeholder-width: 450px; --smush-placeholder-aspect-ratio: 450\/450;\" \/><h2 class=\"woocommerce-loop-product__title\">Visita successiva de psicologia o psiquiatria.<\/h2>\n\t<span class=\"price\"><span class=\"woocommerce-Price-amount amount\"><bdi>70.00<span class=\"woocommerce-Price-currencySymbol\">&euro;<\/span><\/bdi><\/span><\/span>\n<\/a><a href=\"\/ca\/wp-json\/wp\/v2\/pages\/58381?add-to-cart=58495\" aria-describedby=\"woocommerce_loop_add_to_cart_link_describedby_58495\" data-quantity=\"1\" class=\"button product_type_simple add_to_cart_button ajax_add_to_cart\" data-product_id=\"58495\" data-product_sku=\"\" aria-label=\"Afegeix a la cistella: &ldquo;Visita successiva de psicologia o psiquiatria.&rdquo;\" rel=\"nofollow\" data-success_message=\"&ldquo;Visita successiva de psicologia o psiquiatria.&rdquo; s&#039;ha afegit a la vostra cistella\">Afegeix a la cistella<\/a>\t<span id=\"woocommerce_loop_add_to_cart_link_describedby_58495\" class=\"screen-reader-text\">\n\t\t\t<\/span>\n<\/li>\n<li class=\"product type-product post-58494 status-publish last instock product_cat-sense-categoria has-post-thumbnail shipping-taxable purchasable product-type-simple\">\n\t<a href=\"https:\/\/clinicadeansiedad.com\/ca\/producto\/visita-successiva-de-psicologia-o-psiquiatria-tarifa-anterior-a-2023\/\" class=\"woocommerce-LoopProduct-link woocommerce-loop-product__link\"><img decoding=\"async\" width=\"450\" height=\"450\" data-src=\"https:\/\/clinicadeansiedad.com\/wp-content\/uploads\/2022\/03\/consulta-psicologica-3-450x450.jpg\" class=\"attachment-woocommerce_thumbnail size-woocommerce_thumbnail lazyload\" alt=\"Visita successiva de psicologia o psiquiatria (Tarifa anterior a 2023).\" data-srcset=\"https:\/\/clinicadeansiedad.com\/wp-content\/uploads\/2022\/03\/consulta-psicologica-3-450x450.jpg 450w, https:\/\/clinicadeansiedad.com\/wp-content\/uploads\/2022\/03\/consulta-psicologica-3-150x150.jpg 150w, https:\/\/clinicadeansiedad.com\/wp-content\/uploads\/2022\/03\/consulta-psicologica-3-100x100.jpg 100w\" data-sizes=\"(max-width: 450px) 100vw, 450px\" src=\"data:image\/svg+xml;base64,PHN2ZyB3aWR0aD0iMSIgaGVpZ2h0PSIxIiB4bWxucz0iaHR0cDovL3d3dy53My5vcmcvMjAwMC9zdmciPjwvc3ZnPg==\" style=\"--smush-placeholder-width: 450px; --smush-placeholder-aspect-ratio: 450\/450;\" \/><h2 class=\"woocommerce-loop-product__title\">Visita successiva de psicologia o psiquiatria (Tarifa anterior a 2023).<\/h2>\n\t<span class=\"price\"><span class=\"woocommerce-Price-amount amount\"><bdi>65.00<span class=\"woocommerce-Price-currencySymbol\">&euro;<\/span><\/bdi><\/span><\/span>\n<\/a><a href=\"\/ca\/wp-json\/wp\/v2\/pages\/58381?add-to-cart=58494\" aria-describedby=\"woocommerce_loop_add_to_cart_link_describedby_58494\" data-quantity=\"1\" class=\"button product_type_simple add_to_cart_button ajax_add_to_cart\" data-product_id=\"58494\" data-product_sku=\"\" aria-label=\"Afegeix a la cistella: &ldquo;Visita successiva de psicologia o psiquiatria (Tarifa anterior a 2023).&rdquo;\" rel=\"nofollow\" data-success_message=\"&ldquo;Visita successiva de psicologia o psiquiatria (Tarifa anterior a 2023).&rdquo; s&#039;ha afegit a la vostra cistella\">Afegeix a la cistella<\/a>\t<span id=\"woocommerce_loop_add_to_cart_link_describedby_58494\" class=\"screen-reader-text\">\n\t\t\t<\/span>\n<\/li>\n<\/ul>\n<\/div>\t\t\t\t<\/div>\n\t\t\t\t<\/div>\n\t\t\t\t\t<\/div>\n\t\t<\/div>\n\t\t\t\t\t<\/div>\n\t\t<\/section>\n\t\t\t\t\t<\/div>\n\t\t<\/div>\n\t\t\t\t\t<\/div>\n\t\t<\/section>\n\t\t\t\t<\/div>\n\t\t","protected":false},"excerpt":{"rendered":"<p>Pagament online La plataforma de pagament en l\u00ednia de Cl\u00ednica de l&#8217;Ansietat serveix per abonar mitjan\u00e7ant TPV virtual serveis pr\u00e8viament concertats a trav\u00e9s de la nostra recepci\u00f3, tel\u00e8fons o correu electr\u00f2nic. No contracti ni aboni els nostres serveis sense abans haver-se posat en contacte amb nosaltres per concertar-los i planificar-los. Tel\u00e9fono&nbsp;932261412&nbsp;\u2013 607507097 \u2013 918299392 Correu [&hellip;]<\/p>\n","protected":false},"author":32070,"featured_media":0,"parent":0,"menu_order":72,"comment_status":"closed","ping_status":"closed","template":"elementor_header_footer","meta":{"_bbp_topic_count":0,"_bbp_reply_count":0,"_bbp_total_topic_count":0,"_bbp_total_reply_count":0,"_bbp_voice_count":0,"_bbp_anonymous_reply_count":0,"_bbp_topic_count_hidden":0,"_bbp_reply_count_hidden":0,"_bbp_forum_subforum_count":0,"_joinchat":[],"footnotes":""},"class_list":["post-58381","page","type-page","status-publish","hentry"],"yoast_head":"<!-- This site is optimized with the Yoast SEO plugin v27.2 - https:\/\/yoast.com\/product\/yoast-seo-wordpress\/ -->\n<title>Tarifes i pagament online - Cl\u00ednica de la Ansiedad<\/title>\n<meta name=\"robots\" content=\"index, follow, max-snippet:-1, max-image-preview:large, max-video-preview:-1\" \/>\n<link rel=\"canonical\" href=\"https:\/\/clinicadeansiedad.com\/ca\/tarifes-i-pagament-online\/\" \/>\n<meta property=\"og:locale\" content=\"ca_ES\" \/>\n<meta property=\"og:type\" content=\"article\" \/>\n<meta property=\"og:title\" content=\"Tarifes i pagament online - Cl\u00ednica de la Ansiedad\" \/>\n<meta property=\"og:description\" content=\"Pagament online La plataforma de pagament en l\u00ednia de Cl\u00ednica de l&#8217;Ansietat serveix per abonar mitjan\u00e7ant TPV virtual serveis pr\u00e8viament concertats a trav\u00e9s de la nostra recepci\u00f3, tel\u00e8fons o correu electr\u00f2nic. No contracti ni aboni els nostres serveis sense abans haver-se posat en contacte amb nosaltres per concertar-los i planificar-los. Tel\u00e9fono&nbsp;932261412&nbsp;\u2013 607507097 \u2013 918299392 Correu [&hellip;]\" \/>\n<meta property=\"og:url\" content=\"https:\/\/clinicadeansiedad.com\/ca\/tarifes-i-pagament-online\/\" \/>\n<meta property=\"og:site_name\" content=\"Cl\u00ednica de la Ansiedad\" \/>\n<meta property=\"article:modified_time\" content=\"2025-04-02T22:07:25+00:00\" \/>\n<meta name=\"twitter:card\" content=\"summary_large_image\" \/>\n<meta name=\"twitter:label1\" content=\"Temps estimat de lectura\" \/>\n\t<meta name=\"twitter:data1\" content=\"3 minuts\" \/>\n<script type=\"application\/ld+json\" class=\"yoast-schema-graph\">{\"@context\":\"https:\/\/schema.org\",\"@graph\":[{\"@type\":\"WebPage\",\"@id\":\"https:\/\/clinicadeansiedad.com\/ca\/tarifes-i-pagament-online\/\",\"url\":\"https:\/\/clinicadeansiedad.com\/ca\/tarifes-i-pagament-online\/\",\"name\":\"Tarifes i pagament online - Cl\u00ednica de la Ansiedad\",\"isPartOf\":{\"@id\":\"https:\/\/clinicadeansiedad.com\/ca\/#website\"},\"datePublished\":\"2022-03-17T14:53:08+00:00\",\"dateModified\":\"2025-04-02T22:07:25+00:00\",\"breadcrumb\":{\"@id\":\"https:\/\/clinicadeansiedad.com\/ca\/tarifes-i-pagament-online\/#breadcrumb\"},\"inLanguage\":\"ca\",\"potentialAction\":[{\"@type\":\"ReadAction\",\"target\":[\"https:\/\/clinicadeansiedad.com\/ca\/tarifes-i-pagament-online\/\"]}]},{\"@type\":\"BreadcrumbList\",\"@id\":\"https:\/\/clinicadeansiedad.com\/ca\/tarifes-i-pagament-online\/#breadcrumb\",\"itemListElement\":[{\"@type\":\"ListItem\",\"position\":1,\"name\":\"Portada\",\"item\":\"https:\/\/clinicadeansiedad.com\/ca\/\"},{\"@type\":\"ListItem\",\"position\":2,\"name\":\"Tarifes i pagament online\"}]},{\"@type\":\"WebSite\",\"@id\":\"https:\/\/clinicadeansiedad.com\/ca\/#website\",\"url\":\"https:\/\/clinicadeansiedad.com\/ca\/\",\"name\":\"Cl\u00ednica de la Ansiedad\",\"description\":\"\",\"publisher\":{\"@id\":\"https:\/\/clinicadeansiedad.com\/ca\/#organization\"},\"potentialAction\":[{\"@type\":\"SearchAction\",\"target\":{\"@type\":\"EntryPoint\",\"urlTemplate\":\"https:\/\/clinicadeansiedad.com\/ca\/?s={search_term_string}\"},\"query-input\":{\"@type\":\"PropertyValueSpecification\",\"valueRequired\":true,\"valueName\":\"search_term_string\"}}],\"inLanguage\":\"ca\"},{\"@type\":\"Organization\",\"@id\":\"https:\/\/clinicadeansiedad.com\/ca\/#organization\",\"name\":\"Cl\u00ednica de la Ansiedad\",\"url\":\"https:\/\/clinicadeansiedad.com\/ca\/\",\"logo\":{\"@type\":\"ImageObject\",\"inLanguage\":\"ca\",\"@id\":\"https:\/\/clinicadeansiedad.com\/ca\/#\/schema\/logo\/image\/\",\"url\":\"https:\/\/clinicadeansiedad.com\/wp-content\/uploads\/2020\/12\/cropped-logo_app-1-scaled-1.jpg\",\"contentUrl\":\"https:\/\/clinicadeansiedad.com\/wp-content\/uploads\/2020\/12\/cropped-logo_app-1-scaled-1.jpg\",\"width\":2555,\"height\":1923,\"caption\":\"Cl\u00ednica de la Ansiedad\"},\"image\":{\"@id\":\"https:\/\/clinicadeansiedad.com\/ca\/#\/schema\/logo\/image\/\"}}]}<\/script>\n<!-- \/ Yoast SEO plugin. -->","yoast_head_json":{"title":"Tarifes i pagament online - Cl\u00ednica de la Ansiedad","robots":{"index":"index","follow":"follow","max-snippet":"max-snippet:-1","max-image-preview":"max-image-preview:large","max-video-preview":"max-video-preview:-1"},"canonical":"https:\/\/clinicadeansiedad.com\/ca\/tarifes-i-pagament-online\/","og_locale":"ca_ES","og_type":"article","og_title":"Tarifes i pagament online - Cl\u00ednica de la Ansiedad","og_description":"Pagament online La plataforma de pagament en l\u00ednia de Cl\u00ednica de l&#8217;Ansietat serveix per abonar mitjan\u00e7ant TPV virtual serveis pr\u00e8viament concertats a trav\u00e9s de la nostra recepci\u00f3, tel\u00e8fons o correu electr\u00f2nic. No contracti ni aboni els nostres serveis sense abans haver-se posat en contacte amb nosaltres per concertar-los i planificar-los. Tel\u00e9fono&nbsp;932261412&nbsp;\u2013 607507097 \u2013 918299392 Correu [&hellip;]","og_url":"https:\/\/clinicadeansiedad.com\/ca\/tarifes-i-pagament-online\/","og_site_name":"Cl\u00ednica de la Ansiedad","article_modified_time":"2025-04-02T22:07:25+00:00","twitter_card":"summary_large_image","twitter_misc":{"Temps estimat de lectura":"3 minuts"},"schema":{"@context":"https:\/\/schema.org","@graph":[{"@type":"WebPage","@id":"https:\/\/clinicadeansiedad.com\/ca\/tarifes-i-pagament-online\/","url":"https:\/\/clinicadeansiedad.com\/ca\/tarifes-i-pagament-online\/","name":"Tarifes i pagament online - Cl\u00ednica de la Ansiedad","isPartOf":{"@id":"https:\/\/clinicadeansiedad.com\/ca\/#website"},"datePublished":"2022-03-17T14:53:08+00:00","dateModified":"2025-04-02T22:07:25+00:00","breadcrumb":{"@id":"https:\/\/clinicadeansiedad.com\/ca\/tarifes-i-pagament-online\/#breadcrumb"},"inLanguage":"ca","potentialAction":[{"@type":"ReadAction","target":["https:\/\/clinicadeansiedad.com\/ca\/tarifes-i-pagament-online\/"]}]},{"@type":"BreadcrumbList","@id":"https:\/\/clinicadeansiedad.com\/ca\/tarifes-i-pagament-online\/#breadcrumb","itemListElement":[{"@type":"ListItem","position":1,"name":"Portada","item":"https:\/\/clinicadeansiedad.com\/ca\/"},{"@type":"ListItem","position":2,"name":"Tarifes i pagament online"}]},{"@type":"WebSite","@id":"https:\/\/clinicadeansiedad.com\/ca\/#website","url":"https:\/\/clinicadeansiedad.com\/ca\/","name":"Cl\u00ednica de la Ansiedad","description":"","publisher":{"@id":"https:\/\/clinicadeansiedad.com\/ca\/#organization"},"potentialAction":[{"@type":"SearchAction","target":{"@type":"EntryPoint","urlTemplate":"https:\/\/clinicadeansiedad.com\/ca\/?s={search_term_string}"},"query-input":{"@type":"PropertyValueSpecification","valueRequired":true,"valueName":"search_term_string"}}],"inLanguage":"ca"},{"@type":"Organization","@id":"https:\/\/clinicadeansiedad.com\/ca\/#organization","name":"Cl\u00ednica de la Ansiedad","url":"https:\/\/clinicadeansiedad.com\/ca\/","logo":{"@type":"ImageObject","inLanguage":"ca","@id":"https:\/\/clinicadeansiedad.com\/ca\/#\/schema\/logo\/image\/","url":"https:\/\/clinicadeansiedad.com\/wp-content\/uploads\/2020\/12\/cropped-logo_app-1-scaled-1.jpg","contentUrl":"https:\/\/clinicadeansiedad.com\/wp-content\/uploads\/2020\/12\/cropped-logo_app-1-scaled-1.jpg","width":2555,"height":1923,"caption":"Cl\u00ednica de la Ansiedad"},"image":{"@id":"https:\/\/clinicadeansiedad.com\/ca\/#\/schema\/logo\/image\/"}}]}},"_links":{"self":[{"href":"https:\/\/clinicadeansiedad.com\/ca\/wp-json\/wp\/v2\/pages\/58381","targetHints":{"allow":["GET"]}}],"collection":[{"href":"https:\/\/clinicadeansiedad.com\/ca\/wp-json\/wp\/v2\/pages"}],"about":[{"href":"https:\/\/clinicadeansiedad.com\/ca\/wp-json\/wp\/v2\/types\/page"}],"author":[{"embeddable":true,"href":"https:\/\/clinicadeansiedad.com\/ca\/wp-json\/wp\/v2\/users\/32070"}],"replies":[{"embeddable":true,"href":"https:\/\/clinicadeansiedad.com\/ca\/wp-json\/wp\/v2\/comments?post=58381"}],"version-history":[{"count":16,"href":"https:\/\/clinicadeansiedad.com\/ca\/wp-json\/wp\/v2\/pages\/58381\/revisions"}],"predecessor-version":[{"id":67039,"href":"https:\/\/clinicadeansiedad.com\/ca\/wp-json\/wp\/v2\/pages\/58381\/revisions\/67039"}],"wp:attachment":[{"href":"https:\/\/clinicadeansiedad.com\/ca\/wp-json\/wp\/v2\/media?parent=58381"}],"curies":[{"name":"wp","href":"https:\/\/api.w.org\/{rel}","templated":true}]}}