{"id":55757,"date":"2022-01-20T16:01:31","date_gmt":"2022-01-20T16:01:31","guid":{"rendered":"https:\/\/clinicadeansiedad.com\/inicio\/"},"modified":"2025-09-19T00:31:00","modified_gmt":"2025-09-18T22:31:00","slug":"inicio","status":"publish","type":"page","link":"https:\/\/clinicadeansiedad.com\/ca\/","title":{"rendered":"Inicio"},"content":{"rendered":"\t\t<div data-elementor-type=\"wp-page\" data-elementor-id=\"55757\" class=\"elementor elementor-55757 elementor-22\" data-elementor-post-type=\"page\">\n\t\t\t\t\t\t<section class=\"elementor-section elementor-top-section elementor-element elementor-element-f09eb28 elementor-section-boxed elementor-section-height-default elementor-section-height-default\" data-id=\"f09eb28\" data-element_type=\"section\" data-e-type=\"section\">\n\t\t\t\t\t\t<div class=\"elementor-container elementor-column-gap-default\">\n\t\t\t\t\t<div class=\"elementor-column elementor-col-25 elementor-top-column elementor-element elementor-element-d02ccea\" data-id=\"d02ccea\" data-element_type=\"column\" data-e-type=\"column\">\n\t\t\t<div class=\"elementor-widget-wrap elementor-element-populated\">\n\t\t\t\t\t\t<div class=\"elementor-element elementor-element-6182468 elementor-widget elementor-widget-image\" data-id=\"6182468\" data-element_type=\"widget\" data-e-type=\"widget\" data-widget_type=\"image.default\">\n\t\t\t\t<div class=\"elementor-widget-container\">\n\t\t\t\t\t\t\t\t\t\t\t\t\t\t\t\t<a href=\"https:\/\/clinicadeansiedad.com\/tratamientos-psicologicos\/\" target=\"_blank\" rel=\"nofollow\">\n\t\t\t\t\t\t\t<img fetchpriority=\"high\" decoding=\"async\" width=\"280\" height=\"279\" src=\"https:\/\/clinicadeansiedad.com\/wp-content\/uploads\/2022\/03\/1-Tractaments.png\" class=\"attachment-large size-large wp-image-58244\" alt=\"\" srcset=\"https:\/\/clinicadeansiedad.com\/wp-content\/uploads\/2022\/03\/1-Tractaments.png 280w, https:\/\/clinicadeansiedad.com\/wp-content\/uploads\/2022\/03\/1-Tractaments-100x100.png 100w, https:\/\/clinicadeansiedad.com\/wp-content\/uploads\/2022\/03\/1-Tractaments-150x150.png 150w\" sizes=\"(max-width: 280px) 100vw, 280px\" \/>\t\t\t\t\t\t\t\t<\/a>\n\t\t\t\t\t\t\t\t\t\t\t\t\t\t\t<\/div>\n\t\t\t\t<\/div>\n\t\t\t\t\t<\/div>\n\t\t<\/div>\n\t\t\t\t<div class=\"elementor-column elementor-col-25 elementor-top-column elementor-element elementor-element-ae8ece3\" data-id=\"ae8ece3\" data-element_type=\"column\" data-e-type=\"column\">\n\t\t\t<div class=\"elementor-widget-wrap elementor-element-populated\">\n\t\t\t\t\t\t<div class=\"elementor-element elementor-element-93a5c6b elementor-widget elementor-widget-image\" data-id=\"93a5c6b\" data-element_type=\"widget\" data-e-type=\"widget\" data-widget_type=\"image.default\">\n\t\t\t\t<div class=\"elementor-widget-container\">\n\t\t\t\t\t\t\t\t\t\t\t\t\t\t\t\t<a href=\"https:\/\/clinicadeansiedad.app\/\" target=\"_blank\" rel=\"nofollow\">\n\t\t\t\t\t\t\t<img decoding=\"async\" width=\"280\" height=\"280\" data-src=\"https:\/\/clinicadeansiedad.com\/wp-content\/uploads\/2022\/03\/2-Aplicacio.png\" class=\"attachment-large size-large wp-image-58246 lazyload\" alt=\"\" data-srcset=\"https:\/\/clinicadeansiedad.com\/wp-content\/uploads\/2022\/03\/2-Aplicacio.png 280w, https:\/\/clinicadeansiedad.com\/wp-content\/uploads\/2022\/03\/2-Aplicacio-100x100.png 100w, https:\/\/clinicadeansiedad.com\/wp-content\/uploads\/2022\/03\/2-Aplicacio-150x150.png 150w\" data-sizes=\"(max-width: 280px) 100vw, 280px\" src=\"data:image\/svg+xml;base64,PHN2ZyB3aWR0aD0iMSIgaGVpZ2h0PSIxIiB4bWxucz0iaHR0cDovL3d3dy53My5vcmcvMjAwMC9zdmciPjwvc3ZnPg==\" style=\"--smush-placeholder-width: 280px; --smush-placeholder-aspect-ratio: 280\/280;\" \/>\t\t\t\t\t\t\t\t<\/a>\n\t\t\t\t\t\t\t\t\t\t\t\t\t\t\t<\/div>\n\t\t\t\t<\/div>\n\t\t\t\t\t<\/div>\n\t\t<\/div>\n\t\t\t\t<div class=\"elementor-column elementor-col-25 elementor-top-column elementor-element elementor-element-3dafd40\" data-id=\"3dafd40\" data-element_type=\"column\" data-e-type=\"column\">\n\t\t\t<div class=\"elementor-widget-wrap elementor-element-populated\">\n\t\t\t\t\t\t<div class=\"elementor-element elementor-element-baa3382 elementor-widget elementor-widget-image\" data-id=\"baa3382\" data-element_type=\"widget\" data-e-type=\"widget\" data-widget_type=\"image.default\">\n\t\t\t\t<div class=\"elementor-widget-container\">\n\t\t\t\t\t\t\t\t\t\t\t\t\t\t\t\t<a href=\"https:\/\/clinicadeansiedad.com\/videocanal\/\" target=\"_blank\" rel=\"nofollow\">\n\t\t\t\t\t\t\t<img decoding=\"async\" width=\"280\" height=\"279\" data-src=\"https:\/\/clinicadeansiedad.com\/wp-content\/uploads\/2022\/03\/3-Videocanal.png\" class=\"attachment-large size-large wp-image-58248 lazyload\" alt=\"\" data-srcset=\"https:\/\/clinicadeansiedad.com\/wp-content\/uploads\/2022\/03\/3-Videocanal.png 280w, https:\/\/clinicadeansiedad.com\/wp-content\/uploads\/2022\/03\/3-Videocanal-100x100.png 100w, https:\/\/clinicadeansiedad.com\/wp-content\/uploads\/2022\/03\/3-Videocanal-150x150.png 150w\" data-sizes=\"(max-width: 280px) 100vw, 280px\" src=\"data:image\/svg+xml;base64,PHN2ZyB3aWR0aD0iMSIgaGVpZ2h0PSIxIiB4bWxucz0iaHR0cDovL3d3dy53My5vcmcvMjAwMC9zdmciPjwvc3ZnPg==\" style=\"--smush-placeholder-width: 280px; --smush-placeholder-aspect-ratio: 280\/279;\" \/>\t\t\t\t\t\t\t\t<\/a>\n\t\t\t\t\t\t\t\t\t\t\t\t\t\t\t<\/div>\n\t\t\t\t<\/div>\n\t\t\t\t\t<\/div>\n\t\t<\/div>\n\t\t\t\t<div class=\"elementor-column elementor-col-25 elementor-top-column elementor-element elementor-element-0759570\" data-id=\"0759570\" data-element_type=\"column\" data-e-type=\"column\">\n\t\t\t<div class=\"elementor-widget-wrap elementor-element-populated\">\n\t\t\t\t\t\t<div class=\"elementor-element elementor-element-0c3a2b6 elementor-widget elementor-widget-image\" data-id=\"0c3a2b6\" data-element_type=\"widget\" data-e-type=\"widget\" data-widget_type=\"image.default\">\n\t\t\t\t<div class=\"elementor-widget-container\">\n\t\t\t\t\t\t\t\t\t\t\t\t\t\t\t\t<a href=\"https:\/\/clinicadeansiedad.com\/foro-debate\/\" target=\"_blank\" rel=\"nofollow\">\n\t\t\t\t\t\t\t<img decoding=\"async\" width=\"284\" height=\"285\" data-src=\"https:\/\/clinicadeansiedad.com\/wp-content\/uploads\/2022\/02\/4-Foro_j.png\" class=\"attachment-large size-large wp-image-57134 lazyload\" alt=\"\" data-srcset=\"https:\/\/clinicadeansiedad.com\/wp-content\/uploads\/2022\/02\/4-Foro_j.png 284w, https:\/\/clinicadeansiedad.com\/wp-content\/uploads\/2022\/02\/4-Foro_j-100x100.png 100w, https:\/\/clinicadeansiedad.com\/wp-content\/uploads\/2022\/02\/4-Foro_j-150x150.png 150w\" data-sizes=\"(max-width: 284px) 100vw, 284px\" src=\"data:image\/svg+xml;base64,PHN2ZyB3aWR0aD0iMSIgaGVpZ2h0PSIxIiB4bWxucz0iaHR0cDovL3d3dy53My5vcmcvMjAwMC9zdmciPjwvc3ZnPg==\" style=\"--smush-placeholder-width: 284px; --smush-placeholder-aspect-ratio: 284\/285;\" \/>\t\t\t\t\t\t\t\t<\/a>\n\t\t\t\t\t\t\t\t\t\t\t\t\t\t\t<\/div>\n\t\t\t\t<\/div>\n\t\t\t\t\t<\/div>\n\t\t<\/div>\n\t\t\t\t\t<\/div>\n\t\t<\/section>\n\t\t\t\t<section class=\"elementor-section elementor-top-section elementor-element elementor-element-ccce417 elementor-section-boxed elementor-section-height-default elementor-section-height-default\" data-id=\"ccce417\" data-element_type=\"section\" data-e-type=\"section\">\n\t\t\t\t\t\t<div class=\"elementor-container elementor-column-gap-default\">\n\t\t\t\t\t<div class=\"elementor-column elementor-col-25 elementor-top-column elementor-element elementor-element-36af5f0\" data-id=\"36af5f0\" data-element_type=\"column\" data-e-type=\"column\">\n\t\t\t<div class=\"elementor-widget-wrap elementor-element-populated\">\n\t\t\t\t\t\t<div class=\"elementor-element elementor-element-b5fb4e9 elementor-widget elementor-widget-image\" data-id=\"b5fb4e9\" data-element_type=\"widget\" data-e-type=\"widget\" data-widget_type=\"image.default\">\n\t\t\t\t<div class=\"elementor-widget-container\">\n\t\t\t\t\t\t\t\t\t\t\t\t\t\t\t\t<a href=\"https:\/\/clinicadeansiedad.com\/tarifas-y-pago-online\/\" target=\"_blank\" rel=\"nofollow\">\n\t\t\t\t\t\t\t<img decoding=\"async\" width=\"280\" height=\"279\" data-src=\"https:\/\/clinicadeansiedad.com\/wp-content\/uploads\/2022\/03\/5-Tarifes-Pagamanent-online.png\" class=\"attachment-large size-large wp-image-58798 lazyload\" alt=\"\" data-srcset=\"https:\/\/clinicadeansiedad.com\/wp-content\/uploads\/2022\/03\/5-Tarifes-Pagamanent-online.png 280w, https:\/\/clinicadeansiedad.com\/wp-content\/uploads\/2022\/03\/5-Tarifes-Pagamanent-online-100x100.png 100w, https:\/\/clinicadeansiedad.com\/wp-content\/uploads\/2022\/03\/5-Tarifes-Pagamanent-online-150x150.png 150w\" data-sizes=\"(max-width: 280px) 100vw, 280px\" src=\"data:image\/svg+xml;base64,PHN2ZyB3aWR0aD0iMSIgaGVpZ2h0PSIxIiB4bWxucz0iaHR0cDovL3d3dy53My5vcmcvMjAwMC9zdmciPjwvc3ZnPg==\" style=\"--smush-placeholder-width: 280px; --smush-placeholder-aspect-ratio: 280\/279;\" \/>\t\t\t\t\t\t\t\t<\/a>\n\t\t\t\t\t\t\t\t\t\t\t\t\t\t\t<\/div>\n\t\t\t\t<\/div>\n\t\t\t\t\t<\/div>\n\t\t<\/div>\n\t\t\t\t<div class=\"elementor-column elementor-col-25 elementor-top-column elementor-element elementor-element-789d3df\" data-id=\"789d3df\" data-element_type=\"column\" data-e-type=\"column\">\n\t\t\t<div class=\"elementor-widget-wrap elementor-element-populated\">\n\t\t\t\t\t\t<div class=\"elementor-element elementor-element-5a5b032 elementor-widget elementor-widget-image\" data-id=\"5a5b032\" data-element_type=\"widget\" data-e-type=\"widget\" data-widget_type=\"image.default\">\n\t\t\t\t<div class=\"elementor-widget-container\">\n\t\t\t\t\t\t\t\t\t\t\t\t\t\t\t\t<a href=\"https:\/\/anchor.fm\/clinicadeansiedad\" target=\"_blank\" rel=\"nofollow\">\n\t\t\t\t\t\t\t<img decoding=\"async\" width=\"280\" height=\"279\" data-src=\"https:\/\/clinicadeansiedad.com\/wp-content\/uploads\/2023\/09\/9-Podcast_s.png\" class=\"attachment-large size-large wp-image-64050 lazyload\" alt=\"\" data-srcset=\"https:\/\/clinicadeansiedad.com\/wp-content\/uploads\/2023\/09\/9-Podcast_s.png 280w, https:\/\/clinicadeansiedad.com\/wp-content\/uploads\/2023\/09\/9-Podcast_s-150x150.png 150w, https:\/\/clinicadeansiedad.com\/wp-content\/uploads\/2023\/09\/9-Podcast_s-100x100.png 100w\" data-sizes=\"(max-width: 280px) 100vw, 280px\" src=\"data:image\/svg+xml;base64,PHN2ZyB3aWR0aD0iMSIgaGVpZ2h0PSIxIiB4bWxucz0iaHR0cDovL3d3dy53My5vcmcvMjAwMC9zdmciPjwvc3ZnPg==\" style=\"--smush-placeholder-width: 280px; --smush-placeholder-aspect-ratio: 280\/279;\" \/>\t\t\t\t\t\t\t\t<\/a>\n\t\t\t\t\t\t\t\t\t\t\t\t\t\t\t<\/div>\n\t\t\t\t<\/div>\n\t\t\t\t\t<\/div>\n\t\t<\/div>\n\t\t\t\t<div class=\"elementor-column elementor-col-25 elementor-top-column elementor-element elementor-element-ceb7dfd\" data-id=\"ceb7dfd\" data-element_type=\"column\" data-e-type=\"column\">\n\t\t\t<div class=\"elementor-widget-wrap elementor-element-populated\">\n\t\t\t\t\t\t<div class=\"elementor-element elementor-element-108ce70 elementor-widget elementor-widget-image\" data-id=\"108ce70\" data-element_type=\"widget\" data-e-type=\"widget\" data-widget_type=\"image.default\">\n\t\t\t\t<div class=\"elementor-widget-container\">\n\t\t\t\t\t\t\t\t\t\t\t\t\t\t\t\t<a href=\"https:\/\/clinicadeansiedad.com\/destacados\/\" target=\"_blank\" rel=\"nofollow\">\n\t\t\t\t\t\t\t<img decoding=\"async\" width=\"280\" height=\"280\" data-src=\"https:\/\/clinicadeansiedad.com\/wp-content\/uploads\/2022\/03\/7-Destacats.png\" class=\"attachment-large size-large wp-image-58254 lazyload\" alt=\"\" data-srcset=\"https:\/\/clinicadeansiedad.com\/wp-content\/uploads\/2022\/03\/7-Destacats.png 280w, https:\/\/clinicadeansiedad.com\/wp-content\/uploads\/2022\/03\/7-Destacats-100x100.png 100w, https:\/\/clinicadeansiedad.com\/wp-content\/uploads\/2022\/03\/7-Destacats-150x150.png 150w\" data-sizes=\"(max-width: 280px) 100vw, 280px\" src=\"data:image\/svg+xml;base64,PHN2ZyB3aWR0aD0iMSIgaGVpZ2h0PSIxIiB4bWxucz0iaHR0cDovL3d3dy53My5vcmcvMjAwMC9zdmciPjwvc3ZnPg==\" style=\"--smush-placeholder-width: 280px; --smush-placeholder-aspect-ratio: 280\/280;\" \/>\t\t\t\t\t\t\t\t<\/a>\n\t\t\t\t\t\t\t\t\t\t\t\t\t\t\t<\/div>\n\t\t\t\t<\/div>\n\t\t\t\t\t<\/div>\n\t\t<\/div>\n\t\t\t\t<div class=\"elementor-column elementor-col-25 elementor-top-column elementor-element elementor-element-9883b88\" data-id=\"9883b88\" data-element_type=\"column\" data-e-type=\"column\">\n\t\t\t<div class=\"elementor-widget-wrap elementor-element-populated\">\n\t\t\t\t\t\t<div class=\"elementor-element elementor-element-2ee4db4 elementor-widget elementor-widget-image\" data-id=\"2ee4db4\" data-element_type=\"widget\" data-e-type=\"widget\" data-widget_type=\"image.default\">\n\t\t\t\t<div class=\"elementor-widget-container\">\n\t\t\t\t\t\t\t\t\t\t\t\t\t\t\t\t<a href=\"https:\/\/clinicadeansiedad.com\/contactar\/\" target=\"_blank\" rel=\"nofollow\">\n\t\t\t\t\t\t\t<img decoding=\"async\" width=\"280\" height=\"279\" data-src=\"https:\/\/clinicadeansiedad.com\/wp-content\/uploads\/2022\/03\/8-Demanar-cita.png\" class=\"attachment-large size-large wp-image-58256 lazyload\" alt=\"\" data-srcset=\"https:\/\/clinicadeansiedad.com\/wp-content\/uploads\/2022\/03\/8-Demanar-cita.png 280w, https:\/\/clinicadeansiedad.com\/wp-content\/uploads\/2022\/03\/8-Demanar-cita-100x100.png 100w, https:\/\/clinicadeansiedad.com\/wp-content\/uploads\/2022\/03\/8-Demanar-cita-150x150.png 150w\" data-sizes=\"(max-width: 280px) 100vw, 280px\" src=\"data:image\/svg+xml;base64,PHN2ZyB3aWR0aD0iMSIgaGVpZ2h0PSIxIiB4bWxucz0iaHR0cDovL3d3dy53My5vcmcvMjAwMC9zdmciPjwvc3ZnPg==\" style=\"--smush-placeholder-width: 280px; --smush-placeholder-aspect-ratio: 280\/279;\" \/>\t\t\t\t\t\t\t\t<\/a>\n\t\t\t\t\t\t\t\t\t\t\t\t\t\t\t<\/div>\n\t\t\t\t<\/div>\n\t\t\t\t\t<\/div>\n\t\t<\/div>\n\t\t\t\t\t<\/div>\n\t\t<\/section>\n\t\t\t\t<section class=\"elementor-section elementor-top-section elementor-element elementor-element-06c19f2 elementor-section-boxed elementor-section-height-default elementor-section-height-default\" data-id=\"06c19f2\" data-element_type=\"section\" data-e-type=\"section\">\n\t\t\t\t\t\t<div class=\"elementor-container elementor-column-gap-default\">\n\t\t\t\t\t<div class=\"elementor-column elementor-col-100 elementor-top-column elementor-element elementor-element-2720633\" data-id=\"2720633\" data-element_type=\"column\" data-e-type=\"column\">\n\t\t\t<div class=\"elementor-widget-wrap elementor-element-populated\">\n\t\t\t\t\t\t<div class=\"elementor-element elementor-element-10f7366 elementor-widget elementor-widget-text-editor\" data-id=\"10f7366\" data-element_type=\"widget\" data-e-type=\"widget\" data-widget_type=\"text-editor.default\">\n\t\t\t\t<div class=\"elementor-widget-container\">\n\t\t\t\t\t\t\t\t\t<p>Tractament de l&#8217;ansietat a\u00a0<span style=\"color: #2025d8;\"><a href=\"https:\/\/clinicadeansiedad.com\/ca\/soluciones-y-recursos\/buscar-ayuda\/tratamiento-de-la-ansiedad-en-barcelona-psicologos-y-psiquiatras\/\">Barcelona<\/a>, <a href=\"https:\/\/clinicadeansiedad.com\/ca\/soluciones-y-recursos\/buscar-ayuda\/tratamiento-de-la-ansiedad-en-madrid-psicologos-y-psiquiatras\/\">Madrid<\/a>\u00a0i\u00a0<a href=\"https:\/\/clinicadeansiedad.com\/ca\/tarifes-i-pagament-online\/\">Online<\/a><br \/><\/span>Cl\u00ednica de l&#8217;Ansietat, des del 1995. Psic\u00f2legs i Psiquiatres.<\/p><p><span style=\"color: #0000ff;\">Tractar l&#8217;ansietat \u00a1Es el nostre!<\/span><\/p>\t\t\t\t\t\t\t\t<\/div>\n\t\t\t\t<\/div>\n\t\t\t\t<div class=\"elementor-element elementor-element-f564daa elementor-widget elementor-widget-text-editor\" data-id=\"f564daa\" data-element_type=\"widget\" data-e-type=\"widget\" data-widget_type=\"text-editor.default\">\n\t\t\t\t<div class=\"elementor-widget-container\">\n\t\t\t\t\t\t\t\t\t<p>La informaci\u00f3 continguda en aquesta web no substitueix el judici cl\u00ednic professional, ni la relaci\u00f3 del professional de la salut i el seu pacient. \u00daltima actulitzaci\u00f3: 18-12-2025.<\/p>\t\t\t\t\t\t\t\t<\/div>\n\t\t\t\t<\/div>\n\t\t\t\t\t<\/div>\n\t\t<\/div>\n\t\t\t\t\t<\/div>\n\t\t<\/section>\n\t\t\t\t<\/div>\n\t\t","protected":false},"excerpt":{"rendered":"<p>Tractament de l&#8217;ansietat a\u00a0Barcelona, Madrid\u00a0i\u00a0OnlineCl\u00ednica de l&#8217;Ansietat, des del 1995. Psic\u00f2legs i Psiquiatres. Tractar l&#8217;ansietat \u00a1Es el nostre! La informaci\u00f3 continguda en aquesta web no substitueix el judici cl\u00ednic professional, ni la relaci\u00f3 del professional de la salut i el seu pacient. \u00daltima actulitzaci\u00f3: 18-12-2025.<\/p>\n","protected":false},"author":32070,"featured_media":0,"parent":0,"menu_order":105,"comment_status":"closed","ping_status":"closed","template":"elementor_header_footer","meta":{"_bbp_topic_count":0,"_bbp_reply_count":0,"_bbp_total_topic_count":0,"_bbp_total_reply_count":0,"_bbp_voice_count":0,"_bbp_anonymous_reply_count":0,"_bbp_topic_count_hidden":0,"_bbp_reply_count_hidden":0,"_bbp_forum_subforum_count":0,"_joinchat":[],"footnotes":""},"class_list":["post-55757","page","type-page","status-publish","hentry"],"yoast_head":"<!-- This site is optimized with the Yoast SEO plugin v27.5 - https:\/\/yoast.com\/product\/yoast-seo-wordpress\/ -->\n<title>Cl\u00ednica de l\u2019Ansietat, des del 1995<\/title>\n<meta name=\"robots\" content=\"index, follow, max-snippet:-1, max-image-preview:large, max-video-preview:-1\" \/>\n<link rel=\"canonical\" href=\"https:\/\/clinicadeansiedad.com\/ca\/\" \/>\n<meta property=\"og:locale\" content=\"ca_ES\" \/>\n<meta property=\"og:type\" content=\"article\" \/>\n<meta property=\"og:title\" content=\"Cl\u00ednica de l\u2019Ansietat, des del 1995\" \/>\n<meta property=\"og:description\" content=\"Tractament de l&#8217;ansietat a\u00a0Barcelona, Madrid\u00a0i\u00a0OnlineCl\u00ednica de l&#8217;Ansietat, des del 1995. Psic\u00f2legs i Psiquiatres. Tractar l&#8217;ansietat \u00a1Es el nostre! La informaci\u00f3 continguda en aquesta web no substitueix el judici cl\u00ednic professional, ni la relaci\u00f3 del professional de la salut i el seu pacient. \u00daltima actulitzaci\u00f3: 18-12-2025.\" \/>\n<meta property=\"og:url\" content=\"https:\/\/clinicadeansiedad.com\/ca\/\" \/>\n<meta property=\"og:site_name\" content=\"Cl\u00ednica de la Ansiedad\" \/>\n<meta property=\"article:modified_time\" content=\"2025-09-18T22:31:00+00:00\" \/>\n<meta property=\"og:image\" content=\"https:\/\/clinicadeansiedad.com\/wp-content\/uploads\/2022\/03\/1-Tractaments.png\" \/>\n\t<meta property=\"og:image:width\" content=\"280\" \/>\n\t<meta property=\"og:image:height\" content=\"279\" \/>\n\t<meta property=\"og:image:type\" content=\"image\/png\" \/>\n<meta name=\"twitter:card\" content=\"summary_large_image\" \/>\n<meta name=\"twitter:label1\" content=\"Temps estimat de lectura\" \/>\n\t<meta name=\"twitter:data1\" content=\"2 minuts\" \/>\n<script type=\"application\/ld+json\" class=\"yoast-schema-graph\">{\"@context\":\"https:\\\/\\\/schema.org\",\"@graph\":[{\"@type\":\"WebPage\",\"@id\":\"https:\\\/\\\/clinicadeansiedad.com\\\/ca\\\/\",\"url\":\"https:\\\/\\\/clinicadeansiedad.com\\\/ca\\\/\",\"name\":\"Cl\u00ednica de l\u2019Ansietat, des del 1995\",\"isPartOf\":{\"@id\":\"https:\\\/\\\/clinicadeansiedad.com\\\/ca\\\/#website\"},\"primaryImageOfPage\":{\"@id\":\"https:\\\/\\\/clinicadeansiedad.com\\\/ca\\\/#primaryimage\"},\"image\":{\"@id\":\"https:\\\/\\\/clinicadeansiedad.com\\\/ca\\\/#primaryimage\"},\"thumbnailUrl\":\"https:\\\/\\\/clinicadeansiedad.com\\\/wp-content\\\/uploads\\\/2022\\\/03\\\/1-Tractaments.png\",\"datePublished\":\"2022-01-20T16:01:31+00:00\",\"dateModified\":\"2025-09-18T22:31:00+00:00\",\"breadcrumb\":{\"@id\":\"https:\\\/\\\/clinicadeansiedad.com\\\/ca\\\/#breadcrumb\"},\"inLanguage\":\"ca\",\"potentialAction\":[{\"@type\":\"ReadAction\",\"target\":[\"https:\\\/\\\/clinicadeansiedad.com\\\/ca\\\/\"]}]},{\"@type\":\"ImageObject\",\"inLanguage\":\"ca\",\"@id\":\"https:\\\/\\\/clinicadeansiedad.com\\\/ca\\\/#primaryimage\",\"url\":\"https:\\\/\\\/clinicadeansiedad.com\\\/wp-content\\\/uploads\\\/2022\\\/03\\\/1-Tractaments.png\",\"contentUrl\":\"https:\\\/\\\/clinicadeansiedad.com\\\/wp-content\\\/uploads\\\/2022\\\/03\\\/1-Tractaments.png\"},{\"@type\":\"BreadcrumbList\",\"@id\":\"https:\\\/\\\/clinicadeansiedad.com\\\/ca\\\/#breadcrumb\",\"itemListElement\":[{\"@type\":\"ListItem\",\"position\":1,\"name\":\"Portada\",\"item\":\"https:\\\/\\\/clinicadeansiedad.com\\\/ca\\\/\"},{\"@type\":\"ListItem\",\"position\":2,\"name\":\"Inicio\"}]},{\"@type\":\"WebSite\",\"@id\":\"https:\\\/\\\/clinicadeansiedad.com\\\/ca\\\/#website\",\"url\":\"https:\\\/\\\/clinicadeansiedad.com\\\/ca\\\/\",\"name\":\"Cl\u00ednica de la Ansiedad\",\"description\":\"\",\"publisher\":{\"@id\":\"https:\\\/\\\/clinicadeansiedad.com\\\/ca\\\/#organization\"},\"potentialAction\":[{\"@type\":\"SearchAction\",\"target\":{\"@type\":\"EntryPoint\",\"urlTemplate\":\"https:\\\/\\\/clinicadeansiedad.com\\\/ca\\\/?s={search_term_string}\"},\"query-input\":{\"@type\":\"PropertyValueSpecification\",\"valueRequired\":true,\"valueName\":\"search_term_string\"}}],\"inLanguage\":\"ca\"},{\"@type\":\"Organization\",\"@id\":\"https:\\\/\\\/clinicadeansiedad.com\\\/ca\\\/#organization\",\"name\":\"Cl\u00ednica de la Ansiedad\",\"url\":\"https:\\\/\\\/clinicadeansiedad.com\\\/ca\\\/\",\"logo\":{\"@type\":\"ImageObject\",\"inLanguage\":\"ca\",\"@id\":\"https:\\\/\\\/clinicadeansiedad.com\\\/ca\\\/#\\\/schema\\\/logo\\\/image\\\/\",\"url\":\"https:\\\/\\\/clinicadeansiedad.com\\\/wp-content\\\/uploads\\\/2020\\\/12\\\/cropped-logo_app-1-scaled-1.jpg\",\"contentUrl\":\"https:\\\/\\\/clinicadeansiedad.com\\\/wp-content\\\/uploads\\\/2020\\\/12\\\/cropped-logo_app-1-scaled-1.jpg\",\"width\":2555,\"height\":1923,\"caption\":\"Cl\u00ednica de la Ansiedad\"},\"image\":{\"@id\":\"https:\\\/\\\/clinicadeansiedad.com\\\/ca\\\/#\\\/schema\\\/logo\\\/image\\\/\"}}]}<\/script>\n<!-- \/ Yoast SEO plugin. -->","yoast_head_json":{"title":"Cl\u00ednica de l\u2019Ansietat, des del 1995","robots":{"index":"index","follow":"follow","max-snippet":"max-snippet:-1","max-image-preview":"max-image-preview:large","max-video-preview":"max-video-preview:-1"},"canonical":"https:\/\/clinicadeansiedad.com\/ca\/","og_locale":"ca_ES","og_type":"article","og_title":"Cl\u00ednica de l\u2019Ansietat, des del 1995","og_description":"Tractament de l&#8217;ansietat a\u00a0Barcelona, Madrid\u00a0i\u00a0OnlineCl\u00ednica de l&#8217;Ansietat, des del 1995. Psic\u00f2legs i Psiquiatres. Tractar l&#8217;ansietat \u00a1Es el nostre! La informaci\u00f3 continguda en aquesta web no substitueix el judici cl\u00ednic professional, ni la relaci\u00f3 del professional de la salut i el seu pacient. \u00daltima actulitzaci\u00f3: 18-12-2025.","og_url":"https:\/\/clinicadeansiedad.com\/ca\/","og_site_name":"Cl\u00ednica de la Ansiedad","article_modified_time":"2025-09-18T22:31:00+00:00","og_image":[{"width":280,"height":279,"url":"https:\/\/clinicadeansiedad.com\/wp-content\/uploads\/2022\/03\/1-Tractaments.png","type":"image\/png"}],"twitter_card":"summary_large_image","twitter_misc":{"Temps estimat de lectura":"2 minuts"},"schema":{"@context":"https:\/\/schema.org","@graph":[{"@type":"WebPage","@id":"https:\/\/clinicadeansiedad.com\/ca\/","url":"https:\/\/clinicadeansiedad.com\/ca\/","name":"Cl\u00ednica de l\u2019Ansietat, des del 1995","isPartOf":{"@id":"https:\/\/clinicadeansiedad.com\/ca\/#website"},"primaryImageOfPage":{"@id":"https:\/\/clinicadeansiedad.com\/ca\/#primaryimage"},"image":{"@id":"https:\/\/clinicadeansiedad.com\/ca\/#primaryimage"},"thumbnailUrl":"https:\/\/clinicadeansiedad.com\/wp-content\/uploads\/2022\/03\/1-Tractaments.png","datePublished":"2022-01-20T16:01:31+00:00","dateModified":"2025-09-18T22:31:00+00:00","breadcrumb":{"@id":"https:\/\/clinicadeansiedad.com\/ca\/#breadcrumb"},"inLanguage":"ca","potentialAction":[{"@type":"ReadAction","target":["https:\/\/clinicadeansiedad.com\/ca\/"]}]},{"@type":"ImageObject","inLanguage":"ca","@id":"https:\/\/clinicadeansiedad.com\/ca\/#primaryimage","url":"https:\/\/clinicadeansiedad.com\/wp-content\/uploads\/2022\/03\/1-Tractaments.png","contentUrl":"https:\/\/clinicadeansiedad.com\/wp-content\/uploads\/2022\/03\/1-Tractaments.png"},{"@type":"BreadcrumbList","@id":"https:\/\/clinicadeansiedad.com\/ca\/#breadcrumb","itemListElement":[{"@type":"ListItem","position":1,"name":"Portada","item":"https:\/\/clinicadeansiedad.com\/ca\/"},{"@type":"ListItem","position":2,"name":"Inicio"}]},{"@type":"WebSite","@id":"https:\/\/clinicadeansiedad.com\/ca\/#website","url":"https:\/\/clinicadeansiedad.com\/ca\/","name":"Cl\u00ednica de la Ansiedad","description":"","publisher":{"@id":"https:\/\/clinicadeansiedad.com\/ca\/#organization"},"potentialAction":[{"@type":"SearchAction","target":{"@type":"EntryPoint","urlTemplate":"https:\/\/clinicadeansiedad.com\/ca\/?s={search_term_string}"},"query-input":{"@type":"PropertyValueSpecification","valueRequired":true,"valueName":"search_term_string"}}],"inLanguage":"ca"},{"@type":"Organization","@id":"https:\/\/clinicadeansiedad.com\/ca\/#organization","name":"Cl\u00ednica de la Ansiedad","url":"https:\/\/clinicadeansiedad.com\/ca\/","logo":{"@type":"ImageObject","inLanguage":"ca","@id":"https:\/\/clinicadeansiedad.com\/ca\/#\/schema\/logo\/image\/","url":"https:\/\/clinicadeansiedad.com\/wp-content\/uploads\/2020\/12\/cropped-logo_app-1-scaled-1.jpg","contentUrl":"https:\/\/clinicadeansiedad.com\/wp-content\/uploads\/2020\/12\/cropped-logo_app-1-scaled-1.jpg","width":2555,"height":1923,"caption":"Cl\u00ednica de la Ansiedad"},"image":{"@id":"https:\/\/clinicadeansiedad.com\/ca\/#\/schema\/logo\/image\/"}}]}},"_links":{"self":[{"href":"https:\/\/clinicadeansiedad.com\/ca\/wp-json\/wp\/v2\/pages\/55757","targetHints":{"allow":["GET"]}}],"collection":[{"href":"https:\/\/clinicadeansiedad.com\/ca\/wp-json\/wp\/v2\/pages"}],"about":[{"href":"https:\/\/clinicadeansiedad.com\/ca\/wp-json\/wp\/v2\/types\/page"}],"author":[{"embeddable":true,"href":"https:\/\/clinicadeansiedad.com\/ca\/wp-json\/wp\/v2\/users\/32070"}],"replies":[{"embeddable":true,"href":"https:\/\/clinicadeansiedad.com\/ca\/wp-json\/wp\/v2\/comments?post=55757"}],"version-history":[{"count":75,"href":"https:\/\/clinicadeansiedad.com\/ca\/wp-json\/wp\/v2\/pages\/55757\/revisions"}],"predecessor-version":[{"id":68474,"href":"https:\/\/clinicadeansiedad.com\/ca\/wp-json\/wp\/v2\/pages\/55757\/revisions\/68474"}],"wp:attachment":[{"href":"https:\/\/clinicadeansiedad.com\/ca\/wp-json\/wp\/v2\/media?parent=55757"}],"curies":[{"name":"wp","href":"https:\/\/api.w.org\/{rel}","templated":true}]}}